{"id":23064,"date":"2025-09-30T18:43:36","date_gmt":"2025-09-30T18:43:36","guid":{"rendered":"https:\/\/www.rentaplazacarso.com\/3-dormitorios-cobertos-e-com-ar-condicionado\/"},"modified":"2026-01-20T16:59:44","modified_gmt":"2026-01-20T16:59:44","slug":"3-dormitorios-cobertos-e-com-ar-condicionado","status":"publish","type":"product","link":"https:\/\/www.rentaplazacarso.com\/pt-br\/product\/3-dormitorios-cobertos-e-com-ar-condicionado\/","title":{"rendered":"3 QUARTOS MOBILIADOS E COM AR-CONDICIONADO"},"content":{"rendered":"<p>APARTAMENTO DE 171 M2: 3 QUARTOS, CADA UM COM BANHEIRO COMPLETO E CLOSET. TOTALMENTE MOBILIADO E EQUIPADO, MUITO BONITO.  QUARTO DA EMPREGADA. \u00c1REA DE LAVANDERIA. LINDA COZINHA AMERICANA. SALA DE ESTAR E JANTAR ESPA\u00c7OSA. BELAS VISTAS DO SOUMAYA. MUITO LEVE. AS ENORMES JANELAS EM TODOS OS C\u00d4MODOS PROPORCIONAM MUITA LUZ. ACABAMENTOS DE ALTA QUALIDADE.     AR CONDICIONADO. 2 VAGAS DE ESTACIONAMENTO. CONJUNTO COMPLETO DE COMODIDADES. VIGIL\u00c2NCIA 24 HORAS. TORRE MUITO BEM LOCALIZADA, COM TODOS OS SERVI\u00c7OS AO REDOR. ALUGADO SOMENTE PARA ALUGUEL DE LONGO PRAZO. MANUTEN\u00c7\u00c3O INCLU\u00cdDA NO ALUGUEL.      <\/p>\n","protected":false},"excerpt":{"rendered":"<p>APARTAMENTO DE 171 M2: 3 QUARTOS, CADA UM COM BANHEIRO COMPLETO E CLOSET. TOTALMENTE MOBILIADO E EQUIPADO, MUITO BONITO. QUARTO DA EMPREGADA. \u00c1REA DE LAVANDERIA. LINDA COZINHA AMERICANA. SALA DE ESTAR E JANTAR ESPA\u00c7OSA. BELAS VISTAS DO SOUMAYA. MUITO LEVE. AS ENORMES JANELAS EM TODOS OS C\u00d4MODOS PROPORCIONAM MUITA LUZ. ACABAMENTOS DE ALTA QUALIDADE. AR [&hellip;]<\/p>\n","protected":false},"featured_media":23053,"comment_status":"open","ping_status":"closed","template":"","meta":{"_joinchat":[]},"product_brand":[],"product_cat":[378,393,377],"product_tag":[668],"class_list":{"0":"post-23064","1":"product","2":"type-product","3":"status-publish","4":"has-post-thumbnail","6":"product_cat-aluguel","7":"product_cat-botticelli-pt-br","8":"product_cat-departamentos","9":"product_tag-aluguel","10":"pa_recamara-26","12":"first","13":"instock","14":"shipping-taxable","15":"purchasable","16":"product-type-simple"},"_links":{"self":[{"href":"https:\/\/www.rentaplazacarso.com\/pt-br\/wp-json\/wp\/v2\/product\/23064","targetHints":{"allow":["GET"]}}],"collection":[{"href":"https:\/\/www.rentaplazacarso.com\/pt-br\/wp-json\/wp\/v2\/product"}],"about":[{"href":"https:\/\/www.rentaplazacarso.com\/pt-br\/wp-json\/wp\/v2\/types\/product"}],"replies":[{"embeddable":true,"href":"https:\/\/www.rentaplazacarso.com\/pt-br\/wp-json\/wp\/v2\/comments?post=23064"}],"wp:featuredmedia":[{"embeddable":true,"href":"https:\/\/www.rentaplazacarso.com\/pt-br\/wp-json\/wp\/v2\/media\/23053"}],"wp:attachment":[{"href":"https:\/\/www.rentaplazacarso.com\/pt-br\/wp-json\/wp\/v2\/media?parent=23064"}],"wp:term":[{"taxonomy":"product_brand","embeddable":true,"href":"https:\/\/www.rentaplazacarso.com\/pt-br\/wp-json\/wp\/v2\/product_brand?post=23064"},{"taxonomy":"product_cat","embeddable":true,"href":"https:\/\/www.rentaplazacarso.com\/pt-br\/wp-json\/wp\/v2\/product_cat?post=23064"},{"taxonomy":"product_tag","embeddable":true,"href":"https:\/\/www.rentaplazacarso.com\/pt-br\/wp-json\/wp\/v2\/product_tag?post=23064"}],"curies":[{"name":"wp","href":"https:\/\/api.w.org\/{rel}","templated":true}]}}