{"id":22804,"date":"2025-09-26T18:41:05","date_gmt":"2025-09-26T18:41:05","guid":{"rendered":"https:\/\/www.rentaplazacarso.com\/bom-quarto-mobiliado\/"},"modified":"2026-01-20T17:00:48","modified_gmt":"2026-01-20T17:00:48","slug":"bom-quarto-mobiliado","status":"publish","type":"product","link":"https:\/\/www.rentaplazacarso.com\/pt-br\/product\/bom-quarto-mobiliado\/","title":{"rendered":"BOM QUARTO MOBILIADO"},"content":{"rendered":"<p>LINDO APARTAMENTO DE 1 QUARTO. ACABAMENTOS DE ALTA QUALIDADE. TOTALMENTE MOBILIADO E EQUIPADO. 65 M2. 1 QUARTO MUITO ESPA\u00c7OSO COM BANHEIRO COMPLETO E AMPLO CLOSET. BANHEIRO PARA H\u00d3SPEDES. COZINHA ABERTA E AGRAD\u00c1VEL.     \u00c1REA DE LAVANDERIA. SALA DE ESTAR\/JANTAR ESPA\u00c7OSA. DISTRIBUI\u00c7\u00c3O PERFEITA.  MUITO LEVE. CONJUNTO COMPLETO DE COMODIDADES. VIGIL\u00c2NCIA 24 HORAS. TORRE MUITO BEM LOCALIZADA. MANUTEN\u00c7\u00c3O INCLU\u00cdDA NO ALUGUEL. ALUGADO SOMENTE PARA ALUGUEL DE LONGO PRAZO.    <\/p>\n","protected":false},"excerpt":{"rendered":"<p>LINDO APARTAMENTO DE 1 QUARTO. ACABAMENTOS DE ALTA QUALIDADE. TOTALMENTE MOBILIADO E EQUIPADO. 65 M2. 1 QUARTO MUITO ESPA\u00c7OSO COM BANHEIRO COMPLETO E AMPLO CLOSET. BANHEIRO PARA H\u00d3SPEDES. COZINHA ABERTA E AGRAD\u00c1VEL. \u00c1REA DE LAVANDERIA. SALA DE ESTAR\/JANTAR ESPA\u00c7OSA. DISTRIBUI\u00c7\u00c3O PERFEITA. MUITO LEVE. CONJUNTO COMPLETO DE COMODIDADES. VIGIL\u00c2NCIA 24 HORAS. TORRE MUITO BEM LOCALIZADA. MANUTEN\u00c7\u00c3O [&hellip;]<\/p>\n","protected":false},"featured_media":22800,"comment_status":"open","ping_status":"closed","template":"","meta":{"_joinchat":[]},"product_brand":[],"product_cat":[378,393,377],"product_tag":[668],"class_list":{"0":"post-22804","1":"product","2":"type-product","3":"status-publish","4":"has-post-thumbnail","6":"product_cat-aluguel","7":"product_cat-botticelli-pt-br","8":"product_cat-departamentos","9":"product_tag-aluguel","10":"pa_recamara-24","12":"first","13":"instock","14":"shipping-taxable","15":"purchasable","16":"product-type-simple"},"_links":{"self":[{"href":"https:\/\/www.rentaplazacarso.com\/pt-br\/wp-json\/wp\/v2\/product\/22804","targetHints":{"allow":["GET"]}}],"collection":[{"href":"https:\/\/www.rentaplazacarso.com\/pt-br\/wp-json\/wp\/v2\/product"}],"about":[{"href":"https:\/\/www.rentaplazacarso.com\/pt-br\/wp-json\/wp\/v2\/types\/product"}],"replies":[{"embeddable":true,"href":"https:\/\/www.rentaplazacarso.com\/pt-br\/wp-json\/wp\/v2\/comments?post=22804"}],"wp:featuredmedia":[{"embeddable":true,"href":"https:\/\/www.rentaplazacarso.com\/pt-br\/wp-json\/wp\/v2\/media\/22800"}],"wp:attachment":[{"href":"https:\/\/www.rentaplazacarso.com\/pt-br\/wp-json\/wp\/v2\/media?parent=22804"}],"wp:term":[{"taxonomy":"product_brand","embeddable":true,"href":"https:\/\/www.rentaplazacarso.com\/pt-br\/wp-json\/wp\/v2\/product_brand?post=22804"},{"taxonomy":"product_cat","embeddable":true,"href":"https:\/\/www.rentaplazacarso.com\/pt-br\/wp-json\/wp\/v2\/product_cat?post=22804"},{"taxonomy":"product_tag","embeddable":true,"href":"https:\/\/www.rentaplazacarso.com\/pt-br\/wp-json\/wp\/v2\/product_tag?post=22804"}],"curies":[{"name":"wp","href":"https:\/\/api.w.org\/{rel}","templated":true}]}}