{"id":22664,"date":"2025-09-26T15:25:48","date_gmt":"2025-09-26T15:25:48","guid":{"rendered":"https:\/\/www.rentaplazacarso.com\/unidade-de-canto-mobiliada-com-3-quartos\/"},"modified":"2026-01-20T17:02:44","modified_gmt":"2026-01-20T17:02:44","slug":"unidade-de-canto-mobiliada-com-3-quartos","status":"publish","type":"product","link":"https:\/\/www.rentaplazacarso.com\/pt-br\/product\/unidade-de-canto-mobiliada-com-3-quartos\/","title":{"rendered":"UNIDADE DE CANTO MOBILIADA COM 3 QUARTOS"},"content":{"rendered":"<p>APARTAMENTO DE ESQUINA DE 140 M2. TOTALMENTE MOBILIADO E EQUIPADO. 3 QUARTOS. QUARTO PRINCIPAL COM BANHEIRO COMPLETO E CLOSET.    AMPLA COZINHA EM PLANO ABERTO. \u00c1REA DE LAVANDERIA. JANELAS GRANDES QUE PROPORCIONAM MUITA LUZ. BELAS VISTAS. PISO DE MADEIRA. ACABAMENTOS DE ALTA QUALIDADE. QUARTOS MUITO ESPA\u00c7OSOS. 2 VAGAS DE ESTACIONAMENTO. CONJUNTO COMPLETO DE COMODIDADES. VIGIL\u00c2NCIA 24 HORAS. ESTACIONAMENTO PARA VISITANTES. TORRE MUITO BEM LOCALIZADA, EM FRENTE AO MERCADO MUNICIPAL. MANUTEN\u00c7\u00c3O INCLU\u00cdDA NO ALUGUEL. SOMENTE ALUGADO POR LONGOS PER\u00cdODOS DE PERMAN\u00caNCIA.  <\/p>\n","protected":false},"excerpt":{"rendered":"<p>APARTAMENTO DE ESQUINA DE 140 M2. TOTALMENTE MOBILIADO E EQUIPADO. 3 QUARTOS. QUARTO PRINCIPAL COM BANHEIRO COMPLETO E CLOSET. AMPLA COZINHA EM PLANO ABERTO. \u00c1REA DE LAVANDERIA. JANELAS GRANDES QUE PROPORCIONAM MUITA LUZ. BELAS VISTAS. PISO DE MADEIRA. ACABAMENTOS DE ALTA QUALIDADE. QUARTOS MUITO ESPA\u00c7OSOS. 2 VAGAS DE ESTACIONAMENTO. CONJUNTO COMPLETO DE COMODIDADES. VIGIL\u00c2NCIA 24 [&hellip;]<\/p>\n","protected":false},"featured_media":22653,"comment_status":"open","ping_status":"closed","template":"","meta":{"_joinchat":[]},"product_brand":[],"product_cat":[378,725,377],"product_tag":[668],"class_list":{"0":"post-22664","1":"product","2":"type-product","3":"status-publish","4":"has-post-thumbnail","6":"product_cat-aluguel","7":"product_cat-cezanne-pt-br","8":"product_cat-departamentos","9":"product_tag-aluguel","10":"pa_recamara-26","12":"first","13":"instock","14":"shipping-taxable","15":"purchasable","16":"product-type-simple"},"_links":{"self":[{"href":"https:\/\/www.rentaplazacarso.com\/pt-br\/wp-json\/wp\/v2\/product\/22664","targetHints":{"allow":["GET"]}}],"collection":[{"href":"https:\/\/www.rentaplazacarso.com\/pt-br\/wp-json\/wp\/v2\/product"}],"about":[{"href":"https:\/\/www.rentaplazacarso.com\/pt-br\/wp-json\/wp\/v2\/types\/product"}],"replies":[{"embeddable":true,"href":"https:\/\/www.rentaplazacarso.com\/pt-br\/wp-json\/wp\/v2\/comments?post=22664"}],"wp:featuredmedia":[{"embeddable":true,"href":"https:\/\/www.rentaplazacarso.com\/pt-br\/wp-json\/wp\/v2\/media\/22653"}],"wp:attachment":[{"href":"https:\/\/www.rentaplazacarso.com\/pt-br\/wp-json\/wp\/v2\/media?parent=22664"}],"wp:term":[{"taxonomy":"product_brand","embeddable":true,"href":"https:\/\/www.rentaplazacarso.com\/pt-br\/wp-json\/wp\/v2\/product_brand?post=22664"},{"taxonomy":"product_cat","embeddable":true,"href":"https:\/\/www.rentaplazacarso.com\/pt-br\/wp-json\/wp\/v2\/product_cat?post=22664"},{"taxonomy":"product_tag","embeddable":true,"href":"https:\/\/www.rentaplazacarso.com\/pt-br\/wp-json\/wp\/v2\/product_tag?post=22664"}],"curies":[{"name":"wp","href":"https:\/\/api.w.org\/{rel}","templated":true}]}}