{"id":22444,"date":"2025-09-24T19:42:42","date_gmt":"2025-09-24T19:42:42","guid":{"rendered":"https:\/\/www.rentaplazacarso.com\/3-quartos-mobiliados-com-vistas-espetaculares\/"},"modified":"2025-09-24T19:47:40","modified_gmt":"2025-09-24T19:47:40","slug":"3-quartos-mobiliados-com-vistas-espetaculares","status":"publish","type":"product","link":"https:\/\/www.rentaplazacarso.com\/pt-br\/product\/3-quartos-mobiliados-com-vistas-espetaculares\/","title":{"rendered":"3 QUARTOS MOBILIADOS COM VISTAS ESPETACULARES"},"content":{"rendered":"<p>APARTAMENTO TOTALMENTE MOBILIADO E EQUIPADO. 225 M2. 3 QUARTOS, CADA UM COM BANHEIRO COMPLETO. COZINHA ABERTA E AGRAD\u00c1VEL COM DESPENSA.    \u00c1REA DE LAVANDERIA. QUARTO DA EMPREGADA. SALA DE ESTAR E SALA DE JANTAR ESPA\u00c7OSAS. VISTAS ESPETACULARES EM TODOS OS C\u00d4MODOS. ESPA\u00c7OS MUITO AMPLOS. TETOS DE 3 METROS QUE LHE D\u00c3O MUITA LUZ E AMPLITUDE. JANELAS ENORMES EM TODOS OS C\u00d4MODOS. VISTAS ESPETACULARES.       PISO DE MADEIRA. AR CONDICIONADO NA SALA DE ESTAR\/JANTAR. ACABAMENTOS DE ALTA QUALIDADE. 3 VAGAS DE ESTACIONAMENTO. ACESSO DIRETO AO SHOPPING CENTER. CONJUNTO COMPLETO DE COMODIDADES. VIGIL\u00c2NCIA 24 HORAS. TORRE MUITO BEM LOCALIZADA, COM TODOS OS SERVI\u00c7OS AO REDOR. MANUTEN\u00c7\u00c3O INCLU\u00cdDA NO ALUGUEL. SOMENTE PARA ALUGU\u00c9IS DE LONGA DURA\u00c7\u00c3O.  POSSIBILIDADE DE ALUGAR SEM MOB\u00cdLIA.<\/p>\n","protected":false},"excerpt":{"rendered":"<p>APARTAMENTO TOTALMENTE MOBILIADO E EQUIPADO. 225 M2. 3 QUARTOS, CADA UM COM BANHEIRO COMPLETO. COZINHA ABERTA E AGRAD\u00c1VEL COM DESPENSA. \u00c1REA DE LAVANDERIA. QUARTO DA EMPREGADA. SALA DE ESTAR E SALA DE JANTAR ESPA\u00c7OSAS. VISTAS ESPETACULARES EM TODOS OS C\u00d4MODOS. ESPA\u00c7OS MUITO AMPLOS. TETOS DE 3 METROS QUE LHE D\u00c3O MUITA LUZ E AMPLITUDE. JANELAS [&hellip;]<\/p>\n","protected":false},"featured_media":22440,"comment_status":"open","ping_status":"closed","template":"","meta":{"_joinchat":[]},"product_brand":[],"product_cat":[378,377,695],"product_tag":[668],"class_list":{"0":"post-22444","1":"product","2":"type-product","3":"status-publish","4":"has-post-thumbnail","6":"product_cat-aluguel","7":"product_cat-departamentos","8":"product_cat-monet-pt-br","9":"product_tag-aluguel","10":"pa_recamara-26","12":"first","13":"instock","14":"shipping-taxable","15":"purchasable","16":"product-type-simple"},"_links":{"self":[{"href":"https:\/\/www.rentaplazacarso.com\/pt-br\/wp-json\/wp\/v2\/product\/22444","targetHints":{"allow":["GET"]}}],"collection":[{"href":"https:\/\/www.rentaplazacarso.com\/pt-br\/wp-json\/wp\/v2\/product"}],"about":[{"href":"https:\/\/www.rentaplazacarso.com\/pt-br\/wp-json\/wp\/v2\/types\/product"}],"replies":[{"embeddable":true,"href":"https:\/\/www.rentaplazacarso.com\/pt-br\/wp-json\/wp\/v2\/comments?post=22444"}],"wp:featuredmedia":[{"embeddable":true,"href":"https:\/\/www.rentaplazacarso.com\/pt-br\/wp-json\/wp\/v2\/media\/22440"}],"wp:attachment":[{"href":"https:\/\/www.rentaplazacarso.com\/pt-br\/wp-json\/wp\/v2\/media?parent=22444"}],"wp:term":[{"taxonomy":"product_brand","embeddable":true,"href":"https:\/\/www.rentaplazacarso.com\/pt-br\/wp-json\/wp\/v2\/product_brand?post=22444"},{"taxonomy":"product_cat","embeddable":true,"href":"https:\/\/www.rentaplazacarso.com\/pt-br\/wp-json\/wp\/v2\/product_cat?post=22444"},{"taxonomy":"product_tag","embeddable":true,"href":"https:\/\/www.rentaplazacarso.com\/pt-br\/wp-json\/wp\/v2\/product_tag?post=22444"}],"curies":[{"name":"wp","href":"https:\/\/api.w.org\/{rel}","templated":true}]}}