{"id":22276,"date":"2025-09-24T19:26:51","date_gmt":"2025-09-24T19:26:51","guid":{"rendered":"https:\/\/www.rentaplazacarso.com\/apartamento-mobiliado-de-2-quartos-muito-bom-2\/"},"modified":"2025-09-24T19:26:51","modified_gmt":"2025-09-24T19:26:51","slug":"apartamento-mobiliado-de-2-quartos-muito-bom-2","status":"publish","type":"product","link":"https:\/\/www.rentaplazacarso.com\/pt-br\/product\/apartamento-mobiliado-de-2-quartos-muito-bom-2\/","title":{"rendered":"APARTAMENTO MOBILIADO DE 2 QUARTOS MUITO BOM"},"content":{"rendered":"<p>APARTAMENTO TOTALMENTE MOBILIADO E EQUIPADO. 110 M2. 2 QUARTOS, CADA UM COM BANHEIRO COMPLETO. QUARTO PRINCIPAL COM GUARDA-ROUPA GRANDE. C\u00d4MODOS MUITO ESPA\u00c7OSOS.     LINDA COZINHA AMERICANA. \u00c1REA DE LAVANDERIA. PISO DE LADRILHOS. TETOS DE 3 METROS QUE LHE CONFEREM MUITO ESPA\u00c7O E LUMINOSIDADE. BELA DECORA\u00c7\u00c3O. ACABAMENTOS DE ALTA QUALIDADE. 2 VAGAS DE ESTACIONAMENTO. CONJUNTO COMPLETO DE COMODIDADES. ESTACIONAMENTO PARA VISITANTES. VIGIL\u00c2NCIA 24 HORAS. ESTACIONAMENTO PARA VISITANTES. ACESSO DIRETO AO SHOPPING CENTER. MANUTEN\u00c7\u00c3O INCLU\u00cdDA NO ALUGUEL. SOMENTE PARA ALUGU\u00c9IS DE LONGA DURA\u00c7\u00c3O. <\/p>\n","protected":false},"excerpt":{"rendered":"<p>APARTAMENTO TOTALMENTE MOBILIADO E EQUIPADO. 110 M2. 2 QUARTOS, CADA UM COM BANHEIRO COMPLETO. QUARTO PRINCIPAL COM GUARDA-ROUPA GRANDE. C\u00d4MODOS MUITO ESPA\u00c7OSOS. LINDA COZINHA AMERICANA. \u00c1REA DE LAVANDERIA. PISO DE LADRILHOS. TETOS DE 3 METROS QUE LHE CONFEREM MUITO ESPA\u00c7O E LUMINOSIDADE. BELA DECORA\u00c7\u00c3O. ACABAMENTOS DE ALTA QUALIDADE. 2 VAGAS DE ESTACIONAMENTO. CONJUNTO COMPLETO DE [&hellip;]<\/p>\n","protected":false},"featured_media":22272,"comment_status":"open","ping_status":"closed","template":"","meta":{"_joinchat":[]},"product_brand":[],"product_cat":[378,667,377],"product_tag":[668],"class_list":{"0":"post-22276","1":"product","2":"type-product","3":"status-publish","4":"has-post-thumbnail","6":"product_cat-aluguel","7":"product_cat-dali-pt-br","8":"product_cat-departamentos","9":"product_tag-aluguel","10":"pa_recamara-25","12":"first","13":"instock","14":"shipping-taxable","15":"purchasable","16":"product-type-simple"},"_links":{"self":[{"href":"https:\/\/www.rentaplazacarso.com\/pt-br\/wp-json\/wp\/v2\/product\/22276","targetHints":{"allow":["GET"]}}],"collection":[{"href":"https:\/\/www.rentaplazacarso.com\/pt-br\/wp-json\/wp\/v2\/product"}],"about":[{"href":"https:\/\/www.rentaplazacarso.com\/pt-br\/wp-json\/wp\/v2\/types\/product"}],"replies":[{"embeddable":true,"href":"https:\/\/www.rentaplazacarso.com\/pt-br\/wp-json\/wp\/v2\/comments?post=22276"}],"wp:featuredmedia":[{"embeddable":true,"href":"https:\/\/www.rentaplazacarso.com\/pt-br\/wp-json\/wp\/v2\/media\/22272"}],"wp:attachment":[{"href":"https:\/\/www.rentaplazacarso.com\/pt-br\/wp-json\/wp\/v2\/media?parent=22276"}],"wp:term":[{"taxonomy":"product_brand","embeddable":true,"href":"https:\/\/www.rentaplazacarso.com\/pt-br\/wp-json\/wp\/v2\/product_brand?post=22276"},{"taxonomy":"product_cat","embeddable":true,"href":"https:\/\/www.rentaplazacarso.com\/pt-br\/wp-json\/wp\/v2\/product_cat?post=22276"},{"taxonomy":"product_tag","embeddable":true,"href":"https:\/\/www.rentaplazacarso.com\/pt-br\/wp-json\/wp\/v2\/product_tag?post=22276"}],"curies":[{"name":"wp","href":"https:\/\/api.w.org\/{rel}","templated":true}]}}