{"id":21715,"date":"2025-09-11T18:27:45","date_gmt":"2025-09-11T18:27:45","guid":{"rendered":"https:\/\/www.rentaplazacarso.com\/para-venda-1-quarto-nao-mobiliado\/"},"modified":"2025-10-02T16:14:30","modified_gmt":"2025-10-02T16:14:30","slug":"para-venda-1-quarto-nao-mobiliado","status":"publish","type":"product","link":"https:\/\/www.rentaplazacarso.com\/pt-br\/product\/para-venda-1-quarto-nao-mobiliado\/","title":{"rendered":"PARA VENDA: 1 QUARTO N\u00c3O MOBILIADO"},"content":{"rendered":"<p>LINDO APARTAMENTO PARA VENDA NA PLAZA CARSO. 65 M2: 1 QUARTO COM BANHEIRO COMPLETO E CLOSET.  \u00c1REA DE LAVANDERIA. COZINHA ABERTA E AGRAD\u00c1VEL. ESPA\u00c7OS AMPLOS. JANELAS ENORMES EM TODOS OS ESPA\u00c7OS. MUITO LUMINOSA. ACABAMENTOS DE ALTA QUALIDADE.      VISTAS ESPETACULARES. 1 VAGA DE GARAGEM. CONJUNTO COMPLETO DE COMODIDADES. LOCALIZA\u00c7\u00c3O IMBAT\u00cdVEL. VIGIL\u00c2NCIA 24 HORAS. ACESSO POR IMPRESS\u00c3O DIGITAL.     <\/p>\n","protected":false},"excerpt":{"rendered":"<p>LINDO APARTAMENTO PARA VENDA NA PLAZA CARSO. 65 M2: 1 QUARTO COM BANHEIRO COMPLETO E CLOSET. \u00c1REA DE LAVANDERIA. COZINHA ABERTA E AGRAD\u00c1VEL. ESPA\u00c7OS AMPLOS. JANELAS ENORMES EM TODOS OS ESPA\u00c7OS. MUITO LUMINOSA. ACABAMENTOS DE ALTA QUALIDADE. VISTAS ESPETACULARES. 1 VAGA DE GARAGEM. CONJUNTO COMPLETO DE COMODIDADES. LOCALIZA\u00c7\u00c3O IMBAT\u00cdVEL. VIGIL\u00c2NCIA 24 HORAS. ACESSO POR IMPRESS\u00c3O [&hellip;]<\/p>\n","protected":false},"featured_media":21711,"comment_status":"open","ping_status":"closed","template":"","meta":{"_joinchat":[]},"product_brand":[],"product_cat":[764,377,391],"product_tag":[691],"class_list":{"0":"post-21715","1":"product","2":"type-product","3":"status-publish","4":"has-post-thumbnail","6":"product_cat-botticelli-pt-br-2","7":"product_cat-departamentos","8":"product_cat-venda","9":"product_tag-venda","10":"pa_recamara-24","12":"first","13":"instock","14":"shipping-taxable","15":"purchasable","16":"product-type-simple"},"_links":{"self":[{"href":"https:\/\/www.rentaplazacarso.com\/pt-br\/wp-json\/wp\/v2\/product\/21715","targetHints":{"allow":["GET"]}}],"collection":[{"href":"https:\/\/www.rentaplazacarso.com\/pt-br\/wp-json\/wp\/v2\/product"}],"about":[{"href":"https:\/\/www.rentaplazacarso.com\/pt-br\/wp-json\/wp\/v2\/types\/product"}],"replies":[{"embeddable":true,"href":"https:\/\/www.rentaplazacarso.com\/pt-br\/wp-json\/wp\/v2\/comments?post=21715"}],"wp:featuredmedia":[{"embeddable":true,"href":"https:\/\/www.rentaplazacarso.com\/pt-br\/wp-json\/wp\/v2\/media\/21711"}],"wp:attachment":[{"href":"https:\/\/www.rentaplazacarso.com\/pt-br\/wp-json\/wp\/v2\/media?parent=21715"}],"wp:term":[{"taxonomy":"product_brand","embeddable":true,"href":"https:\/\/www.rentaplazacarso.com\/pt-br\/wp-json\/wp\/v2\/product_brand?post=21715"},{"taxonomy":"product_cat","embeddable":true,"href":"https:\/\/www.rentaplazacarso.com\/pt-br\/wp-json\/wp\/v2\/product_cat?post=21715"},{"taxonomy":"product_tag","embeddable":true,"href":"https:\/\/www.rentaplazacarso.com\/pt-br\/wp-json\/wp\/v2\/product_tag?post=21715"}],"curies":[{"name":"wp","href":"https:\/\/api.w.org\/{rel}","templated":true}]}}