{"id":21701,"date":"2025-09-11T18:21:37","date_gmt":"2025-09-11T18:21:37","guid":{"rendered":"https:\/\/www.rentaplazacarso.com\/1-quarto-sem-mobilia-3\/"},"modified":"2026-01-19T16:42:11","modified_gmt":"2026-01-19T16:42:11","slug":"1-quarto-sem-mobilia-3","status":"publish","type":"product","link":"https:\/\/www.rentaplazacarso.com\/pt-br\/product\/1-quarto-sem-mobilia-3\/","title":{"rendered":"1 QUARTO SEM MOB\u00cdLIA"},"content":{"rendered":"<p>APARTAMENTO EM PERFEITAS CONDI\u00c7\u00d5ES. 65 M2: QUARTO GRANDE COM BANHEIRO COMPLETO E CLOSET.  \u00c1REA DE LAVANDERIA. BANHEIRO PARA H\u00d3SPEDES. COZINHA ABERTA E AGRAD\u00c1VEL.   ACABAMENTOS DE ALTA QUALIDADE. GRANDES JANELAS QUE PROPORCIONAM MUITA LUZ. 1 VAGA DE GARAGEM. CONJUNTO COMPLETO DE COMODIDADES. SEGURAN\u00c7A 24 HORAS. TORRE MUITO BEM LOCALIZADA. MANUTEN\u00c7\u00c3O INCLU\u00cdDA NO ALUGUEL.      <\/p>\n","protected":false},"excerpt":{"rendered":"<p>APARTAMENTO EM PERFEITAS CONDI\u00c7\u00d5ES. 65 M2: QUARTO GRANDE COM BANHEIRO COMPLETO E CLOSET. \u00c1REA DE LAVANDERIA. BANHEIRO PARA H\u00d3SPEDES. COZINHA ABERTA E AGRAD\u00c1VEL. ACABAMENTOS DE ALTA QUALIDADE. GRANDES JANELAS QUE PROPORCIONAM MUITA LUZ. 1 VAGA DE GARAGEM. CONJUNTO COMPLETO DE COMODIDADES. SEGURAN\u00c7A 24 HORAS. TORRE MUITO BEM LOCALIZADA. MANUTEN\u00c7\u00c3O INCLU\u00cdDA NO ALUGUEL.<\/p>\n","protected":false},"featured_media":21697,"comment_status":"open","ping_status":"closed","template":"","meta":{"_joinchat":[]},"product_brand":[],"product_cat":[378,393,377],"product_tag":[668],"class_list":{"0":"post-21701","1":"product","2":"type-product","3":"status-publish","4":"has-post-thumbnail","6":"product_cat-aluguel","7":"product_cat-botticelli-pt-br","8":"product_cat-departamentos","9":"product_tag-aluguel","10":"pa_recamara-24","12":"first","13":"instock","14":"shipping-taxable","15":"purchasable","16":"product-type-simple"},"_links":{"self":[{"href":"https:\/\/www.rentaplazacarso.com\/pt-br\/wp-json\/wp\/v2\/product\/21701","targetHints":{"allow":["GET"]}}],"collection":[{"href":"https:\/\/www.rentaplazacarso.com\/pt-br\/wp-json\/wp\/v2\/product"}],"about":[{"href":"https:\/\/www.rentaplazacarso.com\/pt-br\/wp-json\/wp\/v2\/types\/product"}],"replies":[{"embeddable":true,"href":"https:\/\/www.rentaplazacarso.com\/pt-br\/wp-json\/wp\/v2\/comments?post=21701"}],"wp:featuredmedia":[{"embeddable":true,"href":"https:\/\/www.rentaplazacarso.com\/pt-br\/wp-json\/wp\/v2\/media\/21697"}],"wp:attachment":[{"href":"https:\/\/www.rentaplazacarso.com\/pt-br\/wp-json\/wp\/v2\/media?parent=21701"}],"wp:term":[{"taxonomy":"product_brand","embeddable":true,"href":"https:\/\/www.rentaplazacarso.com\/pt-br\/wp-json\/wp\/v2\/product_brand?post=21701"},{"taxonomy":"product_cat","embeddable":true,"href":"https:\/\/www.rentaplazacarso.com\/pt-br\/wp-json\/wp\/v2\/product_cat?post=21701"},{"taxonomy":"product_tag","embeddable":true,"href":"https:\/\/www.rentaplazacarso.com\/pt-br\/wp-json\/wp\/v2\/product_tag?post=21701"}],"curies":[{"name":"wp","href":"https:\/\/api.w.org\/{rel}","templated":true}]}}