{"id":21617,"date":"2025-09-11T16:49:24","date_gmt":"2025-09-11T16:49:24","guid":{"rendered":"https:\/\/www.rentaplazacarso.com\/tres-quartos-nao-mobiliados\/"},"modified":"2025-10-02T16:14:21","modified_gmt":"2025-10-02T16:14:21","slug":"tres-quartos-nao-mobiliados","status":"publish","type":"product","link":"https:\/\/www.rentaplazacarso.com\/pt-br\/product\/tres-quartos-nao-mobiliados\/","title":{"rendered":"TR\u00caS QUARTOS N\u00c3O MOBILIADOS"},"content":{"rendered":"<p>APARTAMENTO DE ESQUINA DE 140 M2. 3 QUARTOS. QUARTO PRINCIPAL COM BANHEIRO COMPLETO E CLOSET.   BANHEIRO PARA H\u00d3SPEDES. COZINHA AMPLA E ABERTA. \u00c1REA DE LAVANDERIA. JANELAS GRANDES QUE D\u00c3O MUITA LUZ. BELAS VISTAS. PISO DE MADEIRA. ACABAMENTOS DE ALTA QUALIDADE. C\u00d4MODOS MUITO ESPA\u00c7OSOS. 2 VAGAS DE GARAGEM. CONJUNTO COMPLETO DE COMODIDADES. VIGIL\u00c2NCIA 24 HORAS. ESTACIONAMENTO PARA VISITANTES. TORRE MUITO BEM LOCALIZADA, EM FRENTE AO MERCADO MUNICIPAL. MANUTEN\u00c7\u00c3O INCLU\u00cdDA NO ALUGUEL.             <\/p>\n","protected":false},"excerpt":{"rendered":"<p>APARTAMENTO DE ESQUINA DE 140 M2. 3 QUARTOS. QUARTO PRINCIPAL COM BANHEIRO COMPLETO E CLOSET. BANHEIRO PARA H\u00d3SPEDES. COZINHA AMPLA E ABERTA. \u00c1REA DE LAVANDERIA. JANELAS GRANDES QUE D\u00c3O MUITA LUZ. BELAS VISTAS. PISO DE MADEIRA. ACABAMENTOS DE ALTA QUALIDADE. C\u00d4MODOS MUITO ESPA\u00c7OSOS. 2 VAGAS DE GARAGEM. CONJUNTO COMPLETO DE COMODIDADES. VIGIL\u00c2NCIA 24 HORAS. ESTACIONAMENTO [&hellip;]<\/p>\n","protected":false},"featured_media":21606,"comment_status":"open","ping_status":"closed","template":"","meta":{"_joinchat":[]},"product_brand":[],"product_cat":[378,377],"product_tag":[668],"class_list":{"0":"post-21617","1":"product","2":"type-product","3":"status-publish","4":"has-post-thumbnail","6":"product_cat-aluguel","7":"product_cat-departamentos","8":"product_tag-aluguel","9":"pa_recamara-26","11":"first","12":"instock","13":"shipping-taxable","14":"purchasable","15":"product-type-simple"},"_links":{"self":[{"href":"https:\/\/www.rentaplazacarso.com\/pt-br\/wp-json\/wp\/v2\/product\/21617","targetHints":{"allow":["GET"]}}],"collection":[{"href":"https:\/\/www.rentaplazacarso.com\/pt-br\/wp-json\/wp\/v2\/product"}],"about":[{"href":"https:\/\/www.rentaplazacarso.com\/pt-br\/wp-json\/wp\/v2\/types\/product"}],"replies":[{"embeddable":true,"href":"https:\/\/www.rentaplazacarso.com\/pt-br\/wp-json\/wp\/v2\/comments?post=21617"}],"wp:featuredmedia":[{"embeddable":true,"href":"https:\/\/www.rentaplazacarso.com\/pt-br\/wp-json\/wp\/v2\/media\/21606"}],"wp:attachment":[{"href":"https:\/\/www.rentaplazacarso.com\/pt-br\/wp-json\/wp\/v2\/media?parent=21617"}],"wp:term":[{"taxonomy":"product_brand","embeddable":true,"href":"https:\/\/www.rentaplazacarso.com\/pt-br\/wp-json\/wp\/v2\/product_brand?post=21617"},{"taxonomy":"product_cat","embeddable":true,"href":"https:\/\/www.rentaplazacarso.com\/pt-br\/wp-json\/wp\/v2\/product_cat?post=21617"},{"taxonomy":"product_tag","embeddable":true,"href":"https:\/\/www.rentaplazacarso.com\/pt-br\/wp-json\/wp\/v2\/product_tag?post=21617"}],"curies":[{"name":"wp","href":"https:\/\/api.w.org\/{rel}","templated":true}]}}