{"id":21426,"date":"2025-09-10T19:24:14","date_gmt":"2025-09-10T19:24:14","guid":{"rendered":"https:\/\/www.rentaplazacarso.com\/lindo-apartamento-mobiliado-em-acmpos-eliseos\/"},"modified":"2025-10-02T16:14:20","modified_gmt":"2025-10-02T16:14:20","slug":"lindo-apartamento-mobiliado-em-acmpos-eliseos","status":"publish","type":"product","link":"https:\/\/www.rentaplazacarso.com\/pt-br\/product\/lindo-apartamento-mobiliado-em-acmpos-eliseos\/","title":{"rendered":"LINDO APARTAMENTO MOBILIADO EM CAMPOS ELISEOS"},"content":{"rendered":"<p>ESPETACULAR APARTAMENTO DE SUPER LUXO DE 150 M2 EM CAMPOS EL\u00cdSEOS. PROJETO TOTALMENTE MOBILIADO. 2 QUARTOS COM BANHEIRO COMPLETO.   PISO DE MADEIRA. BANHEIRO DE H\u00d3SPEDES. \u00c1REA DE LAVANDERIA. SALA DE ESTAR. 2 VAGAS DE GARAGEM. GIN\u00c1SIO. ARMAZ\u00c9M. VIGIL\u00c2NCIA 24 HORAS.       <\/p>\n","protected":false},"excerpt":{"rendered":"<p>ESPETACULAR APARTAMENTO DE SUPER LUXO DE 150 M2 EM CAMPOS EL\u00cdSEOS. PROJETO TOTALMENTE MOBILIADO. 2 QUARTOS COM BANHEIRO COMPLETO. PISO DE MADEIRA. BANHEIRO DE H\u00d3SPEDES. \u00c1REA DE LAVANDERIA. SALA DE ESTAR. 2 VAGAS DE GARAGEM. GIN\u00c1SIO. ARMAZ\u00c9M. VIGIL\u00c2NCIA 24 HORAS.<\/p>\n","protected":false},"featured_media":21422,"comment_status":"open","ping_status":"closed","template":"","meta":{"_joinchat":[]},"product_brand":[],"product_cat":[378,377],"product_tag":[668],"class_list":{"0":"post-21426","1":"product","2":"type-product","3":"status-publish","4":"has-post-thumbnail","6":"product_cat-aluguel","7":"product_cat-departamentos","8":"product_tag-aluguel","9":"pa_recamara-25","11":"first","12":"instock","13":"shipping-taxable","14":"purchasable","15":"product-type-simple"},"_links":{"self":[{"href":"https:\/\/www.rentaplazacarso.com\/pt-br\/wp-json\/wp\/v2\/product\/21426","targetHints":{"allow":["GET"]}}],"collection":[{"href":"https:\/\/www.rentaplazacarso.com\/pt-br\/wp-json\/wp\/v2\/product"}],"about":[{"href":"https:\/\/www.rentaplazacarso.com\/pt-br\/wp-json\/wp\/v2\/types\/product"}],"replies":[{"embeddable":true,"href":"https:\/\/www.rentaplazacarso.com\/pt-br\/wp-json\/wp\/v2\/comments?post=21426"}],"wp:featuredmedia":[{"embeddable":true,"href":"https:\/\/www.rentaplazacarso.com\/pt-br\/wp-json\/wp\/v2\/media\/21422"}],"wp:attachment":[{"href":"https:\/\/www.rentaplazacarso.com\/pt-br\/wp-json\/wp\/v2\/media?parent=21426"}],"wp:term":[{"taxonomy":"product_brand","embeddable":true,"href":"https:\/\/www.rentaplazacarso.com\/pt-br\/wp-json\/wp\/v2\/product_brand?post=21426"},{"taxonomy":"product_cat","embeddable":true,"href":"https:\/\/www.rentaplazacarso.com\/pt-br\/wp-json\/wp\/v2\/product_cat?post=21426"},{"taxonomy":"product_tag","embeddable":true,"href":"https:\/\/www.rentaplazacarso.com\/pt-br\/wp-json\/wp\/v2\/product_tag?post=21426"}],"curies":[{"name":"wp","href":"https:\/\/api.w.org\/{rel}","templated":true}]}}