{"id":21307,"date":"2025-09-10T18:43:10","date_gmt":"2025-09-10T18:43:10","guid":{"rendered":"https:\/\/www.rentaplazacarso.com\/apartamento-espetacular-em-campos-eliseos\/"},"modified":"2025-10-02T15:09:42","modified_gmt":"2025-10-02T15:09:42","slug":"apartamento-espetacular-em-campos-eliseos","status":"publish","type":"product","link":"https:\/\/www.rentaplazacarso.com\/pt-br\/product\/apartamento-espetacular-em-campos-eliseos\/","title":{"rendered":"APARTAMENTO ESPETACULAR EM CAMPOS ELISEOS"},"content":{"rendered":"<p>ESPETACULAR APARTAMENTO DE SUPER LUXO DE 160 M2 EM CAMPOS EL\u00cdSEOS. PROJETO TOTALMENTE MOBILIADO. 2 QUARTOS COM BANHEIRO COMPLETO. QUARTO PRINCIPAL COM BANHEIRA. SALA DE FAM\u00cdLIA. COZINHA NOVINHA EM FOLHA. SALA DE JANTAR COM MUITA LUZ E VISTAS AGRAD\u00c1VEIS. TERRA\u00c7O EM TODA A PARTE DA FRENTE DO APARTAMENTO.        PISO DE MADEIRA. BANHEIRO DE H\u00d3SPEDES. QUARTO DA EMPREGADA.  \u00c1REA DE LAVANDERIA. ELEVADORES QUE D\u00c3O ACESSO DIRETO AO APARTAMENTO. PORTA DE SERVI\u00c7O.  2 VAGAS DE ESTACIONAMENTO. GIN\u00c1SIO. VOC\u00ca TEM UMA ADEGA DE VINHOS.  VIGIL\u00c2NCIA 24 HORAS.<\/p>\n","protected":false},"excerpt":{"rendered":"<p>ESPETACULAR APARTAMENTO DE SUPER LUXO DE 160 M2 EM CAMPOS EL\u00cdSEOS. PROJETO TOTALMENTE MOBILIADO. 2 QUARTOS COM BANHEIRO COMPLETO. QUARTO PRINCIPAL COM BANHEIRA. SALA DE FAM\u00cdLIA. COZINHA NOVINHA EM FOLHA. SALA DE JANTAR COM MUITA LUZ E VISTAS AGRAD\u00c1VEIS. TERRA\u00c7O EM TODA A PARTE DA FRENTE DO APARTAMENTO. PISO DE MADEIRA. BANHEIRO DE H\u00d3SPEDES. QUARTO [&hellip;]<\/p>\n","protected":false},"featured_media":21303,"comment_status":"open","ping_status":"closed","template":"","meta":{"_joinchat":[]},"product_brand":[],"product_cat":[378,377],"product_tag":[668],"class_list":{"0":"post-21307","1":"product","2":"type-product","3":"status-publish","4":"has-post-thumbnail","6":"product_cat-aluguel","7":"product_cat-departamentos","8":"product_tag-aluguel","9":"pa_recamara-25","11":"first","12":"instock","13":"shipping-taxable","14":"purchasable","15":"product-type-simple"},"_links":{"self":[{"href":"https:\/\/www.rentaplazacarso.com\/pt-br\/wp-json\/wp\/v2\/product\/21307","targetHints":{"allow":["GET"]}}],"collection":[{"href":"https:\/\/www.rentaplazacarso.com\/pt-br\/wp-json\/wp\/v2\/product"}],"about":[{"href":"https:\/\/www.rentaplazacarso.com\/pt-br\/wp-json\/wp\/v2\/types\/product"}],"replies":[{"embeddable":true,"href":"https:\/\/www.rentaplazacarso.com\/pt-br\/wp-json\/wp\/v2\/comments?post=21307"}],"wp:featuredmedia":[{"embeddable":true,"href":"https:\/\/www.rentaplazacarso.com\/pt-br\/wp-json\/wp\/v2\/media\/21303"}],"wp:attachment":[{"href":"https:\/\/www.rentaplazacarso.com\/pt-br\/wp-json\/wp\/v2\/media?parent=21307"}],"wp:term":[{"taxonomy":"product_brand","embeddable":true,"href":"https:\/\/www.rentaplazacarso.com\/pt-br\/wp-json\/wp\/v2\/product_brand?post=21307"},{"taxonomy":"product_cat","embeddable":true,"href":"https:\/\/www.rentaplazacarso.com\/pt-br\/wp-json\/wp\/v2\/product_cat?post=21307"},{"taxonomy":"product_tag","embeddable":true,"href":"https:\/\/www.rentaplazacarso.com\/pt-br\/wp-json\/wp\/v2\/product_tag?post=21307"}],"curies":[{"name":"wp","href":"https:\/\/api.w.org\/{rel}","templated":true}]}}