{"id":21153,"date":"2025-09-09T18:03:13","date_gmt":"2025-09-09T18:03:13","guid":{"rendered":"https:\/\/www.rentaplazacarso.com\/apartamento-de-2-quartos-com-quarto-familiar\/"},"modified":"2026-01-20T17:06:27","modified_gmt":"2026-01-20T17:06:27","slug":"apartamento-de-2-quartos-com-quarto-familiar","status":"publish","type":"product","link":"https:\/\/www.rentaplazacarso.com\/pt-br\/product\/apartamento-de-2-quartos-com-quarto-familiar\/","title":{"rendered":"APARTAMENTO DE 2 QUARTOS COM QUARTO FAMILIAR"},"content":{"rendered":"<p>LINDO APARTAMENTO PARA ALUGAR DE 120 M2. 2 QUARTOS COM BANHEIRO COMPLETO E CLOSET, BANHEIRO DE H\u00d3SPEDES COMPLETO, QUARTO FAMILIAR OU POSS\u00cdVEL TERCEIRO QUARTO COM BANHEIRO COMPLETO. LINDA COZINHA AMERICANA. \u00c1REA DE LAVANDERIA. ACABAMENTOS DE ALTA QUALIDADE. APARTAMENTO LOCALIZADO NO FINAL DO CORREDOR PARA VOC\u00ca TER PAZ E TRANQUILIDADE. VOC\u00ca TEM JANELAS ENORMES EM TODOS OS QUARTOS QUE D\u00c3O MUITA LUZ. VOC\u00ca TER\u00c1 CORTINAS NA SALA DE ESTAR E BLACK OUT E CORTINAS NOS QUARTOS.   2 VAGAS DE ESTACIONAMENTO. CONJUNTO COMPLETO DE COMODIDADES: PISCINA, ACADEMIA, SAUNA, BRINQUEDOTECA, SALA DE JOGOS E TV, QUADRA DE PADDLE, \u00c1REA VERDE, SALAS DE REUNI\u00c3O, SALA MULTIUSO, TERRA\u00c7O E SALA DE PROJE\u00c7\u00c3O. ESTACIONAMENTO PARA VISITANTES. VIGIL\u00c2NCIA 24 HORAS. LOCALIZA\u00c7\u00c3O IMBAT\u00cdVEL, COM TODOS OS SERVI\u00c7OS AO REDOR: CINEMAS, RESTAURANTES, SHOPPINGS, FARM\u00c1CIAS, ESCOLAS, HOSPITAL, MUSEUS, TEATRO, AQU\u00c1RIO&#8230;MANUTEN\u00c7\u00c3O INCLU\u00cdDA NO ALUGUEL.<\/p>\n","protected":false},"excerpt":{"rendered":"<p>LINDO APARTAMENTO PARA ALUGAR DE 120 M2. 2 QUARTOS COM BANHEIRO COMPLETO E CLOSET, BANHEIRO DE H\u00d3SPEDES COMPLETO, QUARTO FAMILIAR OU POSS\u00cdVEL TERCEIRO QUARTO COM BANHEIRO COMPLETO. LINDA COZINHA AMERICANA. \u00c1REA DE LAVANDERIA. ACABAMENTOS DE ALTA QUALIDADE. APARTAMENTO LOCALIZADO NO FINAL DO CORREDOR PARA VOC\u00ca TER PAZ E TRANQUILIDADE. VOC\u00ca TEM JANELAS ENORMES EM TODOS [&hellip;]<\/p>\n","protected":false},"featured_media":21142,"comment_status":"open","ping_status":"closed","template":"","meta":{"_joinchat":[]},"product_brand":[],"product_cat":[378,377,470],"product_tag":[668],"class_list":{"0":"post-21153","1":"product","2":"type-product","3":"status-publish","4":"has-post-thumbnail","6":"product_cat-aluguel","7":"product_cat-departamentos","8":"product_cat-van-gogh-pt-br","9":"product_tag-aluguel","10":"pa_recamara-25","12":"first","13":"instock","14":"shipping-taxable","15":"purchasable","16":"product-type-simple"},"_links":{"self":[{"href":"https:\/\/www.rentaplazacarso.com\/pt-br\/wp-json\/wp\/v2\/product\/21153","targetHints":{"allow":["GET"]}}],"collection":[{"href":"https:\/\/www.rentaplazacarso.com\/pt-br\/wp-json\/wp\/v2\/product"}],"about":[{"href":"https:\/\/www.rentaplazacarso.com\/pt-br\/wp-json\/wp\/v2\/types\/product"}],"replies":[{"embeddable":true,"href":"https:\/\/www.rentaplazacarso.com\/pt-br\/wp-json\/wp\/v2\/comments?post=21153"}],"wp:featuredmedia":[{"embeddable":true,"href":"https:\/\/www.rentaplazacarso.com\/pt-br\/wp-json\/wp\/v2\/media\/21142"}],"wp:attachment":[{"href":"https:\/\/www.rentaplazacarso.com\/pt-br\/wp-json\/wp\/v2\/media?parent=21153"}],"wp:term":[{"taxonomy":"product_brand","embeddable":true,"href":"https:\/\/www.rentaplazacarso.com\/pt-br\/wp-json\/wp\/v2\/product_brand?post=21153"},{"taxonomy":"product_cat","embeddable":true,"href":"https:\/\/www.rentaplazacarso.com\/pt-br\/wp-json\/wp\/v2\/product_cat?post=21153"},{"taxonomy":"product_tag","embeddable":true,"href":"https:\/\/www.rentaplazacarso.com\/pt-br\/wp-json\/wp\/v2\/product_tag?post=21153"}],"curies":[{"name":"wp","href":"https:\/\/api.w.org\/{rel}","templated":true}]}}