{"id":21013,"date":"2025-09-01T17:41:27","date_gmt":"2025-09-01T17:41:27","guid":{"rendered":"https:\/\/www.rentaplazacarso.com\/bom-apartamento-mobiliado-de-2-quartos\/"},"modified":"2026-01-20T17:07:45","modified_gmt":"2026-01-20T17:07:45","slug":"bom-apartamento-mobiliado-de-2-quartos","status":"publish","type":"product","link":"https:\/\/www.rentaplazacarso.com\/pt-br\/product\/bom-apartamento-mobiliado-de-2-quartos\/","title":{"rendered":"BOM APARTAMENTO MOBILIADO DE 2 QUARTOS"},"content":{"rendered":"<p>APARTAMENTO TOTALMENTE MOBILIADO E EQUIPADO. 110 M2, 2 QUARTOS, 2 BANHEIROS COMPLETOS, BELA COZINHA ABERTA, \u00c1REA DE SERVI\u00c7O, BELAS VISTAS PARA O JARDIM.  TETOS DE 3 METROS QUE LHE CONFEREM MUITO ESPA\u00c7O E LUMINOSIDADE. ESPA\u00c7OS MUITO AMPLOS. 2 VAGAS DE GARAGEM, CONJUNTO COMPLETO DE COMODIDADES, ACESSO DIRETO \u00c0 PRA\u00c7A, ESTACIONAMENTO PARA VISITANTES, SEGURAN\u00c7A 24 HORAS. MANUTEN\u00c7\u00c3O INCLU\u00cdDA NO ALUGUEL. SOMENTE PARA ALUGUEL DE LONGA DURA\u00c7\u00c3O.   <\/p>\n","protected":false},"excerpt":{"rendered":"<p>APARTAMENTO TOTALMENTE MOBILIADO E EQUIPADO. 110 M2, 2 QUARTOS, 2 BANHEIROS COMPLETOS, BELA COZINHA ABERTA, \u00c1REA DE SERVI\u00c7O, BELAS VISTAS PARA O JARDIM. TETOS DE 3 METROS QUE LHE CONFEREM MUITO ESPA\u00c7O E LUMINOSIDADE. ESPA\u00c7OS MUITO AMPLOS. 2 VAGAS DE GARAGEM, CONJUNTO COMPLETO DE COMODIDADES, ACESSO DIRETO \u00c0 PRA\u00c7A, ESTACIONAMENTO PARA VISITANTES, SEGURAN\u00c7A 24 HORAS. [&hellip;]<\/p>\n","protected":false},"featured_media":21009,"comment_status":"open","ping_status":"closed","template":"","meta":{"_joinchat":[]},"product_brand":[],"product_cat":[378,667,377],"product_tag":[668],"class_list":{"0":"post-21013","1":"product","2":"type-product","3":"status-publish","4":"has-post-thumbnail","6":"product_cat-aluguel","7":"product_cat-dali-pt-br","8":"product_cat-departamentos","9":"product_tag-aluguel","10":"pa_recamara-25","12":"first","13":"instock","14":"shipping-taxable","15":"purchasable","16":"product-type-simple"},"_links":{"self":[{"href":"https:\/\/www.rentaplazacarso.com\/pt-br\/wp-json\/wp\/v2\/product\/21013","targetHints":{"allow":["GET"]}}],"collection":[{"href":"https:\/\/www.rentaplazacarso.com\/pt-br\/wp-json\/wp\/v2\/product"}],"about":[{"href":"https:\/\/www.rentaplazacarso.com\/pt-br\/wp-json\/wp\/v2\/types\/product"}],"replies":[{"embeddable":true,"href":"https:\/\/www.rentaplazacarso.com\/pt-br\/wp-json\/wp\/v2\/comments?post=21013"}],"wp:featuredmedia":[{"embeddable":true,"href":"https:\/\/www.rentaplazacarso.com\/pt-br\/wp-json\/wp\/v2\/media\/21009"}],"wp:attachment":[{"href":"https:\/\/www.rentaplazacarso.com\/pt-br\/wp-json\/wp\/v2\/media?parent=21013"}],"wp:term":[{"taxonomy":"product_brand","embeddable":true,"href":"https:\/\/www.rentaplazacarso.com\/pt-br\/wp-json\/wp\/v2\/product_brand?post=21013"},{"taxonomy":"product_cat","embeddable":true,"href":"https:\/\/www.rentaplazacarso.com\/pt-br\/wp-json\/wp\/v2\/product_cat?post=21013"},{"taxonomy":"product_tag","embeddable":true,"href":"https:\/\/www.rentaplazacarso.com\/pt-br\/wp-json\/wp\/v2\/product_tag?post=21013"}],"curies":[{"name":"wp","href":"https:\/\/api.w.org\/{rel}","templated":true}]}}