{"id":20931,"date":"2025-08-12T17:56:54","date_gmt":"2025-08-12T17:56:54","guid":{"rendered":"https:\/\/www.rentaplazacarso.com\/mobiliado-2-dormitorios-2\/"},"modified":"2025-10-02T16:13:17","modified_gmt":"2025-10-02T16:13:17","slug":"mobiliado-2-dormitorios-2","status":"publish","type":"product","link":"https:\/\/www.rentaplazacarso.com\/pt-br\/product\/mobiliado-2-dormitorios-2\/","title":{"rendered":"MOBILIADO 2 DORMIT\u00d3RIOS"},"content":{"rendered":"<p>LINDO APARTAMENTO PARA ALUGAR DE 110 M2 COMPLETAMENTE MOBILIADO E EQUIPADO MUITO BEM. 2 QUARTOS CADA UM COM BANHEIRO COMPLETO. QUARTO PRINCIPAL COM CLOSET.   SALA DE ESTAR E JANTAR ESPA\u00c7OSA. COZINHA ABERTA E AGRAD\u00c1VEL. \u00c1REA DE LAVANDERIA. MOBILIADA E DECORADA COM MUITO BOM GOSTO. JANELAS ENORMES QUE D\u00c3O MUITA LUZ. ACABAMENTOS DE ALTA QUALIDADE. DISTRIBUI\u00c7\u00c3O PERFEITA. PERSIANAS EL\u00c9TRICAS. VISTAS AGRAD\u00c1VEIS. EM PERFEITO ESTADO. 2 VAGAS DE GARAGEM. CONJUNTO COMPLETO DE COMODIDADES. ESTACIONAMENTO PARA VISITANTES. VIGIL\u00c2NCIA 24 HORAS. TORRE MUITO BEM LOCALIZADA COM TODOS OS SERVI\u00c7OS AO REDOR. PERMAN\u00caNCIA M\u00cdNIMA DE UM ANO               <\/p>\n","protected":false},"excerpt":{"rendered":"<p>LINDO APARTAMENTO PARA ALUGAR DE 110 M2 COMPLETAMENTE MOBILIADO E EQUIPADO MUITO BEM. 2 QUARTOS CADA UM COM BANHEIRO COMPLETO. QUARTO PRINCIPAL COM CLOSET. SALA DE ESTAR E JANTAR ESPA\u00c7OSA. COZINHA ABERTA E AGRAD\u00c1VEL. \u00c1REA DE LAVANDERIA. MOBILIADA E DECORADA COM MUITO BOM GOSTO. JANELAS ENORMES QUE D\u00c3O MUITA LUZ. ACABAMENTOS DE ALTA QUALIDADE. DISTRIBUI\u00c7\u00c3O [&hellip;]<\/p>\n","protected":false},"featured_media":19428,"comment_status":"open","ping_status":"closed","template":"","meta":{"_joinchat":[]},"product_brand":[],"product_cat":[378,377,734],"product_tag":[668],"class_list":{"0":"post-20931","1":"product","2":"type-product","3":"status-publish","4":"has-post-thumbnail","6":"product_cat-aluguel","7":"product_cat-departamentos","8":"product_cat-renoir-pt-br","9":"product_tag-aluguel","10":"pa_recamara-25","12":"first","13":"instock","14":"shipping-taxable","15":"purchasable","16":"product-type-simple"},"_links":{"self":[{"href":"https:\/\/www.rentaplazacarso.com\/pt-br\/wp-json\/wp\/v2\/product\/20931","targetHints":{"allow":["GET"]}}],"collection":[{"href":"https:\/\/www.rentaplazacarso.com\/pt-br\/wp-json\/wp\/v2\/product"}],"about":[{"href":"https:\/\/www.rentaplazacarso.com\/pt-br\/wp-json\/wp\/v2\/types\/product"}],"replies":[{"embeddable":true,"href":"https:\/\/www.rentaplazacarso.com\/pt-br\/wp-json\/wp\/v2\/comments?post=20931"}],"wp:featuredmedia":[{"embeddable":true,"href":"https:\/\/www.rentaplazacarso.com\/pt-br\/wp-json\/wp\/v2\/media\/19428"}],"wp:attachment":[{"href":"https:\/\/www.rentaplazacarso.com\/pt-br\/wp-json\/wp\/v2\/media?parent=20931"}],"wp:term":[{"taxonomy":"product_brand","embeddable":true,"href":"https:\/\/www.rentaplazacarso.com\/pt-br\/wp-json\/wp\/v2\/product_brand?post=20931"},{"taxonomy":"product_cat","embeddable":true,"href":"https:\/\/www.rentaplazacarso.com\/pt-br\/wp-json\/wp\/v2\/product_cat?post=20931"},{"taxonomy":"product_tag","embeddable":true,"href":"https:\/\/www.rentaplazacarso.com\/pt-br\/wp-json\/wp\/v2\/product_tag?post=20931"}],"curies":[{"name":"wp","href":"https:\/\/api.w.org\/{rel}","templated":true}]}}