{"id":20913,"date":"2025-08-12T22:28:49","date_gmt":"2025-08-12T22:28:49","guid":{"rendered":"https:\/\/www.rentaplazacarso.com\/espetacular-1-quarto-mobiliado\/"},"modified":"2026-01-20T17:15:46","modified_gmt":"2026-01-20T17:15:46","slug":"espetacular-1-quarto-mobiliado","status":"publish","type":"product","link":"https:\/\/www.rentaplazacarso.com\/pt-br\/product\/espetacular-1-quarto-mobiliado\/","title":{"rendered":"ESPETACULAR 1 QUARTO MOBILIADO"},"content":{"rendered":"<p>APARTAMENTO TOTALMENTE MOBILIADO E EQUIPADO COM ACABAMENTOS DESLUMBRANTES. 68 M2. 1 QUARTO COM BANHEIRO COMPLETO E CLOSET.   COZINHA ABERTA E AGRAD\u00c1VEL. \u00c1REA DE LAVANDERIA. PISO DE MADEIRA. VISTAS ESPETACULARES. ACABAMENTOS DE PRIMEIRA QUALIDADE COM LUZES INDIRETAS EM TODOS OS C\u00d4MODOS. TETOS DE 3 METROS QUE PROPORCIONAM MUITA LUZ E AMPLITUDE. JANELAS GRANDES EM TODOS OS C\u00d4MODOS.       1 VAGA DE GARAGEM. CONJUNTO COMPLETO DE COMODIDADES. ACESSO DIRETO AO SHOPPING CENTER. ESTACIONAMENTO PARA VISITANTES. VIGIL\u00c2NCIA 24 HORAS. TORRE MUITO BEM LOCALIZADA COM TODOS OS SERVI\u00c7OS. MANUTEN\u00c7\u00c3O INCLU\u00cdDA NO ALUGUEL. ALUGUEL M\u00cdNIMO DE UM ANO.       <\/p>\n","protected":false},"excerpt":{"rendered":"<p>APARTAMENTO TOTALMENTE MOBILIADO E EQUIPADO COM ACABAMENTOS DESLUMBRANTES. 68 M2. 1 QUARTO COM BANHEIRO COMPLETO E CLOSET. COZINHA ABERTA E AGRAD\u00c1VEL. \u00c1REA DE LAVANDERIA. PISO DE MADEIRA. VISTAS ESPETACULARES. ACABAMENTOS DE PRIMEIRA QUALIDADE COM LUZES INDIRETAS EM TODOS OS C\u00d4MODOS. TETOS DE 3 METROS QUE PROPORCIONAM MUITA LUZ E AMPLITUDE. JANELAS GRANDES EM TODOS OS [&hellip;]<\/p>\n","protected":false},"featured_media":19605,"comment_status":"open","ping_status":"closed","template":"","meta":{"_joinchat":[]},"product_brand":[],"product_cat":[378,377,695],"product_tag":[668],"class_list":{"0":"post-20913","1":"product","2":"type-product","3":"status-publish","4":"has-post-thumbnail","6":"product_cat-aluguel","7":"product_cat-departamentos","8":"product_cat-monet-pt-br","9":"product_tag-aluguel","10":"pa_recamara-24","12":"first","13":"instock","14":"shipping-taxable","15":"purchasable","16":"product-type-simple"},"_links":{"self":[{"href":"https:\/\/www.rentaplazacarso.com\/pt-br\/wp-json\/wp\/v2\/product\/20913","targetHints":{"allow":["GET"]}}],"collection":[{"href":"https:\/\/www.rentaplazacarso.com\/pt-br\/wp-json\/wp\/v2\/product"}],"about":[{"href":"https:\/\/www.rentaplazacarso.com\/pt-br\/wp-json\/wp\/v2\/types\/product"}],"replies":[{"embeddable":true,"href":"https:\/\/www.rentaplazacarso.com\/pt-br\/wp-json\/wp\/v2\/comments?post=20913"}],"wp:featuredmedia":[{"embeddable":true,"href":"https:\/\/www.rentaplazacarso.com\/pt-br\/wp-json\/wp\/v2\/media\/19605"}],"wp:attachment":[{"href":"https:\/\/www.rentaplazacarso.com\/pt-br\/wp-json\/wp\/v2\/media?parent=20913"}],"wp:term":[{"taxonomy":"product_brand","embeddable":true,"href":"https:\/\/www.rentaplazacarso.com\/pt-br\/wp-json\/wp\/v2\/product_brand?post=20913"},{"taxonomy":"product_cat","embeddable":true,"href":"https:\/\/www.rentaplazacarso.com\/pt-br\/wp-json\/wp\/v2\/product_cat?post=20913"},{"taxonomy":"product_tag","embeddable":true,"href":"https:\/\/www.rentaplazacarso.com\/pt-br\/wp-json\/wp\/v2\/product_tag?post=20913"}],"curies":[{"name":"wp","href":"https:\/\/api.w.org\/{rel}","templated":true}]}}