{"id":20910,"date":"2025-08-19T16:05:55","date_gmt":"2025-08-19T16:05:55","guid":{"rendered":"https:\/\/www.rentaplazacarso.com\/bom-apartamento-mobiliado-de-1-quarto\/"},"modified":"2026-01-21T01:33:02","modified_gmt":"2026-01-21T01:33:02","slug":"bom-apartamento-mobiliado-de-1-quarto","status":"publish","type":"product","link":"https:\/\/www.rentaplazacarso.com\/pt-br\/product\/bom-apartamento-mobiliado-de-1-quarto\/","title":{"rendered":"BOM APARTAMENTO MOBILIADO DE 1 QUARTO"},"content":{"rendered":"<p>LINDO APARTAMENTO DE 1 QUARTO TOTALMENTE MOBILIADO E EQUIPADO, MUITO BONITO. JANELAS ENORMES EM TODOS OS C\u00d4MODOS QUE D\u00c3O MUITA LUZ. ACABAMENTOS DE ALTA QUALIDADE. 1 VAGA DE GARAGEM. CONJUNTO COMPLETO DE COMODIDADES. VIGIL\u00c2NCIA 24 HORAS. ESTACIONAMENTO PARA VISITANTES. MANUTEN\u00c7\u00c3O INCLU\u00cdDA NO ALUGUEL. S\u00d3 SE ALUGA POR LONGOS PER\u00cdODOS DE TEMPO.        <\/p>\n","protected":false},"excerpt":{"rendered":"<p>LINDO APARTAMENTO DE 1 QUARTO TOTALMENTE MOBILIADO E EQUIPADO, MUITO BONITO. JANELAS ENORMES EM TODOS OS C\u00d4MODOS QUE D\u00c3O MUITA LUZ. ACABAMENTOS DE ALTA QUALIDADE. 1 VAGA DE GARAGEM. CONJUNTO COMPLETO DE COMODIDADES. VIGIL\u00c2NCIA 24 HORAS. ESTACIONAMENTO PARA VISITANTES. MANUTEN\u00c7\u00c3O INCLU\u00cdDA NO ALUGUEL. S\u00d3 SE ALUGA POR LONGOS PER\u00cdODOS DE TEMPO.<\/p>\n","protected":false},"featured_media":19715,"comment_status":"open","ping_status":"closed","template":"","meta":{"_joinchat":[]},"product_brand":[],"product_cat":[378,377,470],"product_tag":[668],"class_list":{"0":"post-20910","1":"product","2":"type-product","3":"status-publish","4":"has-post-thumbnail","6":"product_cat-aluguel","7":"product_cat-departamentos","8":"product_cat-van-gogh-pt-br","9":"product_tag-aluguel","10":"pa_recamara-24","12":"first","13":"instock","14":"shipping-taxable","15":"purchasable","16":"product-type-simple"},"_links":{"self":[{"href":"https:\/\/www.rentaplazacarso.com\/pt-br\/wp-json\/wp\/v2\/product\/20910","targetHints":{"allow":["GET"]}}],"collection":[{"href":"https:\/\/www.rentaplazacarso.com\/pt-br\/wp-json\/wp\/v2\/product"}],"about":[{"href":"https:\/\/www.rentaplazacarso.com\/pt-br\/wp-json\/wp\/v2\/types\/product"}],"replies":[{"embeddable":true,"href":"https:\/\/www.rentaplazacarso.com\/pt-br\/wp-json\/wp\/v2\/comments?post=20910"}],"wp:featuredmedia":[{"embeddable":true,"href":"https:\/\/www.rentaplazacarso.com\/pt-br\/wp-json\/wp\/v2\/media\/19715"}],"wp:attachment":[{"href":"https:\/\/www.rentaplazacarso.com\/pt-br\/wp-json\/wp\/v2\/media?parent=20910"}],"wp:term":[{"taxonomy":"product_brand","embeddable":true,"href":"https:\/\/www.rentaplazacarso.com\/pt-br\/wp-json\/wp\/v2\/product_brand?post=20910"},{"taxonomy":"product_cat","embeddable":true,"href":"https:\/\/www.rentaplazacarso.com\/pt-br\/wp-json\/wp\/v2\/product_cat?post=20910"},{"taxonomy":"product_tag","embeddable":true,"href":"https:\/\/www.rentaplazacarso.com\/pt-br\/wp-json\/wp\/v2\/product_tag?post=20910"}],"curies":[{"name":"wp","href":"https:\/\/api.w.org\/{rel}","templated":true}]}}