{"id":20892,"date":"2025-08-19T16:44:08","date_gmt":"2025-08-19T16:44:08","guid":{"rendered":"https:\/\/www.rentaplazacarso.com\/bom-mobiliado-1-quarto-3\/"},"modified":"2026-01-20T17:14:29","modified_gmt":"2026-01-20T17:14:29","slug":"bom-mobiliado-1-quarto-3","status":"publish","type":"product","link":"https:\/\/www.rentaplazacarso.com\/pt-br\/product\/bom-mobiliado-1-quarto-3\/","title":{"rendered":"BOM MOBILIADO 1 QUARTO"},"content":{"rendered":"<p>LINDO APARTAMENTO DE 75 M2: TOTALMENTE MOBILIADO E EQUIPADO. 1 QUARTO MUITO GRANDE COM CLOSET ESPA\u00c7OSO E BANHEIRO COMPLETO.  BANHEIRO PARA H\u00d3SPEDES. COZINHA ABERTA E AGRAD\u00c1VEL. \u00c1REA DE LAVANDERIA. C\u00d4MODOS MUITO ESPA\u00c7OSOS. JANELAS GRANDES. MUITO LUMINOSO. PISO DE MADEIRA. 1 VAGA DE GARAGEM. CONJUNTO COMPLETO DE COMODIDADES. SEGURAN\u00c7A 24 HORAS. TORRE MUITO BEM LOCALIZADA. MANUTEN\u00c7\u00c3O INCLU\u00cdDA NO ALUGUEL. ALUGUEL SOMENTE PARA LONGOS PER\u00cdODOS DE PERMAN\u00caNCIA.            <\/p>\n","protected":false},"excerpt":{"rendered":"<p>LINDO APARTAMENTO DE 75 M2: TOTALMENTE MOBILIADO E EQUIPADO. 1 QUARTO MUITO GRANDE COM CLOSET ESPA\u00c7OSO E BANHEIRO COMPLETO. BANHEIRO PARA H\u00d3SPEDES. COZINHA ABERTA E AGRAD\u00c1VEL. \u00c1REA DE LAVANDERIA. C\u00d4MODOS MUITO ESPA\u00c7OSOS. JANELAS GRANDES. MUITO LUMINOSO. PISO DE MADEIRA. 1 VAGA DE GARAGEM. CONJUNTO COMPLETO DE COMODIDADES. SEGURAN\u00c7A 24 HORAS. TORRE MUITO BEM LOCALIZADA. MANUTEN\u00c7\u00c3O [&hellip;]<\/p>\n","protected":false},"featured_media":19976,"comment_status":"open","ping_status":"closed","template":"","meta":{"_joinchat":[]},"product_brand":[],"product_cat":[378,393,377],"product_tag":[668],"class_list":{"0":"post-20892","1":"product","2":"type-product","3":"status-publish","4":"has-post-thumbnail","6":"product_cat-aluguel","7":"product_cat-botticelli-pt-br","8":"product_cat-departamentos","9":"product_tag-aluguel","10":"pa_recamara-24","12":"first","13":"instock","14":"shipping-taxable","15":"purchasable","16":"product-type-simple"},"_links":{"self":[{"href":"https:\/\/www.rentaplazacarso.com\/pt-br\/wp-json\/wp\/v2\/product\/20892","targetHints":{"allow":["GET"]}}],"collection":[{"href":"https:\/\/www.rentaplazacarso.com\/pt-br\/wp-json\/wp\/v2\/product"}],"about":[{"href":"https:\/\/www.rentaplazacarso.com\/pt-br\/wp-json\/wp\/v2\/types\/product"}],"replies":[{"embeddable":true,"href":"https:\/\/www.rentaplazacarso.com\/pt-br\/wp-json\/wp\/v2\/comments?post=20892"}],"wp:featuredmedia":[{"embeddable":true,"href":"https:\/\/www.rentaplazacarso.com\/pt-br\/wp-json\/wp\/v2\/media\/19976"}],"wp:attachment":[{"href":"https:\/\/www.rentaplazacarso.com\/pt-br\/wp-json\/wp\/v2\/media?parent=20892"}],"wp:term":[{"taxonomy":"product_brand","embeddable":true,"href":"https:\/\/www.rentaplazacarso.com\/pt-br\/wp-json\/wp\/v2\/product_brand?post=20892"},{"taxonomy":"product_cat","embeddable":true,"href":"https:\/\/www.rentaplazacarso.com\/pt-br\/wp-json\/wp\/v2\/product_cat?post=20892"},{"taxonomy":"product_tag","embeddable":true,"href":"https:\/\/www.rentaplazacarso.com\/pt-br\/wp-json\/wp\/v2\/product_tag?post=20892"}],"curies":[{"name":"wp","href":"https:\/\/api.w.org\/{rel}","templated":true}]}}