{"id":20889,"date":"2025-08-19T16:55:51","date_gmt":"2025-08-19T16:55:51","guid":{"rendered":"https:\/\/www.rentaplazacarso.com\/2-quartos-mobiliados-com-sala-de-estar-2\/"},"modified":"2026-01-20T17:13:20","modified_gmt":"2026-01-20T17:13:20","slug":"2-quartos-mobiliados-com-sala-de-estar-2","status":"publish","type":"product","link":"https:\/\/www.rentaplazacarso.com\/pt-br\/product\/2-quartos-mobiliados-com-sala-de-estar-2\/","title":{"rendered":"2 QUARTOS MOBILIADOS COM SALA DE ESTAR"},"content":{"rendered":"<p>LINDO APARTAMENTO PARA ALUGUEL NA PLAZA CARSO 2 MOBILIADO. COM ACESSO DIRETO \u00c0 PRA\u00c7A. 118 M2: 2 QUARTOS COM BANHEIRO COMPLETO E CLOSET. SALA DE ESTAR COM BANHEIRO COMPLETO.    \u00c1REA DE LAVANDERIA. COZINHA ABERTA E AGRAD\u00c1VEL. ESPA\u00c7OS AMPLOS. JANELAS ENORMES EM TODOS OS QUARTOS.    MUITO BRILHANTE. ACABAMENTOS DE ALTA QUALIDADE.  2 VAGAS DE GARAGEM. CONJUNTO COMPLETO DE COMODIDADES. LOCALIZA\u00c7\u00c3O IMBAT\u00cdVEL. VIGIL\u00c2NCIA 24 HORAS. ACESSO POR IMPRESS\u00c3O DIGITAL. ESTACIONAMENTO PARA VISITANTES.     <\/p>\n","protected":false},"excerpt":{"rendered":"<p>LINDO APARTAMENTO PARA ALUGUEL NA PLAZA CARSO 2 MOBILIADO. COM ACESSO DIRETO \u00c0 PRA\u00c7A. 118 M2: 2 QUARTOS COM BANHEIRO COMPLETO E CLOSET. SALA DE ESTAR COM BANHEIRO COMPLETO. \u00c1REA DE LAVANDERIA. COZINHA ABERTA E AGRAD\u00c1VEL. ESPA\u00c7OS AMPLOS. JANELAS ENORMES EM TODOS OS QUARTOS. MUITO BRILHANTE. ACABAMENTOS DE ALTA QUALIDADE. 2 VAGAS DE GARAGEM. CONJUNTO [&hellip;]<\/p>\n","protected":false},"featured_media":20083,"comment_status":"open","ping_status":"closed","template":"","meta":{"_joinchat":[]},"product_brand":[],"product_cat":[378,377,825],"product_tag":[668],"class_list":{"0":"post-20889","1":"product","2":"type-product","3":"status-publish","4":"has-post-thumbnail","6":"product_cat-aluguel","7":"product_cat-departamentos","8":"product_cat-pissarro-pt-br-2","9":"product_tag-aluguel","10":"pa_recamara-25","12":"first","13":"instock","14":"shipping-taxable","15":"purchasable","16":"product-type-simple"},"_links":{"self":[{"href":"https:\/\/www.rentaplazacarso.com\/pt-br\/wp-json\/wp\/v2\/product\/20889","targetHints":{"allow":["GET"]}}],"collection":[{"href":"https:\/\/www.rentaplazacarso.com\/pt-br\/wp-json\/wp\/v2\/product"}],"about":[{"href":"https:\/\/www.rentaplazacarso.com\/pt-br\/wp-json\/wp\/v2\/types\/product"}],"replies":[{"embeddable":true,"href":"https:\/\/www.rentaplazacarso.com\/pt-br\/wp-json\/wp\/v2\/comments?post=20889"}],"wp:featuredmedia":[{"embeddable":true,"href":"https:\/\/www.rentaplazacarso.com\/pt-br\/wp-json\/wp\/v2\/media\/20083"}],"wp:attachment":[{"href":"https:\/\/www.rentaplazacarso.com\/pt-br\/wp-json\/wp\/v2\/media?parent=20889"}],"wp:term":[{"taxonomy":"product_brand","embeddable":true,"href":"https:\/\/www.rentaplazacarso.com\/pt-br\/wp-json\/wp\/v2\/product_brand?post=20889"},{"taxonomy":"product_cat","embeddable":true,"href":"https:\/\/www.rentaplazacarso.com\/pt-br\/wp-json\/wp\/v2\/product_cat?post=20889"},{"taxonomy":"product_tag","embeddable":true,"href":"https:\/\/www.rentaplazacarso.com\/pt-br\/wp-json\/wp\/v2\/product_tag?post=20889"}],"curies":[{"name":"wp","href":"https:\/\/api.w.org\/{rel}","templated":true}]}}