{"id":20871,"date":"2025-08-19T17:22:16","date_gmt":"2025-08-19T17:22:16","guid":{"rendered":"https:\/\/www.rentaplazacarso.com\/bom-mobiliado-1-quarto-2\/"},"modified":"2026-01-20T17:12:13","modified_gmt":"2026-01-20T17:12:13","slug":"bom-mobiliado-1-quarto-2","status":"publish","type":"product","link":"https:\/\/www.rentaplazacarso.com\/pt-br\/product\/bom-mobiliado-1-quarto-2\/","title":{"rendered":"BOM MOBILIADO 1 QUARTO"},"content":{"rendered":"<p>APARTAMENTO TOTALMENTE MOBILIADO E EQUIPADO. M\u00d3VEIS BONITOS E MODERNOS. 70 M2. 1 QUARTO COM BANHEIRO COMPLETO E CLOSET. C\u00d4MODOS MUITO ESPA\u00c7OSOS.     \u00c1REA DE LAVANDERIA. ACABAMENTOS DE ALTA QUALIDADE. JANELAS GRANDES.   MUITO LEVE. 1 VAGA DE ESTACIONAMENTO. VIGIL\u00c2NCIA 24 HORAS. ESTACIONAMENTO PARA VISITANTES. AMPLA VARIEDADE DE COMODIDADES. TORRE MUITO TRANQUILA E SEGURA. ACESSO DIRETO AO SHOPPING CENTER. TODOS OS SERVI\u00c7OS AO REDOR. LOCALIZA\u00c7\u00c3O IMBAT\u00cdVEL. MANUTEN\u00c7\u00c3O INCLU\u00cdDA NO ALUGUEL.  <\/p>\n","protected":false},"excerpt":{"rendered":"<p>APARTAMENTO TOTALMENTE MOBILIADO E EQUIPADO. M\u00d3VEIS BONITOS E MODERNOS. 70 M2. 1 QUARTO COM BANHEIRO COMPLETO E CLOSET. C\u00d4MODOS MUITO ESPA\u00c7OSOS. \u00c1REA DE LAVANDERIA. ACABAMENTOS DE ALTA QUALIDADE. JANELAS GRANDES. MUITO LEVE. 1 VAGA DE ESTACIONAMENTO. VIGIL\u00c2NCIA 24 HORAS. ESTACIONAMENTO PARA VISITANTES. AMPLA VARIEDADE DE COMODIDADES. TORRE MUITO TRANQUILA E SEGURA. ACESSO DIRETO AO SHOPPING [&hellip;]<\/p>\n","protected":false},"featured_media":20288,"comment_status":"open","ping_status":"closed","template":"","meta":{"_joinchat":[]},"product_brand":[],"product_cat":[378,377,825],"product_tag":[668],"class_list":{"0":"post-20871","1":"product","2":"type-product","3":"status-publish","4":"has-post-thumbnail","6":"product_cat-aluguel","7":"product_cat-departamentos","8":"product_cat-pissarro-pt-br-2","9":"product_tag-aluguel","10":"pa_recamara-24","12":"first","13":"instock","14":"shipping-taxable","15":"purchasable","16":"product-type-simple"},"_links":{"self":[{"href":"https:\/\/www.rentaplazacarso.com\/pt-br\/wp-json\/wp\/v2\/product\/20871","targetHints":{"allow":["GET"]}}],"collection":[{"href":"https:\/\/www.rentaplazacarso.com\/pt-br\/wp-json\/wp\/v2\/product"}],"about":[{"href":"https:\/\/www.rentaplazacarso.com\/pt-br\/wp-json\/wp\/v2\/types\/product"}],"replies":[{"embeddable":true,"href":"https:\/\/www.rentaplazacarso.com\/pt-br\/wp-json\/wp\/v2\/comments?post=20871"}],"wp:featuredmedia":[{"embeddable":true,"href":"https:\/\/www.rentaplazacarso.com\/pt-br\/wp-json\/wp\/v2\/media\/20288"}],"wp:attachment":[{"href":"https:\/\/www.rentaplazacarso.com\/pt-br\/wp-json\/wp\/v2\/media?parent=20871"}],"wp:term":[{"taxonomy":"product_brand","embeddable":true,"href":"https:\/\/www.rentaplazacarso.com\/pt-br\/wp-json\/wp\/v2\/product_brand?post=20871"},{"taxonomy":"product_cat","embeddable":true,"href":"https:\/\/www.rentaplazacarso.com\/pt-br\/wp-json\/wp\/v2\/product_cat?post=20871"},{"taxonomy":"product_tag","embeddable":true,"href":"https:\/\/www.rentaplazacarso.com\/pt-br\/wp-json\/wp\/v2\/product_tag?post=20871"}],"curies":[{"name":"wp","href":"https:\/\/api.w.org\/{rel}","templated":true}]}}