{"id":20853,"date":"2025-08-21T19:41:00","date_gmt":"2025-08-21T19:41:00","guid":{"rendered":"https:\/\/www.rentaplazacarso.com\/bom-mobiliado-1-quarto\/"},"modified":"2026-01-20T17:10:57","modified_gmt":"2026-01-20T17:10:57","slug":"bom-mobiliado-1-quarto","status":"publish","type":"product","link":"https:\/\/www.rentaplazacarso.com\/pt-br\/product\/bom-mobiliado-1-quarto\/","title":{"rendered":"BOM MOBILIADO 1 QUARTO"},"content":{"rendered":"<p>LINDO APARTAMENTO DE 1 QUARTO. ACABAMENTOS DE ALTA QUALIDADE. TOTALMENTE MOBILIADO. 65 M2. 1 QUARTO MUITO ESPA\u00c7OSO COM BANHEIRO COMPLETO E CLOSET. BANHEIRO PARA H\u00d3SPEDES. BELA COZINHA ABERTA.       \u00c1REA DE LAVANDERIA. SALA DE ESTAR E JANTAR ESPA\u00c7OSAS. M\u00d3VEIS DE ALTA QUALIDADE.   DISTRIBUI\u00c7\u00c3O PERFEITA. MUITO BRILHANTE. CONJUNTO COMPLETO DE COMODIDADES. SEGURAN\u00c7A 24 HORAS. TORRE MUITO BEM LOCALIZADA. MANUTEN\u00c7\u00c3O INCLU\u00cdDA NO ALUGUEL. ALUGUEL SOMENTE POR LONGOS PER\u00cdODOS.      <\/p>\n","protected":false},"excerpt":{"rendered":"<p>LINDO APARTAMENTO DE 1 QUARTO. ACABAMENTOS DE ALTA QUALIDADE. TOTALMENTE MOBILIADO. 65 M2. 1 QUARTO MUITO ESPA\u00c7OSO COM BANHEIRO COMPLETO E CLOSET. BANHEIRO PARA H\u00d3SPEDES. BELA COZINHA ABERTA. \u00c1REA DE LAVANDERIA. SALA DE ESTAR E JANTAR ESPA\u00c7OSAS. M\u00d3VEIS DE ALTA QUALIDADE. DISTRIBUI\u00c7\u00c3O PERFEITA. MUITO BRILHANTE. CONJUNTO COMPLETO DE COMODIDADES. SEGURAN\u00c7A 24 HORAS. TORRE MUITO BEM [&hellip;]<\/p>\n","protected":false},"featured_media":20436,"comment_status":"open","ping_status":"closed","template":"","meta":{"_joinchat":[]},"product_brand":[],"product_cat":[378,393,377],"product_tag":[668],"class_list":{"0":"post-20853","1":"product","2":"type-product","3":"status-publish","4":"has-post-thumbnail","6":"product_cat-aluguel","7":"product_cat-botticelli-pt-br","8":"product_cat-departamentos","9":"product_tag-aluguel","10":"pa_recamara-24","12":"first","13":"instock","14":"shipping-taxable","15":"purchasable","16":"product-type-simple"},"_links":{"self":[{"href":"https:\/\/www.rentaplazacarso.com\/pt-br\/wp-json\/wp\/v2\/product\/20853","targetHints":{"allow":["GET"]}}],"collection":[{"href":"https:\/\/www.rentaplazacarso.com\/pt-br\/wp-json\/wp\/v2\/product"}],"about":[{"href":"https:\/\/www.rentaplazacarso.com\/pt-br\/wp-json\/wp\/v2\/types\/product"}],"replies":[{"embeddable":true,"href":"https:\/\/www.rentaplazacarso.com\/pt-br\/wp-json\/wp\/v2\/comments?post=20853"}],"wp:featuredmedia":[{"embeddable":true,"href":"https:\/\/www.rentaplazacarso.com\/pt-br\/wp-json\/wp\/v2\/media\/20436"}],"wp:attachment":[{"href":"https:\/\/www.rentaplazacarso.com\/pt-br\/wp-json\/wp\/v2\/media?parent=20853"}],"wp:term":[{"taxonomy":"product_brand","embeddable":true,"href":"https:\/\/www.rentaplazacarso.com\/pt-br\/wp-json\/wp\/v2\/product_brand?post=20853"},{"taxonomy":"product_cat","embeddable":true,"href":"https:\/\/www.rentaplazacarso.com\/pt-br\/wp-json\/wp\/v2\/product_cat?post=20853"},{"taxonomy":"product_tag","embeddable":true,"href":"https:\/\/www.rentaplazacarso.com\/pt-br\/wp-json\/wp\/v2\/product_tag?post=20853"}],"curies":[{"name":"wp","href":"https:\/\/api.w.org\/{rel}","templated":true}]}}