{"id":20851,"date":"2025-08-25T17:51:51","date_gmt":"2025-08-25T17:51:51","guid":{"rendered":"https:\/\/www.rentaplazacarso.com\/1-quarto-mobiliado-muito-bom\/"},"modified":"2026-01-20T17:09:54","modified_gmt":"2026-01-20T17:09:54","slug":"1-quarto-mobiliado-muito-bom","status":"publish","type":"product","link":"https:\/\/www.rentaplazacarso.com\/pt-br\/product\/1-quarto-mobiliado-muito-bom\/","title":{"rendered":"1 QUARTO MOBILIADO MUITO BOM"},"content":{"rendered":"<p>APARTAMENTO COMPLETAMENTE MOBILIADO E EQUIPADO MUITO BOM. 75 M2. 1 QUARTO COM BANHEIRO COMPLETO E CLOSET. \u00c1REA DE LAVANDERIA. ACABAMENTOS DE ALTA QUALIDADE. JANELAS GRANDES. MUITO LUMINOSO. 1 BOX DE ESTACIONAMENTO. VIGIL\u00c2NCIA 24 HORAS. ESTACIONAMENTO PARA VISITANTES. CONJUNTO COMPLETO DE COMODIDADES. TORRE MUITO TRANQUILA E SEGURA. TODOS OS SERVI\u00c7OS AO REDOR. LOCALIZA\u00c7\u00c3O IMBAT\u00cdVEL. MANUTEN\u00c7\u00c3O INCLU\u00cdDA NO ALUGUEL. SOMENTE PARA ALUGUEL DE LONGA DURA\u00c7\u00c3O.               <\/p>\n","protected":false},"excerpt":{"rendered":"<p>APARTAMENTO COMPLETAMENTE MOBILIADO E EQUIPADO MUITO BOM. 75 M2. 1 QUARTO COM BANHEIRO COMPLETO E CLOSET. \u00c1REA DE LAVANDERIA. ACABAMENTOS DE ALTA QUALIDADE. JANELAS GRANDES. MUITO LUMINOSO. 1 BOX DE ESTACIONAMENTO. VIGIL\u00c2NCIA 24 HORAS. ESTACIONAMENTO PARA VISITANTES. CONJUNTO COMPLETO DE COMODIDADES. TORRE MUITO TRANQUILA E SEGURA. TODOS OS SERVI\u00c7OS AO REDOR. LOCALIZA\u00c7\u00c3O IMBAT\u00cdVEL. MANUTEN\u00c7\u00c3O INCLU\u00cdDA [&hellip;]<\/p>\n","protected":false},"featured_media":20535,"comment_status":"open","ping_status":"closed","template":"","meta":{"_joinchat":[]},"product_brand":[],"product_cat":[378,377,913],"product_tag":[668],"class_list":{"0":"post-20851","1":"product","2":"type-product","3":"status-publish","4":"has-post-thumbnail","6":"product_cat-aluguel","7":"product_cat-departamentos","8":"product_cat-goya-pt-br","9":"product_tag-aluguel","10":"pa_recamara-24","12":"first","13":"instock","14":"shipping-taxable","15":"purchasable","16":"product-type-simple"},"_links":{"self":[{"href":"https:\/\/www.rentaplazacarso.com\/pt-br\/wp-json\/wp\/v2\/product\/20851","targetHints":{"allow":["GET"]}}],"collection":[{"href":"https:\/\/www.rentaplazacarso.com\/pt-br\/wp-json\/wp\/v2\/product"}],"about":[{"href":"https:\/\/www.rentaplazacarso.com\/pt-br\/wp-json\/wp\/v2\/types\/product"}],"replies":[{"embeddable":true,"href":"https:\/\/www.rentaplazacarso.com\/pt-br\/wp-json\/wp\/v2\/comments?post=20851"}],"wp:featuredmedia":[{"embeddable":true,"href":"https:\/\/www.rentaplazacarso.com\/pt-br\/wp-json\/wp\/v2\/media\/20535"}],"wp:attachment":[{"href":"https:\/\/www.rentaplazacarso.com\/pt-br\/wp-json\/wp\/v2\/media?parent=20851"}],"wp:term":[{"taxonomy":"product_brand","embeddable":true,"href":"https:\/\/www.rentaplazacarso.com\/pt-br\/wp-json\/wp\/v2\/product_brand?post=20851"},{"taxonomy":"product_cat","embeddable":true,"href":"https:\/\/www.rentaplazacarso.com\/pt-br\/wp-json\/wp\/v2\/product_cat?post=20851"},{"taxonomy":"product_tag","embeddable":true,"href":"https:\/\/www.rentaplazacarso.com\/pt-br\/wp-json\/wp\/v2\/product_tag?post=20851"}],"curies":[{"name":"wp","href":"https:\/\/api.w.org\/{rel}","templated":true}]}}