{"id":20842,"date":"2025-08-26T16:34:35","date_gmt":"2025-08-26T16:34:35","guid":{"rendered":"https:\/\/www.rentaplazacarso.com\/mobiliado-com-1-dormitorio-5\/"},"modified":"2025-10-02T16:13:58","modified_gmt":"2025-10-02T16:13:58","slug":"mobiliado-com-1-dormitorio-5","status":"publish","type":"product","link":"https:\/\/www.rentaplazacarso.com\/pt-br\/product\/mobiliado-com-1-dormitorio-5\/","title":{"rendered":"MOBILIADO COM 1 DORMIT\u00d3RIO"},"content":{"rendered":"<p>APARTAMENTO DE 60 M2: TOTALMENTE MOBILIADO E EQUIPADO. SALA DE ESTAR AMPLA.  COZINHA ABERTA E AGRAD\u00c1VEL. \u00c1REA DE LAVANDERIA. QUARTO COM CLOSET. BANHEIRO ESPA\u00c7OSO. TETOS DE 3 METROS QUE PROPORCIONAM MUITA LUZ. VISTA PARA O JARDIM.      1 VAGA DE GARAGEM. ACESSO DIRETO AO SHOPPING CENTER. CONJUNTO COMPLETO DE COMODIDADES. VIGIL\u00c2NCIA 24 HORAS. ESTACIONAMENTO PARA VISITANTES. LOCALIZA\u00c7\u00c3O PERFEITA. SERVI\u00c7OS INCLU\u00cdDOS NO PRE\u00c7O. MANUTEN\u00c7\u00c3O INCLU\u00cdDA NO ALUGUEL.       <\/p>\n","protected":false},"excerpt":{"rendered":"<p>APARTAMENTO DE 60 M2: TOTALMENTE MOBILIADO E EQUIPADO. SALA DE ESTAR AMPLA. COZINHA ABERTA E AGRAD\u00c1VEL. \u00c1REA DE LAVANDERIA. QUARTO COM CLOSET. BANHEIRO ESPA\u00c7OSO. TETOS DE 3 METROS QUE PROPORCIONAM MUITA LUZ. VISTA PARA O JARDIM. 1 VAGA DE GARAGEM. ACESSO DIRETO AO SHOPPING CENTER. CONJUNTO COMPLETO DE COMODIDADES. VIGIL\u00c2NCIA 24 HORAS. ESTACIONAMENTO PARA VISITANTES. [&hellip;]<\/p>\n","protected":false},"featured_media":20613,"comment_status":"open","ping_status":"closed","template":"","meta":{"_joinchat":[]},"product_brand":[],"product_cat":[378,667,377],"product_tag":[668],"class_list":{"0":"post-20842","1":"product","2":"type-product","3":"status-publish","4":"has-post-thumbnail","6":"product_cat-aluguel","7":"product_cat-dali-pt-br","8":"product_cat-departamentos","9":"product_tag-aluguel","10":"pa_recamara-24","12":"first","13":"instock","14":"shipping-taxable","15":"purchasable","16":"product-type-simple"},"_links":{"self":[{"href":"https:\/\/www.rentaplazacarso.com\/pt-br\/wp-json\/wp\/v2\/product\/20842","targetHints":{"allow":["GET"]}}],"collection":[{"href":"https:\/\/www.rentaplazacarso.com\/pt-br\/wp-json\/wp\/v2\/product"}],"about":[{"href":"https:\/\/www.rentaplazacarso.com\/pt-br\/wp-json\/wp\/v2\/types\/product"}],"replies":[{"embeddable":true,"href":"https:\/\/www.rentaplazacarso.com\/pt-br\/wp-json\/wp\/v2\/comments?post=20842"}],"wp:featuredmedia":[{"embeddable":true,"href":"https:\/\/www.rentaplazacarso.com\/pt-br\/wp-json\/wp\/v2\/media\/20613"}],"wp:attachment":[{"href":"https:\/\/www.rentaplazacarso.com\/pt-br\/wp-json\/wp\/v2\/media?parent=20842"}],"wp:term":[{"taxonomy":"product_brand","embeddable":true,"href":"https:\/\/www.rentaplazacarso.com\/pt-br\/wp-json\/wp\/v2\/product_brand?post=20842"},{"taxonomy":"product_cat","embeddable":true,"href":"https:\/\/www.rentaplazacarso.com\/pt-br\/wp-json\/wp\/v2\/product_cat?post=20842"},{"taxonomy":"product_tag","embeddable":true,"href":"https:\/\/www.rentaplazacarso.com\/pt-br\/wp-json\/wp\/v2\/product_tag?post=20842"}],"curies":[{"name":"wp","href":"https:\/\/api.w.org\/{rel}","templated":true}]}}