{"id":20829,"date":"2025-08-28T19:22:34","date_gmt":"2025-08-28T19:22:34","guid":{"rendered":"https:\/\/www.rentaplazacarso.com\/3-quartos-mobiliados\/"},"modified":"2025-09-30T19:09:44","modified_gmt":"2025-09-30T19:09:44","slug":"3-quartos-mobiliados","status":"publish","type":"product","link":"https:\/\/www.rentaplazacarso.com\/pt-br\/product\/3-quartos-mobiliados\/","title":{"rendered":"3 QUARTOS MOBILIADOS"},"content":{"rendered":"<p>APARTAMENTO DE ESQUINA DE 120 M2. 3 QUARTOS. QUARTO PRINCIPAL COM BANHEIRO COMPLETO E CLOSET. OS OUTROS DOIS QUARTOS COMPARTILHAM UM BANHEIRO.    BANHEIRO DE H\u00d3SPEDES. SALA DE ESTAR E JANTAR ESPA\u00c7OSA. \u00c1REA DE LAVANDERIA. LINDA COZINHA AMERICANA. TETOS DE 3 METROS QUE PROPORCIONAM MUITA LUZ E ESPA\u00c7O. QUARTOS MUITO ESPA\u00c7OSOS. BELAS VISTAS. 2 VAGAS DE ESTACIONAMENTO. ACESSO DIRETO AO SHOPPING CENTER. CONJUNTO COMPLETO DE COMODIDADES. ESTACIONAMENTO PARA VISITANTES. VIGIL\u00c2NCIA 24 HORAS. TORRE MUITO BEM LOCALIZADA, COM TODOS OS SERVI\u00c7OS AO REDOR.<\/p>\n","protected":false},"excerpt":{"rendered":"<p>APARTAMENTO DE ESQUINA DE 120 M2. 3 QUARTOS. QUARTO PRINCIPAL COM BANHEIRO COMPLETO E CLOSET. OS OUTROS DOIS QUARTOS COMPARTILHAM UM BANHEIRO. BANHEIRO DE H\u00d3SPEDES. SALA DE ESTAR E JANTAR ESPA\u00c7OSA. \u00c1REA DE LAVANDERIA. LINDA COZINHA AMERICANA. TETOS DE 3 METROS QUE PROPORCIONAM MUITA LUZ E ESPA\u00c7O. QUARTOS MUITO ESPA\u00c7OSOS. BELAS VISTAS. 2 VAGAS DE [&hellip;]<\/p>\n","protected":false},"featured_media":23073,"comment_status":"open","ping_status":"closed","template":"","meta":{"_joinchat":[]},"product_brand":[],"product_cat":[378,377,695],"product_tag":[668],"class_list":{"0":"post-20829","1":"product","2":"type-product","3":"status-publish","4":"has-post-thumbnail","6":"product_cat-aluguel","7":"product_cat-departamentos","8":"product_cat-monet-pt-br","9":"product_tag-aluguel","10":"pa_recamara-26","12":"first","13":"instock","14":"shipping-taxable","15":"purchasable","16":"product-type-simple"},"_links":{"self":[{"href":"https:\/\/www.rentaplazacarso.com\/pt-br\/wp-json\/wp\/v2\/product\/20829","targetHints":{"allow":["GET"]}}],"collection":[{"href":"https:\/\/www.rentaplazacarso.com\/pt-br\/wp-json\/wp\/v2\/product"}],"about":[{"href":"https:\/\/www.rentaplazacarso.com\/pt-br\/wp-json\/wp\/v2\/types\/product"}],"replies":[{"embeddable":true,"href":"https:\/\/www.rentaplazacarso.com\/pt-br\/wp-json\/wp\/v2\/comments?post=20829"}],"wp:featuredmedia":[{"embeddable":true,"href":"https:\/\/www.rentaplazacarso.com\/pt-br\/wp-json\/wp\/v2\/media\/23073"}],"wp:attachment":[{"href":"https:\/\/www.rentaplazacarso.com\/pt-br\/wp-json\/wp\/v2\/media?parent=20829"}],"wp:term":[{"taxonomy":"product_brand","embeddable":true,"href":"https:\/\/www.rentaplazacarso.com\/pt-br\/wp-json\/wp\/v2\/product_brand?post=20829"},{"taxonomy":"product_cat","embeddable":true,"href":"https:\/\/www.rentaplazacarso.com\/pt-br\/wp-json\/wp\/v2\/product_cat?post=20829"},{"taxonomy":"product_tag","embeddable":true,"href":"https:\/\/www.rentaplazacarso.com\/pt-br\/wp-json\/wp\/v2\/product_tag?post=20829"}],"curies":[{"name":"wp","href":"https:\/\/api.w.org\/{rel}","templated":true}]}}