{"id":19308,"date":"2025-08-08T19:49:07","date_gmt":"2025-08-08T19:49:07","guid":{"rendered":"https:\/\/www.rentaplazacarso.com\/apartamento-espacoso-de-1-quarto\/"},"modified":"2025-11-10T18:57:19","modified_gmt":"2025-11-10T18:57:19","slug":"apartamento-espacoso-de-1-quarto","status":"publish","type":"product","link":"https:\/\/www.rentaplazacarso.com\/pt-br\/product\/apartamento-espacoso-de-1-quarto\/","title":{"rendered":"APARTAMENTO ESPA\u00c7OSO DE 1 QUARTO"},"content":{"rendered":"<p>APARTAMENTO TOTALMENTE MOBILIADO E EQUIPADO. 75 M2. 1 QUARTO COM BANHEIRO COMPLETO E CLOSET.   COZINHA ABERTA E AGRAD\u00c1VEL. \u00c1REA DE LAVANDERIA. C\u00d4MODOS MUITO ESPA\u00c7OSOS. ACABAMENTOS DE ALTA QUALIDADE. JANELAS GRANDES. MUITO LUMINOSO. 1 VAGA DE GARAGEM. VIGIL\u00c2NCIA 24 HORAS. ESTACIONAMENTO PARA VISITANTES. CONJUNTO COMPLETO DE COMODIDADES. TORRE MUITO TRANQUILA E SEGURA. TODOS OS SERVI\u00c7OS AO REDOR. LOCALIZA\u00c7\u00c3O IMBAT\u00cdVEL. MANUTEN\u00c7\u00c3O INCLU\u00cdDA NO ALUGUEL. SOMENTE PARA ALUGUEL DE LONGA DURA\u00c7\u00c3O.              <\/p>\n","protected":false},"excerpt":{"rendered":"<p>APARTAMENTO TOTALMENTE MOBILIADO E EQUIPADO. 75 M2. 1 QUARTO COM BANHEIRO COMPLETO E CLOSET. COZINHA ABERTA E AGRAD\u00c1VEL. \u00c1REA DE LAVANDERIA. C\u00d4MODOS MUITO ESPA\u00c7OSOS. ACABAMENTOS DE ALTA QUALIDADE. JANELAS GRANDES. MUITO LUMINOSO. 1 VAGA DE GARAGEM. VIGIL\u00c2NCIA 24 HORAS. ESTACIONAMENTO PARA VISITANTES. CONJUNTO COMPLETO DE COMODIDADES. TORRE MUITO TRANQUILA E SEGURA. TODOS OS SERVI\u00c7OS AO [&hellip;]<\/p>\n","protected":false},"featured_media":19302,"comment_status":"open","ping_status":"closed","template":"","meta":{"_joinchat":[]},"product_brand":[],"product_cat":[378,377,470],"product_tag":[668],"class_list":{"0":"post-19308","1":"product","2":"type-product","3":"status-publish","4":"has-post-thumbnail","6":"product_cat-aluguel","7":"product_cat-departamentos","8":"product_cat-van-gogh-pt-br","9":"product_tag-aluguel","10":"pa_recamara-24","12":"first","13":"instock","14":"shipping-taxable","15":"purchasable","16":"product-type-simple"},"_links":{"self":[{"href":"https:\/\/www.rentaplazacarso.com\/pt-br\/wp-json\/wp\/v2\/product\/19308","targetHints":{"allow":["GET"]}}],"collection":[{"href":"https:\/\/www.rentaplazacarso.com\/pt-br\/wp-json\/wp\/v2\/product"}],"about":[{"href":"https:\/\/www.rentaplazacarso.com\/pt-br\/wp-json\/wp\/v2\/types\/product"}],"replies":[{"embeddable":true,"href":"https:\/\/www.rentaplazacarso.com\/pt-br\/wp-json\/wp\/v2\/comments?post=19308"}],"wp:featuredmedia":[{"embeddable":true,"href":"https:\/\/www.rentaplazacarso.com\/pt-br\/wp-json\/wp\/v2\/media\/19302"}],"wp:attachment":[{"href":"https:\/\/www.rentaplazacarso.com\/pt-br\/wp-json\/wp\/v2\/media?parent=19308"}],"wp:term":[{"taxonomy":"product_brand","embeddable":true,"href":"https:\/\/www.rentaplazacarso.com\/pt-br\/wp-json\/wp\/v2\/product_brand?post=19308"},{"taxonomy":"product_cat","embeddable":true,"href":"https:\/\/www.rentaplazacarso.com\/pt-br\/wp-json\/wp\/v2\/product_cat?post=19308"},{"taxonomy":"product_tag","embeddable":true,"href":"https:\/\/www.rentaplazacarso.com\/pt-br\/wp-json\/wp\/v2\/product_tag?post=19308"}],"curies":[{"name":"wp","href":"https:\/\/api.w.org\/{rel}","templated":true}]}}