{"id":19106,"date":"2025-08-06T16:37:45","date_gmt":"2025-08-06T16:37:45","guid":{"rendered":"https:\/\/www.rentaplazacarso.com\/lindo-apartamento-mobiliado-de-1-quarto-2\/"},"modified":"2026-01-21T01:34:06","modified_gmt":"2026-01-21T01:34:06","slug":"lindo-apartamento-mobiliado-de-1-quarto-2","status":"publish","type":"product","link":"https:\/\/www.rentaplazacarso.com\/pt-br\/product\/lindo-apartamento-mobiliado-de-1-quarto-2\/","title":{"rendered":"LINDO APARTAMENTO MOBILIADO DE 1 QUARTO"},"content":{"rendered":"<p>IMPRESSIONANTE APARTAMENTO DE 1 QUARTO MOBILIADO E EQUIPADO. 83 M2. TOTALMENTE MOBILIADO E EQUIPADO. 1 QUARTO MUITO GRANDE COM CLOSET ESPA\u00c7OSO E BANHEIRO COMPLETO.    BANHEIRO PARA H\u00d3SPEDES. COZINHA ABERTA E AGRAD\u00c1VEL. AMPLA \u00c1REA DE LAVANDERIA COM MUITO ESPA\u00c7O DE ARMAZENAMENTO.   C\u00d4MODOS MUITO ESPA\u00c7OSOS. JANELAS GRANDES. MUITO ILUMINADO. PISO DE MADEIRA. 1 VAGA DE GARAGEM. CONJUNTO COMPLETO DE COMODIDADES. VIGIL\u00c2NCIA 24 HORAS. ESTACIONAMENTO PARA VISITANTES. TORRE MUITO BEM LOCALIZADA, EM FRENTE AO MERCADO MUNICIPAL. MANUTEN\u00c7\u00c3O INCLU\u00cdDA NO ALUGUEL. SOMENTE PARA ALUGUEL DE LONGA DURA\u00c7\u00c3O.          <\/p>\n","protected":false},"excerpt":{"rendered":"<p>IMPRESSIONANTE APARTAMENTO DE 1 QUARTO MOBILIADO E EQUIPADO. 83 M2. TOTALMENTE MOBILIADO E EQUIPADO. 1 QUARTO MUITO GRANDE COM CLOSET ESPA\u00c7OSO E BANHEIRO COMPLETO. BANHEIRO PARA H\u00d3SPEDES. COZINHA ABERTA E AGRAD\u00c1VEL. AMPLA \u00c1REA DE LAVANDERIA COM MUITO ESPA\u00c7O DE ARMAZENAMENTO. C\u00d4MODOS MUITO ESPA\u00c7OSOS. JANELAS GRANDES. MUITO ILUMINADO. PISO DE MADEIRA. 1 VAGA DE GARAGEM. CONJUNTO [&hellip;]<\/p>\n","protected":false},"featured_media":18974,"comment_status":"open","ping_status":"closed","template":"","meta":{"_joinchat":[]},"product_brand":[],"product_cat":[378,725,377],"product_tag":[668],"class_list":{"0":"post-19106","1":"product","2":"type-product","3":"status-publish","4":"has-post-thumbnail","6":"product_cat-aluguel","7":"product_cat-cezanne-pt-br","8":"product_cat-departamentos","9":"product_tag-aluguel","10":"pa_recamara-24","12":"first","13":"instock","14":"shipping-taxable","15":"purchasable","16":"product-type-simple"},"_links":{"self":[{"href":"https:\/\/www.rentaplazacarso.com\/pt-br\/wp-json\/wp\/v2\/product\/19106","targetHints":{"allow":["GET"]}}],"collection":[{"href":"https:\/\/www.rentaplazacarso.com\/pt-br\/wp-json\/wp\/v2\/product"}],"about":[{"href":"https:\/\/www.rentaplazacarso.com\/pt-br\/wp-json\/wp\/v2\/types\/product"}],"replies":[{"embeddable":true,"href":"https:\/\/www.rentaplazacarso.com\/pt-br\/wp-json\/wp\/v2\/comments?post=19106"}],"wp:featuredmedia":[{"embeddable":true,"href":"https:\/\/www.rentaplazacarso.com\/pt-br\/wp-json\/wp\/v2\/media\/18974"}],"wp:attachment":[{"href":"https:\/\/www.rentaplazacarso.com\/pt-br\/wp-json\/wp\/v2\/media?parent=19106"}],"wp:term":[{"taxonomy":"product_brand","embeddable":true,"href":"https:\/\/www.rentaplazacarso.com\/pt-br\/wp-json\/wp\/v2\/product_brand?post=19106"},{"taxonomy":"product_cat","embeddable":true,"href":"https:\/\/www.rentaplazacarso.com\/pt-br\/wp-json\/wp\/v2\/product_cat?post=19106"},{"taxonomy":"product_tag","embeddable":true,"href":"https:\/\/www.rentaplazacarso.com\/pt-br\/wp-json\/wp\/v2\/product_tag?post=19106"}],"curies":[{"name":"wp","href":"https:\/\/api.w.org\/{rel}","templated":true}]}}