{"id":19101,"date":"2025-08-04T23:29:51","date_gmt":"2025-08-04T23:29:51","guid":{"rendered":"https:\/\/www.rentaplazacarso.com\/2-quartos-nao-mobiliados\/"},"modified":"2026-01-21T15:58:10","modified_gmt":"2026-01-21T15:58:10","slug":"2-quartos-nao-mobiliados","status":"publish","type":"product","link":"https:\/\/www.rentaplazacarso.com\/pt-br\/product\/2-quartos-nao-mobiliados\/","title":{"rendered":"2 QUARTOS N\u00c3O MOBILIADOS"},"content":{"rendered":"<p>APARTAMENTO DE 118 M2. C\u00d4MODOS MUITO ESPA\u00c7OSOS. AMPLA SALA DE ESTAR E JANTAR. COZINHA ABERTA E AGRAD\u00c1VEL. \u00c1REA DE LAVANDERIA. BANHEIRO PARA H\u00d3SPEDES. 2 QUARTOS, CADA UM COM BANHEIRO COMPLETO E CLOSET. BANHEIRO DE H\u00d3SPEDES. EM PERFEITO ESTADO. MUITO LUMINOSO. 2 VAGAS DE GARAGEM. CONJUNTO COMPLETO DE COMODIDADES. SEGURAN\u00c7A 24 HORAS. ESTACIONAMENTO PARA VISITANTES. TORRE MUITO BEM LOCALIZADA. MANUTEN\u00c7\u00c3O INCLU\u00cdDA NO ALUGUEL. NO CASO DE PAGAR 6 MESES ADIANTADOS, O ALUGUEL SERIA DE 36.000 PESOS POR M\u00caS. ***A orienta\u00e7\u00e3o e as vistas podem variar.<\/p>\n","protected":false},"excerpt":{"rendered":"<p>APARTAMENTO DE 118 M2. C\u00d4MODOS MUITO ESPA\u00c7OSOS. AMPLA SALA DE ESTAR E JANTAR. COZINHA ABERTA E AGRAD\u00c1VEL. \u00c1REA DE LAVANDERIA. BANHEIRO PARA H\u00d3SPEDES. 2 QUARTOS, CADA UM COM BANHEIRO COMPLETO E CLOSET. BANHEIRO DE H\u00d3SPEDES. EM PERFEITO ESTADO. MUITO LUMINOSO. 2 VAGAS DE GARAGEM. CONJUNTO COMPLETO DE COMODIDADES. SEGURAN\u00c7A 24 HORAS. ESTACIONAMENTO PARA VISITANTES. TORRE [&hellip;]<\/p>\n","protected":false},"featured_media":18838,"comment_status":"open","ping_status":"closed","template":"","meta":{"_joinchat":[]},"product_brand":[],"product_cat":[378,377,734],"product_tag":[668],"class_list":{"0":"post-19101","1":"product","2":"type-product","3":"status-publish","4":"has-post-thumbnail","6":"product_cat-aluguel","7":"product_cat-departamentos","8":"product_cat-renoir-pt-br","9":"product_tag-aluguel","10":"pa_recamara-25","12":"first","13":"instock","14":"shipping-taxable","15":"purchasable","16":"product-type-simple"},"_links":{"self":[{"href":"https:\/\/www.rentaplazacarso.com\/pt-br\/wp-json\/wp\/v2\/product\/19101","targetHints":{"allow":["GET"]}}],"collection":[{"href":"https:\/\/www.rentaplazacarso.com\/pt-br\/wp-json\/wp\/v2\/product"}],"about":[{"href":"https:\/\/www.rentaplazacarso.com\/pt-br\/wp-json\/wp\/v2\/types\/product"}],"replies":[{"embeddable":true,"href":"https:\/\/www.rentaplazacarso.com\/pt-br\/wp-json\/wp\/v2\/comments?post=19101"}],"wp:featuredmedia":[{"embeddable":true,"href":"https:\/\/www.rentaplazacarso.com\/pt-br\/wp-json\/wp\/v2\/media\/18838"}],"wp:attachment":[{"href":"https:\/\/www.rentaplazacarso.com\/pt-br\/wp-json\/wp\/v2\/media?parent=19101"}],"wp:term":[{"taxonomy":"product_brand","embeddable":true,"href":"https:\/\/www.rentaplazacarso.com\/pt-br\/wp-json\/wp\/v2\/product_brand?post=19101"},{"taxonomy":"product_cat","embeddable":true,"href":"https:\/\/www.rentaplazacarso.com\/pt-br\/wp-json\/wp\/v2\/product_cat?post=19101"},{"taxonomy":"product_tag","embeddable":true,"href":"https:\/\/www.rentaplazacarso.com\/pt-br\/wp-json\/wp\/v2\/product_tag?post=19101"}],"curies":[{"name":"wp","href":"https:\/\/api.w.org\/{rel}","templated":true}]}}