{"id":19092,"date":"2025-08-04T20:10:16","date_gmt":"2025-08-04T20:10:16","guid":{"rendered":"https:\/\/www.rentaplazacarso.com\/3-quartos-com-sala-de-estar-e-quarto-de-empregada\/"},"modified":"2025-10-02T16:12:21","modified_gmt":"2025-10-02T16:12:21","slug":"3-quartos-com-sala-de-estar-e-quarto-de-empregada","status":"publish","type":"product","link":"https:\/\/www.rentaplazacarso.com\/pt-br\/product\/3-quartos-com-sala-de-estar-e-quarto-de-empregada\/","title":{"rendered":"3 QUARTOS COM SALA DE ESTAR E QUARTO DE EMPREGADA"},"content":{"rendered":"<p>175 M2: TOTALMENTE MOBILIADO E EQUIPADO. 3 QUARTOS, CADA UM COM BANHEIRO COMPLETO. QUARTO PRINCIPAL COM BANHEIRA. SALA DE FAM\u00cdLIA. QUARTO DE EMPREGADA. HALL DE ENTRADA.      BANHEIRO DE H\u00d3SPEDES. ESPA\u00c7OSA SALA DE ESTAR\/JANTAR COM AR-CONDICIONADO. VISTAS DE TIRAR O F\u00d4LEGO. PISOS DE M\u00c1RMORE. 2 VAGAS DE ESTACIONAMENTO. AMPLA VARIEDADE DE COMODIDADES. VIGIL\u00c2NCIA 24 HORAS. ESTACIONAMENTO PARA VISITANTES. TORRE MUITO BEM LOCALIZADA. <\/p>\n","protected":false},"excerpt":{"rendered":"<p>175 M2: TOTALMENTE MOBILIADO E EQUIPADO. 3 QUARTOS, CADA UM COM BANHEIRO COMPLETO. QUARTO PRINCIPAL COM BANHEIRA. SALA DE FAM\u00cdLIA. QUARTO DE EMPREGADA. HALL DE ENTRADA. BANHEIRO DE H\u00d3SPEDES. ESPA\u00c7OSA SALA DE ESTAR\/JANTAR COM AR-CONDICIONADO. VISTAS DE TIRAR O F\u00d4LEGO. PISOS DE M\u00c1RMORE. 2 VAGAS DE ESTACIONAMENTO. AMPLA VARIEDADE DE COMODIDADES. VIGIL\u00c2NCIA 24 HORAS. ESTACIONAMENTO [&hellip;]<\/p>\n","protected":false},"featured_media":18619,"comment_status":"open","ping_status":"closed","template":"","meta":{"_joinchat":[]},"product_brand":[],"product_cat":[378,903],"product_tag":[668],"class_list":{"0":"post-19092","1":"product","2":"type-product","3":"status-publish","4":"has-post-thumbnail","6":"product_cat-aluguel","7":"product_cat-miyana-renta-pt-br","8":"product_tag-aluguel","9":"pa_recamara-26","11":"first","12":"instock","13":"shipping-taxable","14":"purchasable","15":"product-type-simple"},"_links":{"self":[{"href":"https:\/\/www.rentaplazacarso.com\/pt-br\/wp-json\/wp\/v2\/product\/19092","targetHints":{"allow":["GET"]}}],"collection":[{"href":"https:\/\/www.rentaplazacarso.com\/pt-br\/wp-json\/wp\/v2\/product"}],"about":[{"href":"https:\/\/www.rentaplazacarso.com\/pt-br\/wp-json\/wp\/v2\/types\/product"}],"replies":[{"embeddable":true,"href":"https:\/\/www.rentaplazacarso.com\/pt-br\/wp-json\/wp\/v2\/comments?post=19092"}],"wp:featuredmedia":[{"embeddable":true,"href":"https:\/\/www.rentaplazacarso.com\/pt-br\/wp-json\/wp\/v2\/media\/18619"}],"wp:attachment":[{"href":"https:\/\/www.rentaplazacarso.com\/pt-br\/wp-json\/wp\/v2\/media?parent=19092"}],"wp:term":[{"taxonomy":"product_brand","embeddable":true,"href":"https:\/\/www.rentaplazacarso.com\/pt-br\/wp-json\/wp\/v2\/product_brand?post=19092"},{"taxonomy":"product_cat","embeddable":true,"href":"https:\/\/www.rentaplazacarso.com\/pt-br\/wp-json\/wp\/v2\/product_cat?post=19092"},{"taxonomy":"product_tag","embeddable":true,"href":"https:\/\/www.rentaplazacarso.com\/pt-br\/wp-json\/wp\/v2\/product_tag?post=19092"}],"curies":[{"name":"wp","href":"https:\/\/api.w.org\/{rel}","templated":true}]}}