{"id":19088,"date":"2025-08-04T19:16:56","date_gmt":"2025-08-04T19:16:56","guid":{"rendered":"https:\/\/www.rentaplazacarso.com\/3-quartos-sala-de-estar-e-dependencias-de-empregada-2\/"},"modified":"2026-01-21T18:10:31","modified_gmt":"2026-01-21T18:10:31","slug":"3-quartos-sala-de-estar-e-dependencias-de-empregada-2","status":"publish","type":"product","link":"https:\/\/www.rentaplazacarso.com\/pt-br\/product\/3-quartos-sala-de-estar-e-dependencias-de-empregada-2\/","title":{"rendered":"3 QUARTOS, SALA DE ESTAR E DEPEND\u00caNCIAS DE EMPREGADA"},"content":{"rendered":"<p>APARTAMENTO EM PERFEITO ESTADO DE CONSERVA\u00c7\u00c3O, TOTALMENTE MOBILIADO E EQUIPADO. 168 M2: 3 QUARTOS, CADA UM COM BANHEIRO COMPLETO E CLOSET. SALA DE FAM\u00cdLIA. COZINHA ABERTA E ESPA\u00c7OSA.    \u00c1REA DE LAVANDERIA. QUARTO DA EMPREGADA. BANHEIRO DE H\u00d3SPEDES. SALA DE ESTAR E JANTAR ESPA\u00c7OSA.   MUITO LEVE. 3 VAGAS DE ESTACIONAMENTO. CONJUNTO COMPLETO DE COMODIDADES. VIGIL\u00c2NCIA 24 HORAS. TORRE MUITO BEM LOCALIZADA.<\/p>\n","protected":false},"excerpt":{"rendered":"<p>APARTAMENTO EM PERFEITO ESTADO DE CONSERVA\u00c7\u00c3O, TOTALMENTE MOBILIADO E EQUIPADO. 168 M2: 3 QUARTOS, CADA UM COM BANHEIRO COMPLETO E CLOSET. SALA DE FAM\u00cdLIA. COZINHA ABERTA E ESPA\u00c7OSA. \u00c1REA DE LAVANDERIA. QUARTO DA EMPREGADA. BANHEIRO DE H\u00d3SPEDES. SALA DE ESTAR E JANTAR ESPA\u00c7OSA. MUITO LEVE. 3 VAGAS DE ESTACIONAMENTO. CONJUNTO COMPLETO DE COMODIDADES. VIGIL\u00c2NCIA 24 [&hellip;]<\/p>\n","protected":false},"featured_media":18414,"comment_status":"open","ping_status":"closed","template":"","meta":{"_joinchat":[]},"product_brand":[],"product_cat":[378,393,377],"product_tag":[668],"class_list":{"0":"post-19088","1":"product","2":"type-product","3":"status-publish","4":"has-post-thumbnail","6":"product_cat-aluguel","7":"product_cat-botticelli-pt-br","8":"product_cat-departamentos","9":"product_tag-aluguel","10":"pa_recamara-26","12":"first","13":"instock","14":"shipping-taxable","15":"purchasable","16":"product-type-simple"},"_links":{"self":[{"href":"https:\/\/www.rentaplazacarso.com\/pt-br\/wp-json\/wp\/v2\/product\/19088","targetHints":{"allow":["GET"]}}],"collection":[{"href":"https:\/\/www.rentaplazacarso.com\/pt-br\/wp-json\/wp\/v2\/product"}],"about":[{"href":"https:\/\/www.rentaplazacarso.com\/pt-br\/wp-json\/wp\/v2\/types\/product"}],"replies":[{"embeddable":true,"href":"https:\/\/www.rentaplazacarso.com\/pt-br\/wp-json\/wp\/v2\/comments?post=19088"}],"wp:featuredmedia":[{"embeddable":true,"href":"https:\/\/www.rentaplazacarso.com\/pt-br\/wp-json\/wp\/v2\/media\/18414"}],"wp:attachment":[{"href":"https:\/\/www.rentaplazacarso.com\/pt-br\/wp-json\/wp\/v2\/media?parent=19088"}],"wp:term":[{"taxonomy":"product_brand","embeddable":true,"href":"https:\/\/www.rentaplazacarso.com\/pt-br\/wp-json\/wp\/v2\/product_brand?post=19088"},{"taxonomy":"product_cat","embeddable":true,"href":"https:\/\/www.rentaplazacarso.com\/pt-br\/wp-json\/wp\/v2\/product_cat?post=19088"},{"taxonomy":"product_tag","embeddable":true,"href":"https:\/\/www.rentaplazacarso.com\/pt-br\/wp-json\/wp\/v2\/product_tag?post=19088"}],"curies":[{"name":"wp","href":"https:\/\/api.w.org\/{rel}","templated":true}]}}