{"id":19079,"date":"2025-08-04T17:39:51","date_gmt":"2025-08-04T17:39:51","guid":{"rendered":"https:\/\/www.rentaplazacarso.com\/mobiliado-com-1-dormitorio-4\/"},"modified":"2026-01-21T18:11:51","modified_gmt":"2026-01-21T18:11:51","slug":"mobiliado-com-1-dormitorio-4","status":"publish","type":"product","link":"https:\/\/www.rentaplazacarso.com\/pt-br\/product\/mobiliado-com-1-dormitorio-4\/","title":{"rendered":"MOBILIADO COM 1 DORMIT\u00d3RIO"},"content":{"rendered":"<p>APARTAMENTO DE 1 QUARTO TOTALMENTE MOBILIADO E EQUIPADO. ACESSO DIRETO AO CENTRO COMERCIAL. 70 M2. 1 QUARTO MUITO ESPA\u00c7OSO COM BANHEIRO COMPLETO E CLOSET. COZINHA ABERTA AGRAD\u00c1VEL. SALA DE ESTAR E JANTAR MUITO ESPA\u00c7OSA. JANELAS ENORMES EM TODOS OS C\u00d4MODOS. MUITO LUMINOSO. EXTERIOR. \u00c1REA DE LAVAGEM. ACABAMENTOS E QUALIDADES MUITO BONS. EM PERFEITO ESTADO. 1 VAGA DE GARAGEM. CONJUNTO COMPLETO DE COMODIDADES. VIGIL\u00c2NCIA 24 HORAS. ACESSO POR IMPRESS\u00c3O DIGITAL. ESTACIONAMENTO PARA VISITANTES. TORRE MUITO TRANQUILA E SEGURA. LOCALIZA\u00c7\u00c3O PERFEITA. MANUTEN\u00c7\u00c3O INCLU\u00cdDA NO ALUGUEL. ALUGUEL SOMENTE PARA LONGOS PER\u00cdODOS DE PERMAN\u00caNCIA.                    <\/p>\n","protected":false},"excerpt":{"rendered":"<p>APARTAMENTO DE 1 QUARTO TOTALMENTE MOBILIADO E EQUIPADO. ACESSO DIRETO AO CENTRO COMERCIAL. 70 M2. 1 QUARTO MUITO ESPA\u00c7OSO COM BANHEIRO COMPLETO E CLOSET. COZINHA ABERTA AGRAD\u00c1VEL. SALA DE ESTAR E JANTAR MUITO ESPA\u00c7OSA. JANELAS ENORMES EM TODOS OS C\u00d4MODOS. MUITO LUMINOSO. EXTERIOR. \u00c1REA DE LAVAGEM. ACABAMENTOS E QUALIDADES MUITO BONS. EM PERFEITO ESTADO. 1 [&hellip;]<\/p>\n","protected":false},"featured_media":18238,"comment_status":"open","ping_status":"closed","template":"","meta":{"_joinchat":[]},"product_brand":[],"product_cat":[378,377,825],"product_tag":[668],"class_list":{"0":"post-19079","1":"product","2":"type-product","3":"status-publish","4":"has-post-thumbnail","6":"product_cat-aluguel","7":"product_cat-departamentos","8":"product_cat-pissarro-pt-br-2","9":"product_tag-aluguel","10":"pa_recamara-24","12":"first","13":"instock","14":"shipping-taxable","15":"purchasable","16":"product-type-simple"},"_links":{"self":[{"href":"https:\/\/www.rentaplazacarso.com\/pt-br\/wp-json\/wp\/v2\/product\/19079","targetHints":{"allow":["GET"]}}],"collection":[{"href":"https:\/\/www.rentaplazacarso.com\/pt-br\/wp-json\/wp\/v2\/product"}],"about":[{"href":"https:\/\/www.rentaplazacarso.com\/pt-br\/wp-json\/wp\/v2\/types\/product"}],"replies":[{"embeddable":true,"href":"https:\/\/www.rentaplazacarso.com\/pt-br\/wp-json\/wp\/v2\/comments?post=19079"}],"wp:featuredmedia":[{"embeddable":true,"href":"https:\/\/www.rentaplazacarso.com\/pt-br\/wp-json\/wp\/v2\/media\/18238"}],"wp:attachment":[{"href":"https:\/\/www.rentaplazacarso.com\/pt-br\/wp-json\/wp\/v2\/media?parent=19079"}],"wp:term":[{"taxonomy":"product_brand","embeddable":true,"href":"https:\/\/www.rentaplazacarso.com\/pt-br\/wp-json\/wp\/v2\/product_brand?post=19079"},{"taxonomy":"product_cat","embeddable":true,"href":"https:\/\/www.rentaplazacarso.com\/pt-br\/wp-json\/wp\/v2\/product_cat?post=19079"},{"taxonomy":"product_tag","embeddable":true,"href":"https:\/\/www.rentaplazacarso.com\/pt-br\/wp-json\/wp\/v2\/product_tag?post=19079"}],"curies":[{"name":"wp","href":"https:\/\/api.w.org\/{rel}","templated":true}]}}