{"id":19065,"date":"2025-06-30T23:01:34","date_gmt":"2025-06-30T23:01:34","guid":{"rendered":"https:\/\/www.rentaplazacarso.com\/apartamento-mobiliado-de-2-quartos-muito-bom\/"},"modified":"2026-01-21T18:20:47","modified_gmt":"2026-01-21T18:20:47","slug":"apartamento-mobiliado-de-2-quartos-muito-bom","status":"publish","type":"product","link":"https:\/\/www.rentaplazacarso.com\/pt-br\/product\/apartamento-mobiliado-de-2-quartos-muito-bom\/","title":{"rendered":"APARTAMENTO MOBILIADO DE 2 QUARTOS MUITO BOM"},"content":{"rendered":"<p>LINDO APARTAMENTO PARA ALUGAR TOTALMENTE MOBILIADO E EQUIPADO: 115 M2, 2 QUARTOS, CADA UM COM BANHEIRO COMPLETO. COZINHA AMPLA E ABERTA. SALA DE ESTAR E JANTAR ESPA\u00c7OSA. VISTAS AGRAD\u00c1VEIS. TETOS DE 3 METROS QUE LHE D\u00c3O MUITA AMPLITUDE. MUITO ILUMINADO.      PISO DE MADEIRA. 2 VAGAS DE ESTACIONAMENTO. CONJUNTO COMPLETO DE COMODIDADES. ESTACIONAMENTO PARA VISITANTES. ACESSO DIRETO AO SHOPPING CENTER. VIGIL\u00c2NCIA 24 HORAS. MANUTEN\u00c7\u00c3O INCLU\u00cdDA NO ALUGUEL. ALUGUEL M\u00cdNIMO POR UM ANO. <\/p>\n","protected":false},"excerpt":{"rendered":"<p>LINDO APARTAMENTO PARA ALUGAR TOTALMENTE MOBILIADO E EQUIPADO: 115 M2, 2 QUARTOS, CADA UM COM BANHEIRO COMPLETO. COZINHA AMPLA E ABERTA. SALA DE ESTAR E JANTAR ESPA\u00c7OSA. VISTAS AGRAD\u00c1VEIS. TETOS DE 3 METROS QUE LHE D\u00c3O MUITA AMPLITUDE. MUITO ILUMINADO. PISO DE MADEIRA. 2 VAGAS DE ESTACIONAMENTO. CONJUNTO COMPLETO DE COMODIDADES. ESTACIONAMENTO PARA VISITANTES. ACESSO [&hellip;]<\/p>\n","protected":false},"featured_media":16889,"comment_status":"open","ping_status":"closed","template":"","meta":{"_joinchat":[]},"product_brand":[],"product_cat":[378,377,729],"product_tag":[668],"class_list":{"0":"post-19065","1":"product","2":"type-product","3":"status-publish","4":"has-post-thumbnail","6":"product_cat-aluguel","7":"product_cat-departamentos","8":"product_cat-rodin-pt-br","9":"product_tag-aluguel","10":"pa_recamara-25","12":"first","13":"instock","14":"shipping-taxable","15":"purchasable","16":"product-type-simple"},"_links":{"self":[{"href":"https:\/\/www.rentaplazacarso.com\/pt-br\/wp-json\/wp\/v2\/product\/19065","targetHints":{"allow":["GET"]}}],"collection":[{"href":"https:\/\/www.rentaplazacarso.com\/pt-br\/wp-json\/wp\/v2\/product"}],"about":[{"href":"https:\/\/www.rentaplazacarso.com\/pt-br\/wp-json\/wp\/v2\/types\/product"}],"replies":[{"embeddable":true,"href":"https:\/\/www.rentaplazacarso.com\/pt-br\/wp-json\/wp\/v2\/comments?post=19065"}],"wp:featuredmedia":[{"embeddable":true,"href":"https:\/\/www.rentaplazacarso.com\/pt-br\/wp-json\/wp\/v2\/media\/16889"}],"wp:attachment":[{"href":"https:\/\/www.rentaplazacarso.com\/pt-br\/wp-json\/wp\/v2\/media?parent=19065"}],"wp:term":[{"taxonomy":"product_brand","embeddable":true,"href":"https:\/\/www.rentaplazacarso.com\/pt-br\/wp-json\/wp\/v2\/product_brand?post=19065"},{"taxonomy":"product_cat","embeddable":true,"href":"https:\/\/www.rentaplazacarso.com\/pt-br\/wp-json\/wp\/v2\/product_cat?post=19065"},{"taxonomy":"product_tag","embeddable":true,"href":"https:\/\/www.rentaplazacarso.com\/pt-br\/wp-json\/wp\/v2\/product_tag?post=19065"}],"curies":[{"name":"wp","href":"https:\/\/api.w.org\/{rel}","templated":true}]}}