{"id":19064,"date":"2025-06-30T22:53:03","date_gmt":"2025-06-30T22:53:03","guid":{"rendered":"https:\/\/www.rentaplazacarso.com\/2-quartos-sem-mobilia-e-com-ar-condicionado\/"},"modified":"2025-06-30T22:53:03","modified_gmt":"2025-06-30T22:53:03","slug":"2-quartos-sem-mobilia-e-com-ar-condicionado","status":"publish","type":"product","link":"https:\/\/www.rentaplazacarso.com\/pt-br\/product\/2-quartos-sem-mobilia-e-com-ar-condicionado\/","title":{"rendered":"2 QUARTOS SEM MOB\u00cdLIA E COM AR-CONDICIONADO"},"content":{"rendered":"<p>APARTAMENTO DE 135 M2 NA NOVA TORRE MOLIERE DO PLAZA CARSO. COM ACABAMENTOS SUPER LUXUOSOS.  PISO DE MADEIRA. AR CONDICIONADO. COZINHA ABERTA E AGRAD\u00c1VEL COM \u00c1REA DE SERVI\u00c7O. SALA DE ESTAR E JANTAR ESPA\u00c7OSAS. 2 QUARTOS COM BANHEIRO COMPLETO. QUARTO PRINCIPAL COM CLOSET.   AS ENORMES JANELAS EM TODOS OS C\u00d4MODOS PROPORCIONAM MUITA LUZ. 2 VAGAS DE ESTACIONAMENTO. CONJUNTO COMPLETO DE COMODIDADES. VIGIL\u00c2NCIA 24 HORAS. LOCALIZA\u00c7\u00c3O PERFEITA COM TODOS OS SERVI\u00c7OS AO REDOR. MANUTEN\u00c7\u00c3O INCLU\u00cdDA NO ALUGUEL. <\/p>\n","protected":false},"excerpt":{"rendered":"<p>APARTAMENTO DE 135 M2 NA NOVA TORRE MOLIERE DO PLAZA CARSO. COM ACABAMENTOS SUPER LUXUOSOS. PISO DE MADEIRA. AR CONDICIONADO. COZINHA ABERTA E AGRAD\u00c1VEL COM \u00c1REA DE SERVI\u00c7O. SALA DE ESTAR E JANTAR ESPA\u00c7OSAS. 2 QUARTOS COM BANHEIRO COMPLETO. QUARTO PRINCIPAL COM CLOSET. AS ENORMES JANELAS EM TODOS OS C\u00d4MODOS PROPORCIONAM MUITA LUZ. 2 VAGAS [&hellip;]<\/p>\n","protected":false},"featured_media":16769,"comment_status":"open","ping_status":"closed","template":"","meta":{"_joinchat":[]},"product_brand":[],"product_cat":[378,377,897],"product_tag":[668],"class_list":{"0":"post-19064","1":"product","2":"type-product","3":"status-publish","4":"has-post-thumbnail","6":"product_cat-aluguel","7":"product_cat-departamentos","8":"product_cat-moliere-pt-br","9":"product_tag-aluguel","11":"first","12":"instock","13":"shipping-taxable","14":"purchasable","15":"product-type-simple"},"_links":{"self":[{"href":"https:\/\/www.rentaplazacarso.com\/pt-br\/wp-json\/wp\/v2\/product\/19064","targetHints":{"allow":["GET"]}}],"collection":[{"href":"https:\/\/www.rentaplazacarso.com\/pt-br\/wp-json\/wp\/v2\/product"}],"about":[{"href":"https:\/\/www.rentaplazacarso.com\/pt-br\/wp-json\/wp\/v2\/types\/product"}],"replies":[{"embeddable":true,"href":"https:\/\/www.rentaplazacarso.com\/pt-br\/wp-json\/wp\/v2\/comments?post=19064"}],"wp:featuredmedia":[{"embeddable":true,"href":"https:\/\/www.rentaplazacarso.com\/pt-br\/wp-json\/wp\/v2\/media\/16769"}],"wp:attachment":[{"href":"https:\/\/www.rentaplazacarso.com\/pt-br\/wp-json\/wp\/v2\/media?parent=19064"}],"wp:term":[{"taxonomy":"product_brand","embeddable":true,"href":"https:\/\/www.rentaplazacarso.com\/pt-br\/wp-json\/wp\/v2\/product_brand?post=19064"},{"taxonomy":"product_cat","embeddable":true,"href":"https:\/\/www.rentaplazacarso.com\/pt-br\/wp-json\/wp\/v2\/product_cat?post=19064"},{"taxonomy":"product_tag","embeddable":true,"href":"https:\/\/www.rentaplazacarso.com\/pt-br\/wp-json\/wp\/v2\/product_tag?post=19064"}],"curies":[{"name":"wp","href":"https:\/\/api.w.org\/{rel}","templated":true}]}}