{"id":19061,"date":"2025-06-30T22:39:19","date_gmt":"2025-06-30T22:39:19","guid":{"rendered":"https:\/\/www.rentaplazacarso.com\/mobiliado-com-1-dormitorio-3\/"},"modified":"2025-06-30T22:39:19","modified_gmt":"2025-06-30T22:39:19","slug":"mobiliado-com-1-dormitorio-3","status":"publish","type":"product","link":"https:\/\/www.rentaplazacarso.com\/pt-br\/product\/mobiliado-com-1-dormitorio-3\/","title":{"rendered":"MOBILIADO COM 1 DORMIT\u00d3RIO"},"content":{"rendered":"<p>APARTAMENTO TOTALMENTE MOBILIADO E EQUIPADO. 70 M2. 1 QUARTO COM BANHEIRO COMPLETO E CLOSET.   \u00c1REA DE LAVANDERIA. ACABAMENTOS DE ALTA QUALIDADE. JANELAS GRANDES. MUITO LEVE. QUARTOS MUITO ESPA\u00c7OSOS. 1 VAGA DE ESTACIONAMENTO.     VIGIL\u00c2NCIA 24 HORAS. ESTACIONAMENTO PARA VISITANTES. AMPLA VARIEDADE DE COMODIDADES. TORRE MUITO TRANQUILA E SEGURA. CONEX\u00c3O DIRETA COM A PRA\u00c7A. TODOS OS SERVI\u00c7OS AO REDOR. LOCALIZA\u00c7\u00c3O IMBAT\u00cdVEL. MANUTEN\u00c7\u00c3O INCLU\u00cdDA NO ALUGUEL. SOMENTE PARA ALUGUEL DE LONGO PRAZO.     <\/p>\n","protected":false},"excerpt":{"rendered":"<p>APARTAMENTO TOTALMENTE MOBILIADO E EQUIPADO. 70 M2. 1 QUARTO COM BANHEIRO COMPLETO E CLOSET. \u00c1REA DE LAVANDERIA. ACABAMENTOS DE ALTA QUALIDADE. JANELAS GRANDES. MUITO LEVE. QUARTOS MUITO ESPA\u00c7OSOS. 1 VAGA DE ESTACIONAMENTO. VIGIL\u00c2NCIA 24 HORAS. ESTACIONAMENTO PARA VISITANTES. AMPLA VARIEDADE DE COMODIDADES. TORRE MUITO TRANQUILA E SEGURA. CONEX\u00c3O DIRETA COM A PRA\u00c7A. TODOS OS SERVI\u00c7OS [&hellip;]<\/p>\n","protected":false},"featured_media":16627,"comment_status":"open","ping_status":"closed","template":"","meta":{"_joinchat":[]},"product_brand":[],"product_cat":[378,379,377],"product_tag":[668],"class_list":{"0":"post-19061","1":"product","2":"type-product","3":"status-publish","4":"has-post-thumbnail","6":"product_cat-aluguel","7":"product_cat-claudel-pt-br","8":"product_cat-departamentos","9":"product_tag-aluguel","11":"first","12":"instock","13":"shipping-taxable","14":"purchasable","15":"product-type-simple"},"_links":{"self":[{"href":"https:\/\/www.rentaplazacarso.com\/pt-br\/wp-json\/wp\/v2\/product\/19061","targetHints":{"allow":["GET"]}}],"collection":[{"href":"https:\/\/www.rentaplazacarso.com\/pt-br\/wp-json\/wp\/v2\/product"}],"about":[{"href":"https:\/\/www.rentaplazacarso.com\/pt-br\/wp-json\/wp\/v2\/types\/product"}],"replies":[{"embeddable":true,"href":"https:\/\/www.rentaplazacarso.com\/pt-br\/wp-json\/wp\/v2\/comments?post=19061"}],"wp:featuredmedia":[{"embeddable":true,"href":"https:\/\/www.rentaplazacarso.com\/pt-br\/wp-json\/wp\/v2\/media\/16627"}],"wp:attachment":[{"href":"https:\/\/www.rentaplazacarso.com\/pt-br\/wp-json\/wp\/v2\/media?parent=19061"}],"wp:term":[{"taxonomy":"product_brand","embeddable":true,"href":"https:\/\/www.rentaplazacarso.com\/pt-br\/wp-json\/wp\/v2\/product_brand?post=19061"},{"taxonomy":"product_cat","embeddable":true,"href":"https:\/\/www.rentaplazacarso.com\/pt-br\/wp-json\/wp\/v2\/product_cat?post=19061"},{"taxonomy":"product_tag","embeddable":true,"href":"https:\/\/www.rentaplazacarso.com\/pt-br\/wp-json\/wp\/v2\/product_tag?post=19061"}],"curies":[{"name":"wp","href":"https:\/\/api.w.org\/{rel}","templated":true}]}}