{"id":19052,"date":"2025-06-30T22:21:53","date_gmt":"2025-06-30T22:21:53","guid":{"rendered":"https:\/\/www.rentaplazacarso.com\/2-quartos-nao-mobiliados-com-sala-de-estar\/"},"modified":"2025-09-03T16:53:33","modified_gmt":"2025-09-03T16:53:33","slug":"2-quartos-nao-mobiliados-com-sala-de-estar","status":"publish","type":"product","link":"https:\/\/www.rentaplazacarso.com\/pt-br\/product\/2-quartos-nao-mobiliados-com-sala-de-estar\/","title":{"rendered":"2 QUARTOS N\u00c3O MOBILIADOS COM SALA DE ESTAR"},"content":{"rendered":"<p>LINDO APARTAMENTO PARA ALUGAR NA PLAZA CARSO 2. COM ACESSO DIRETO \u00c0 PRA\u00c7A. 118 M2: 2 QUARTOS COM BANHEIRO COMPLETO E CLOSET. SALA DE ESTAR COM BANHEIRO COMPLETO.    \u00c1REA DE LAVANDERIA. COZINHA ABERTA E AGRAD\u00c1VEL. ESPA\u00c7OS AMPLOS. JANELAS ENORMES EM TODOS OS QUARTOS.    MUITO BRILHANTE. ACABAMENTOS DE ALTA QUALIDADE.  2 VAGAS DE GARAGEM. CONJUNTO COMPLETO DE COMODIDADES. LOCALIZA\u00c7\u00c3O IMBAT\u00cdVEL. VIGIL\u00c2NCIA 24 HORAS. ACESSO POR IMPRESS\u00c3O DIGITAL. ESTACIONAMENTO PARA VISITANTES.     <\/p>\n","protected":false},"excerpt":{"rendered":"<p>LINDO APARTAMENTO PARA ALUGAR NA PLAZA CARSO 2. COM ACESSO DIRETO \u00c0 PRA\u00c7A. 118 M2: 2 QUARTOS COM BANHEIRO COMPLETO E CLOSET. SALA DE ESTAR COM BANHEIRO COMPLETO. \u00c1REA DE LAVANDERIA. COZINHA ABERTA E AGRAD\u00c1VEL. ESPA\u00c7OS AMPLOS. JANELAS ENORMES EM TODOS OS QUARTOS. MUITO BRILHANTE. ACABAMENTOS DE ALTA QUALIDADE. 2 VAGAS DE GARAGEM. CONJUNTO COMPLETO [&hellip;]<\/p>\n","protected":false},"featured_media":16611,"comment_status":"open","ping_status":"closed","template":"","meta":{"_joinchat":[]},"product_brand":[],"product_cat":[378,379,377],"product_tag":[668],"class_list":{"0":"post-19052","1":"product","2":"type-product","3":"status-publish","4":"has-post-thumbnail","6":"product_cat-aluguel","7":"product_cat-claudel-pt-br","8":"product_cat-departamentos","9":"product_tag-aluguel","11":"first","12":"instock","13":"shipping-taxable","14":"purchasable","15":"product-type-simple"},"_links":{"self":[{"href":"https:\/\/www.rentaplazacarso.com\/pt-br\/wp-json\/wp\/v2\/product\/19052","targetHints":{"allow":["GET"]}}],"collection":[{"href":"https:\/\/www.rentaplazacarso.com\/pt-br\/wp-json\/wp\/v2\/product"}],"about":[{"href":"https:\/\/www.rentaplazacarso.com\/pt-br\/wp-json\/wp\/v2\/types\/product"}],"replies":[{"embeddable":true,"href":"https:\/\/www.rentaplazacarso.com\/pt-br\/wp-json\/wp\/v2\/comments?post=19052"}],"wp:featuredmedia":[{"embeddable":true,"href":"https:\/\/www.rentaplazacarso.com\/pt-br\/wp-json\/wp\/v2\/media\/16611"}],"wp:attachment":[{"href":"https:\/\/www.rentaplazacarso.com\/pt-br\/wp-json\/wp\/v2\/media?parent=19052"}],"wp:term":[{"taxonomy":"product_brand","embeddable":true,"href":"https:\/\/www.rentaplazacarso.com\/pt-br\/wp-json\/wp\/v2\/product_brand?post=19052"},{"taxonomy":"product_cat","embeddable":true,"href":"https:\/\/www.rentaplazacarso.com\/pt-br\/wp-json\/wp\/v2\/product_cat?post=19052"},{"taxonomy":"product_tag","embeddable":true,"href":"https:\/\/www.rentaplazacarso.com\/pt-br\/wp-json\/wp\/v2\/product_tag?post=19052"}],"curies":[{"name":"wp","href":"https:\/\/api.w.org\/{rel}","templated":true}]}}