{"id":18135,"date":"2025-07-29T20:12:00","date_gmt":"2025-07-29T20:12:00","guid":{"rendered":"https:\/\/www.rentaplazacarso.com\/3-quartos-mobiliados-com-sala-de-estar-e-quarto-de-empregada\/"},"modified":"2025-10-02T16:11:54","modified_gmt":"2025-10-02T16:11:54","slug":"3-quartos-mobiliados-com-sala-de-estar-e-quarto-de-empregada","status":"publish","type":"product","link":"https:\/\/www.rentaplazacarso.com\/pt-br\/product\/3-quartos-mobiliados-com-sala-de-estar-e-quarto-de-empregada\/","title":{"rendered":"3 QUARTOS MOBILIADOS COM SALA DE ESTAR E QUARTO DE EMPREGADA"},"content":{"rendered":"<p>APARTAMENTO DE 171 M2: 3 QUARTOS, CADA UM COM BANHEIRO COMPLETO E CLOSET. TOTALMENTE MOBILIADO E EQUIPADO, MUITO BONITO.  SALA DE FAM\u00cdLIA. QUARTO DA EMPREGADA. \u00c1REA DE LAVANDERIA. LINDA COZINHA AMERICANA. SALA DE ESTAR E JANTAR ESPA\u00c7OSA. BELAS VISTAS DO SOUMAYA. MUITO LEVE. AS ENORMES JANELAS EM TODOS OS C\u00d4MODOS PROPORCIONAM MUITA LUZ. ACABAMENTOS DE ALTA QUALIDADE.     2 VAGAS DE ESTACIONAMENTO. CONJUNTO COMPLETO DE COMODIDADES. VIGIL\u00c2NCIA 24 HORAS. TORRE MUITO BEM LOCALIZADA, COM TODOS OS SERVI\u00c7OS AO REDOR. SOMENTE PARA ALUGUEL DE LONGO PRAZO. MANUTEN\u00c7\u00c3O INCLU\u00cdDA NO ALUGUEL. <\/p>\n","protected":false},"excerpt":{"rendered":"<p>APARTAMENTO DE 171 M2: 3 QUARTOS, CADA UM COM BANHEIRO COMPLETO E CLOSET. TOTALMENTE MOBILIADO E EQUIPADO, MUITO BONITO. SALA DE FAM\u00cdLIA. QUARTO DA EMPREGADA. \u00c1REA DE LAVANDERIA. LINDA COZINHA AMERICANA. SALA DE ESTAR E JANTAR ESPA\u00c7OSA. BELAS VISTAS DO SOUMAYA. MUITO LEVE. AS ENORMES JANELAS EM TODOS OS C\u00d4MODOS PROPORCIONAM MUITA LUZ. ACABAMENTOS DE [&hellip;]<\/p>\n","protected":false},"featured_media":17753,"comment_status":"open","ping_status":"closed","template":"","meta":{"_joinchat":[]},"product_brand":[],"product_cat":[378,393,377],"product_tag":[668],"class_list":{"0":"post-18135","1":"product","2":"type-product","3":"status-publish","4":"has-post-thumbnail","6":"product_cat-aluguel","7":"product_cat-botticelli-pt-br","8":"product_cat-departamentos","9":"product_tag-aluguel","10":"pa_recamara-26","12":"first","13":"instock","14":"featured","15":"shipping-taxable","16":"purchasable","17":"product-type-simple"},"_links":{"self":[{"href":"https:\/\/www.rentaplazacarso.com\/pt-br\/wp-json\/wp\/v2\/product\/18135","targetHints":{"allow":["GET"]}}],"collection":[{"href":"https:\/\/www.rentaplazacarso.com\/pt-br\/wp-json\/wp\/v2\/product"}],"about":[{"href":"https:\/\/www.rentaplazacarso.com\/pt-br\/wp-json\/wp\/v2\/types\/product"}],"replies":[{"embeddable":true,"href":"https:\/\/www.rentaplazacarso.com\/pt-br\/wp-json\/wp\/v2\/comments?post=18135"}],"wp:featuredmedia":[{"embeddable":true,"href":"https:\/\/www.rentaplazacarso.com\/pt-br\/wp-json\/wp\/v2\/media\/17753"}],"wp:attachment":[{"href":"https:\/\/www.rentaplazacarso.com\/pt-br\/wp-json\/wp\/v2\/media?parent=18135"}],"wp:term":[{"taxonomy":"product_brand","embeddable":true,"href":"https:\/\/www.rentaplazacarso.com\/pt-br\/wp-json\/wp\/v2\/product_brand?post=18135"},{"taxonomy":"product_cat","embeddable":true,"href":"https:\/\/www.rentaplazacarso.com\/pt-br\/wp-json\/wp\/v2\/product_cat?post=18135"},{"taxonomy":"product_tag","embeddable":true,"href":"https:\/\/www.rentaplazacarso.com\/pt-br\/wp-json\/wp\/v2\/product_tag?post=18135"}],"curies":[{"name":"wp","href":"https:\/\/api.w.org\/{rel}","templated":true}]}}