{"id":17653,"date":"2025-07-29T19:36:23","date_gmt":"2025-07-29T19:36:23","guid":{"rendered":"https:\/\/www.rentaplazacarso.com\/2-quartos-mobiliados-com-sala-de-estar\/"},"modified":"2026-01-21T18:07:33","modified_gmt":"2026-01-21T18:07:33","slug":"2-quartos-mobiliados-com-sala-de-estar","status":"publish","type":"product","link":"https:\/\/www.rentaplazacarso.com\/pt-br\/product\/2-quartos-mobiliados-com-sala-de-estar\/","title":{"rendered":"2 QUARTOS MOBILIADOS COM SALA DE ESTAR"},"content":{"rendered":"<p>APARTAMENTO TOTALMENTE MOBILIADO E EQUIPADO. 118 M2. 2 QUARTOS, CADA UM COM BANHEIRO COMPLETO E CLOSET. QUARTO FAMILIAR COM BANHEIRO COMPLETO.    LINDA COZINHA AMERICANA. \u00c1REA DE LAVANDERIA. MUITO LEVE. ACABAMENTOS DE ALTA QUALIDADE.   2 VAGAS DE ESTACIONAMENTO. ACESSO DIRETO AO SHOPPING CENTER. CONJUNTO COMPLETO DE COMODIDADES. VIGIL\u00c2NCIA 24 HORAS. ESTACIONAMENTO PARA VISITANTES. MANUTEN\u00c7\u00c3O INCLU\u00cdDA NO ALUGUEL. PER\u00cdODO M\u00cdNIMO DE ALUGUEL DE UM ANO. <\/p>\n","protected":false},"excerpt":{"rendered":"<p>APARTAMENTO TOTALMENTE MOBILIADO E EQUIPADO. 118 M2. 2 QUARTOS, CADA UM COM BANHEIRO COMPLETO E CLOSET. QUARTO FAMILIAR COM BANHEIRO COMPLETO. LINDA COZINHA AMERICANA. \u00c1REA DE LAVANDERIA. MUITO LEVE. ACABAMENTOS DE ALTA QUALIDADE. 2 VAGAS DE ESTACIONAMENTO. ACESSO DIRETO AO SHOPPING CENTER. CONJUNTO COMPLETO DE COMODIDADES. VIGIL\u00c2NCIA 24 HORAS. ESTACIONAMENTO PARA VISITANTES. MANUTEN\u00c7\u00c3O INCLU\u00cdDA NO [&hellip;]<\/p>\n","protected":false},"featured_media":17648,"comment_status":"open","ping_status":"closed","template":"","meta":{"_joinchat":[]},"product_brand":[],"product_cat":[378,379,377],"product_tag":[668],"class_list":{"0":"post-17653","1":"product","2":"type-product","3":"status-publish","4":"has-post-thumbnail","6":"product_cat-aluguel","7":"product_cat-claudel-pt-br","8":"product_cat-departamentos","9":"product_tag-aluguel","10":"pa_recamara-25","12":"first","13":"instock","14":"shipping-taxable","15":"purchasable","16":"product-type-simple"},"_links":{"self":[{"href":"https:\/\/www.rentaplazacarso.com\/pt-br\/wp-json\/wp\/v2\/product\/17653","targetHints":{"allow":["GET"]}}],"collection":[{"href":"https:\/\/www.rentaplazacarso.com\/pt-br\/wp-json\/wp\/v2\/product"}],"about":[{"href":"https:\/\/www.rentaplazacarso.com\/pt-br\/wp-json\/wp\/v2\/types\/product"}],"replies":[{"embeddable":true,"href":"https:\/\/www.rentaplazacarso.com\/pt-br\/wp-json\/wp\/v2\/comments?post=17653"}],"wp:featuredmedia":[{"embeddable":true,"href":"https:\/\/www.rentaplazacarso.com\/pt-br\/wp-json\/wp\/v2\/media\/17648"}],"wp:attachment":[{"href":"https:\/\/www.rentaplazacarso.com\/pt-br\/wp-json\/wp\/v2\/media?parent=17653"}],"wp:term":[{"taxonomy":"product_brand","embeddable":true,"href":"https:\/\/www.rentaplazacarso.com\/pt-br\/wp-json\/wp\/v2\/product_brand?post=17653"},{"taxonomy":"product_cat","embeddable":true,"href":"https:\/\/www.rentaplazacarso.com\/pt-br\/wp-json\/wp\/v2\/product_cat?post=17653"},{"taxonomy":"product_tag","embeddable":true,"href":"https:\/\/www.rentaplazacarso.com\/pt-br\/wp-json\/wp\/v2\/product_tag?post=17653"}],"curies":[{"name":"wp","href":"https:\/\/api.w.org\/{rel}","templated":true}]}}