{"id":17426,"date":"2025-07-28T20:50:54","date_gmt":"2025-07-28T20:50:54","guid":{"rendered":"https:\/\/www.rentaplazacarso.com\/mobiliado-com-2-quartos-e-sala-de-estar-2\/"},"modified":"2026-01-21T18:15:36","modified_gmt":"2026-01-21T18:15:36","slug":"mobiliado-com-2-quartos-e-sala-de-estar-2","status":"publish","type":"product","link":"https:\/\/www.rentaplazacarso.com\/pt-br\/product\/mobiliado-com-2-quartos-e-sala-de-estar-2\/","title":{"rendered":"MOBILIADO COM 2 QUARTOS E SALA DE ESTAR"},"content":{"rendered":"<p>APARTAMENTO EM PERFEITO ESTADO, TOTALMENTE MOBILIADO E EQUIPADO NA PLAZA CARSO COM ACESSO DIRETO \u00c0 PRA\u00c7A: ESQUINA DE 121 M2, 2 QUARTOS COM SALA DE ESTAR OU TERCEIRO QUARTO. 2 BANHEIROS COMPLETOS.  BANHEIRO DE H\u00d3SPEDES. COZINHA ABERTA E AGRAD\u00c1VEL COM M\u00c1QUINA DE LAVAR LOU\u00c7A. \u00c1REA DE LAVANDERIA. PERSIANAS EL\u00c9TRICAS. 2 VAGAS DE ESTACIONAMENTO. CONJUNTO COMPLETO DE COMODIDADES. VIGIL\u00c2NCIA 24 HORAS. ESTACIONAMENTO PARA VISITANTES. MANUTEN\u00c7\u00c3O INCLU\u00cdDA NO ALUGUEL. SOMENTE PARA ALUGU\u00c9IS DE LONGA DURA\u00c7\u00c3O. <\/p>\n","protected":false},"excerpt":{"rendered":"<p>APARTAMENTO EM PERFEITO ESTADO, TOTALMENTE MOBILIADO E EQUIPADO NA PLAZA CARSO COM ACESSO DIRETO \u00c0 PRA\u00c7A: ESQUINA DE 121 M2, 2 QUARTOS COM SALA DE ESTAR OU TERCEIRO QUARTO. 2 BANHEIROS COMPLETOS. BANHEIRO DE H\u00d3SPEDES. COZINHA ABERTA E AGRAD\u00c1VEL COM M\u00c1QUINA DE LAVAR LOU\u00c7A. \u00c1REA DE LAVANDERIA. PERSIANAS EL\u00c9TRICAS. 2 VAGAS DE ESTACIONAMENTO. CONJUNTO COMPLETO [&hellip;]<\/p>\n","protected":false},"featured_media":17416,"comment_status":"open","ping_status":"closed","template":"","meta":{"_joinchat":[]},"product_brand":[],"product_cat":[378,379,377],"product_tag":[668],"class_list":{"0":"post-17426","1":"product","2":"type-product","3":"status-publish","4":"has-post-thumbnail","6":"product_cat-aluguel","7":"product_cat-claudel-pt-br","8":"product_cat-departamentos","9":"product_tag-aluguel","10":"pa_recamara-25","12":"first","13":"instock","14":"shipping-taxable","15":"purchasable","16":"product-type-simple"},"_links":{"self":[{"href":"https:\/\/www.rentaplazacarso.com\/pt-br\/wp-json\/wp\/v2\/product\/17426","targetHints":{"allow":["GET"]}}],"collection":[{"href":"https:\/\/www.rentaplazacarso.com\/pt-br\/wp-json\/wp\/v2\/product"}],"about":[{"href":"https:\/\/www.rentaplazacarso.com\/pt-br\/wp-json\/wp\/v2\/types\/product"}],"replies":[{"embeddable":true,"href":"https:\/\/www.rentaplazacarso.com\/pt-br\/wp-json\/wp\/v2\/comments?post=17426"}],"wp:featuredmedia":[{"embeddable":true,"href":"https:\/\/www.rentaplazacarso.com\/pt-br\/wp-json\/wp\/v2\/media\/17416"}],"wp:attachment":[{"href":"https:\/\/www.rentaplazacarso.com\/pt-br\/wp-json\/wp\/v2\/media?parent=17426"}],"wp:term":[{"taxonomy":"product_brand","embeddable":true,"href":"https:\/\/www.rentaplazacarso.com\/pt-br\/wp-json\/wp\/v2\/product_brand?post=17426"},{"taxonomy":"product_cat","embeddable":true,"href":"https:\/\/www.rentaplazacarso.com\/pt-br\/wp-json\/wp\/v2\/product_cat?post=17426"},{"taxonomy":"product_tag","embeddable":true,"href":"https:\/\/www.rentaplazacarso.com\/pt-br\/wp-json\/wp\/v2\/product_tag?post=17426"}],"curies":[{"name":"wp","href":"https:\/\/api.w.org\/{rel}","templated":true}]}}