{"id":16292,"date":"2025-06-26T18:04:31","date_gmt":"2025-06-26T18:04:31","guid":{"rendered":"https:\/\/www.rentaplazacarso.com\/venda-1-quarto-mobiliado\/"},"modified":"2025-08-07T14:49:42","modified_gmt":"2025-08-07T14:49:42","slug":"venda-1-quarto-mobiliado","status":"publish","type":"product","link":"https:\/\/www.rentaplazacarso.com\/pt-br\/product\/venda-1-quarto-mobiliado\/","title":{"rendered":"VENDA 1 QUARTO MOBILIADO"},"content":{"rendered":"<p>APARTAMENTO EM PERFEITAS CONDI\u00c7\u00d5ES. 71 M2. TOTALMENTE MOBILIADO E EQUIPADO. MUITO BEM DECORADO. ESPA\u00c7OS MUITO AMPLOS.     BANHEIRO DE H\u00d3SPEDES. \u00c1REA DE LAVANDERIA. LINDA COZINHA AMERICANA. SALA DE ESTAR E JANTAR ESPA\u00c7OSA. QUARTO COM GUARDA-ROUPA GRANDE E BANHEIRO MUITO ESPA\u00c7OSO. ACABAMENTOS DE ALTA QUALIDADE. MUITO LEVE.       1 VAGA DE ESTACIONAMENTO. CONJUNTO COMPLETO DE COMODIDADES. TORRE MUITO BEM LOCALIZADA. M\u00d3VEIS INCLU\u00cdDOS NO PRE\u00c7O. <\/p>\n","protected":false},"excerpt":{"rendered":"<p>APARTAMENTO EM PERFEITAS CONDI\u00c7\u00d5ES. 71 M2. TOTALMENTE MOBILIADO E EQUIPADO. MUITO BEM DECORADO. ESPA\u00c7OS MUITO AMPLOS. BANHEIRO DE H\u00d3SPEDES. \u00c1REA DE LAVANDERIA. LINDA COZINHA AMERICANA. SALA DE ESTAR E JANTAR ESPA\u00c7OSA. QUARTO COM GUARDA-ROUPA GRANDE E BANHEIRO MUITO ESPA\u00c7OSO. ACABAMENTOS DE ALTA QUALIDADE. MUITO LEVE. 1 VAGA DE ESTACIONAMENTO. CONJUNTO COMPLETO DE COMODIDADES. TORRE MUITO [&hellip;]<\/p>\n","protected":false},"featured_media":16279,"comment_status":"open","ping_status":"closed","template":"","meta":{"_joinchat":[]},"product_brand":[],"product_cat":[764,377,391],"product_tag":[691],"class_list":{"0":"post-16292","1":"product","2":"type-product","3":"status-publish","4":"has-post-thumbnail","6":"product_cat-botticelli-pt-br-2","7":"product_cat-departamentos","8":"product_cat-venda","9":"product_tag-venda","11":"first","12":"instock","13":"shipping-taxable","14":"purchasable","15":"product-type-simple"},"_links":{"self":[{"href":"https:\/\/www.rentaplazacarso.com\/pt-br\/wp-json\/wp\/v2\/product\/16292","targetHints":{"allow":["GET"]}}],"collection":[{"href":"https:\/\/www.rentaplazacarso.com\/pt-br\/wp-json\/wp\/v2\/product"}],"about":[{"href":"https:\/\/www.rentaplazacarso.com\/pt-br\/wp-json\/wp\/v2\/types\/product"}],"replies":[{"embeddable":true,"href":"https:\/\/www.rentaplazacarso.com\/pt-br\/wp-json\/wp\/v2\/comments?post=16292"}],"wp:featuredmedia":[{"embeddable":true,"href":"https:\/\/www.rentaplazacarso.com\/pt-br\/wp-json\/wp\/v2\/media\/16279"}],"wp:attachment":[{"href":"https:\/\/www.rentaplazacarso.com\/pt-br\/wp-json\/wp\/v2\/media?parent=16292"}],"wp:term":[{"taxonomy":"product_brand","embeddable":true,"href":"https:\/\/www.rentaplazacarso.com\/pt-br\/wp-json\/wp\/v2\/product_brand?post=16292"},{"taxonomy":"product_cat","embeddable":true,"href":"https:\/\/www.rentaplazacarso.com\/pt-br\/wp-json\/wp\/v2\/product_cat?post=16292"},{"taxonomy":"product_tag","embeddable":true,"href":"https:\/\/www.rentaplazacarso.com\/pt-br\/wp-json\/wp\/v2\/product_tag?post=16292"}],"curies":[{"name":"wp","href":"https:\/\/api.w.org\/{rel}","templated":true}]}}