{"id":15673,"date":"2025-06-04T17:46:53","date_gmt":"2025-06-04T17:46:53","guid":{"rendered":"https:\/\/www.rentaplazacarso.com\/3-quartos-muito-espacosos-e-quarto-de-empregada-2\/"},"modified":"2025-08-07T14:41:15","modified_gmt":"2025-08-07T14:41:15","slug":"3-quartos-muito-espacosos-e-quarto-de-empregada-2","status":"publish","type":"product","link":"https:\/\/www.rentaplazacarso.com\/pt-br\/product\/3-quartos-muito-espacosos-e-quarto-de-empregada-2\/","title":{"rendered":"3 QUARTOS MUITO ESPA\u00c7OSOS E QUARTO DE EMPREGADA"},"content":{"rendered":"<p>INCR\u00cdVEL APARTAMENTO DE 225 M2, 3 QUARTOS CADA UM COM BANHEIRO COMPLETO. BANHEIRO DE H\u00d3SPEDES. SALA DE ESTAR E JANTAR ESPA\u00c7OSA. PISO DE MADEIRA. \u00c1REA DE LAVANDERIA. JANELAS ENORMES QUE PROPORCIONAM MUITA LUZ. TETOS DE 3 METROS. 3 VAGAS DE ESTACIONAMENTO. ACESSO DIRETO AO SHOPPING CENTER. CONJUNTO COMPLETO DE COMODIDADES. ESTACIONAMENTO PARA VISITANTES. VIGIL\u00c2NCIA 24 HORAS. TORRE MUITO BEM LOCALIZADA, COM TODOS OS SERVI\u00c7OS AO REDOR.            <\/p>\n","protected":false},"excerpt":{"rendered":"<p>INCR\u00cdVEL APARTAMENTO DE 225 M2, 3 QUARTOS CADA UM COM BANHEIRO COMPLETO. BANHEIRO DE H\u00d3SPEDES. SALA DE ESTAR E JANTAR ESPA\u00c7OSA. PISO DE MADEIRA. \u00c1REA DE LAVANDERIA. JANELAS ENORMES QUE PROPORCIONAM MUITA LUZ. TETOS DE 3 METROS. 3 VAGAS DE ESTACIONAMENTO. ACESSO DIRETO AO SHOPPING CENTER. CONJUNTO COMPLETO DE COMODIDADES. ESTACIONAMENTO PARA VISITANTES. VIGIL\u00c2NCIA 24 [&hellip;]<\/p>\n","protected":false},"featured_media":15626,"comment_status":"open","ping_status":"closed","template":"","meta":{"_joinchat":[]},"product_brand":[],"product_cat":[377,751,391],"product_tag":[691],"class_list":{"0":"post-15673","1":"product","2":"type-product","3":"status-publish","4":"has-post-thumbnail","6":"product_cat-departamentos","7":"product_cat-monet-pt-br-2","8":"product_cat-venda","9":"product_tag-venda","11":"first","12":"instock","13":"shipping-taxable","14":"purchasable","15":"product-type-simple"},"_links":{"self":[{"href":"https:\/\/www.rentaplazacarso.com\/pt-br\/wp-json\/wp\/v2\/product\/15673","targetHints":{"allow":["GET"]}}],"collection":[{"href":"https:\/\/www.rentaplazacarso.com\/pt-br\/wp-json\/wp\/v2\/product"}],"about":[{"href":"https:\/\/www.rentaplazacarso.com\/pt-br\/wp-json\/wp\/v2\/types\/product"}],"replies":[{"embeddable":true,"href":"https:\/\/www.rentaplazacarso.com\/pt-br\/wp-json\/wp\/v2\/comments?post=15673"}],"wp:featuredmedia":[{"embeddable":true,"href":"https:\/\/www.rentaplazacarso.com\/pt-br\/wp-json\/wp\/v2\/media\/15626"}],"wp:attachment":[{"href":"https:\/\/www.rentaplazacarso.com\/pt-br\/wp-json\/wp\/v2\/media?parent=15673"}],"wp:term":[{"taxonomy":"product_brand","embeddable":true,"href":"https:\/\/www.rentaplazacarso.com\/pt-br\/wp-json\/wp\/v2\/product_brand?post=15673"},{"taxonomy":"product_cat","embeddable":true,"href":"https:\/\/www.rentaplazacarso.com\/pt-br\/wp-json\/wp\/v2\/product_cat?post=15673"},{"taxonomy":"product_tag","embeddable":true,"href":"https:\/\/www.rentaplazacarso.com\/pt-br\/wp-json\/wp\/v2\/product_tag?post=15673"}],"curies":[{"name":"wp","href":"https:\/\/api.w.org\/{rel}","templated":true}]}}