{"id":14912,"date":"2025-05-29T23:44:16","date_gmt":"2025-05-29T23:44:16","guid":{"rendered":"https:\/\/navajowhite-cat-613300.hostingersite.com\/1-quarto-mobiliado-com-belas-vistas\/"},"modified":"2026-01-21T18:27:23","modified_gmt":"2026-01-21T18:27:23","slug":"1-quarto-mobiliado-com-belas-vistas","status":"publish","type":"product","link":"https:\/\/www.rentaplazacarso.com\/pt-br\/product\/1-quarto-mobiliado-com-belas-vistas\/","title":{"rendered":"1 QUARTO MOBILIADO COM BELAS VISTAS"},"content":{"rendered":"<p>APARTAMENTO TOTALMENTE MOBILIADO E EQUIPADO. VISTAS DE TIRAR O F\u00d4LEGO. 70 M2. 1 QUARTO COM BANHEIRO COMPLETO E AMPLO CLOSET.    \u00c1REA DE LAVANDERIA. ACABAMENTOS DE ALTA QUALIDADE. GRANDES JANELAS EM TODOS OS C\u00d4MODOS, O QUE PROPORCIONA MUITA LUZ E ESPA\u00c7O. 1 VAGA DE ESTACIONAMENTO.  VIGIL\u00c2NCIA 24 HORAS. ESTACIONAMENTO PARA VISITANTES. AMPLA GAMA DE COMODIDADES. TORRE MUITO TRANQUILA E SEGURA. CONEX\u00c3O DIRETA COM A PRA\u00c7A. TODOS OS SERVI\u00c7OS AO REDOR. LOCALIZA\u00c7\u00c3O IMBAT\u00cdVEL. MANUTEN\u00c7\u00c3O INCLU\u00cdDA NO ALUGUEL. PER\u00cdODO M\u00cdNIMO DE ALUGUEL DE UM ANO.      <\/p>\n","protected":false},"excerpt":{"rendered":"<p>APARTAMENTO TOTALMENTE MOBILIADO E EQUIPADO. VISTAS DE TIRAR O F\u00d4LEGO. 70 M2. 1 QUARTO COM BANHEIRO COMPLETO E AMPLO CLOSET. \u00c1REA DE LAVANDERIA. ACABAMENTOS DE ALTA QUALIDADE. GRANDES JANELAS EM TODOS OS C\u00d4MODOS, O QUE PROPORCIONA MUITA LUZ E ESPA\u00c7O. 1 VAGA DE ESTACIONAMENTO. VIGIL\u00c2NCIA 24 HORAS. ESTACIONAMENTO PARA VISITANTES. AMPLA GAMA DE COMODIDADES. TORRE [&hellip;]<\/p>\n","protected":false},"featured_media":14745,"comment_status":"open","ping_status":"closed","template":"","meta":{"_joinchat":[]},"product_brand":[],"product_cat":[378,377,825],"product_tag":[668],"class_list":{"0":"post-14912","1":"product","2":"type-product","3":"status-publish","4":"has-post-thumbnail","6":"product_cat-aluguel","7":"product_cat-departamentos","8":"product_cat-pissarro-pt-br-2","9":"product_tag-aluguel","10":"pa_recamara-24","12":"first","13":"instock","14":"shipping-taxable","15":"purchasable","16":"product-type-simple"},"_links":{"self":[{"href":"https:\/\/www.rentaplazacarso.com\/pt-br\/wp-json\/wp\/v2\/product\/14912","targetHints":{"allow":["GET"]}}],"collection":[{"href":"https:\/\/www.rentaplazacarso.com\/pt-br\/wp-json\/wp\/v2\/product"}],"about":[{"href":"https:\/\/www.rentaplazacarso.com\/pt-br\/wp-json\/wp\/v2\/types\/product"}],"replies":[{"embeddable":true,"href":"https:\/\/www.rentaplazacarso.com\/pt-br\/wp-json\/wp\/v2\/comments?post=14912"}],"wp:featuredmedia":[{"embeddable":true,"href":"https:\/\/www.rentaplazacarso.com\/pt-br\/wp-json\/wp\/v2\/media\/14745"}],"wp:attachment":[{"href":"https:\/\/www.rentaplazacarso.com\/pt-br\/wp-json\/wp\/v2\/media?parent=14912"}],"wp:term":[{"taxonomy":"product_brand","embeddable":true,"href":"https:\/\/www.rentaplazacarso.com\/pt-br\/wp-json\/wp\/v2\/product_brand?post=14912"},{"taxonomy":"product_cat","embeddable":true,"href":"https:\/\/www.rentaplazacarso.com\/pt-br\/wp-json\/wp\/v2\/product_cat?post=14912"},{"taxonomy":"product_tag","embeddable":true,"href":"https:\/\/www.rentaplazacarso.com\/pt-br\/wp-json\/wp\/v2\/product_tag?post=14912"}],"curies":[{"name":"wp","href":"https:\/\/api.w.org\/{rel}","templated":true}]}}