{"id":14022,"date":"2025-05-09T19:04:36","date_gmt":"2025-05-09T19:04:36","guid":{"rendered":"https:\/\/navajowhite-cat-613300.hostingersite.com\/apartamento-mobiliado-espetacular\/"},"modified":"2026-01-21T17:42:43","modified_gmt":"2026-01-21T17:42:43","slug":"apartamento-mobiliado-espetacular","status":"publish","type":"product","link":"https:\/\/www.rentaplazacarso.com\/pt-br\/product\/apartamento-mobiliado-espetacular\/","title":{"rendered":"APARTAMENTO MOBILIADO ESPETACULAR"},"content":{"rendered":"<p>APARTAMENTO DE 151 M2: 2 QUARTOS MUITO ESPA\u00c7OSOS COM BANHEIRO COMPLETO. QUARTO PRINCIPAL COM CLOSET ENORME. \u00c1REA DE LAVANDERIA. COZINHA AMPLA E ABERTA. QUARTO DE EMPREGADA. ESPA\u00c7OS MUITO AMPLOS. PISO DE MADEIRA. ACABAMENTOS SUPER LUXUOSOS. AR CONDICIONADO. MUITO BEM MOBILIADA. P\u00c9 DIREITO ALTO COM TETO DUPLO COM ILUMINA\u00c7\u00c3O INDIRETA. 2 VAGAS DE GARAGEM. AMPLO CONJUNTO DE COMODIDADES. ESTACIONAMENTO PARA VISITANTES. VIGIL\u00c2NCIA 24 HORAS. LOCALIZA\u00c7\u00c3O IMBAT\u00cdVEL. COM TODOS OS SERVI\u00c7OS AO REDOR. ALUGUEL SOMENTE POR PER\u00cdODOS LONGOS. MANUTEN\u00c7\u00c3O INCLU\u00cdDA NO ALUGUEL.                  <\/p>\n","protected":false},"excerpt":{"rendered":"<p>APARTAMENTO DE 151 M2: 2 QUARTOS MUITO ESPA\u00c7OSOS COM BANHEIRO COMPLETO. QUARTO PRINCIPAL COM CLOSET ENORME. \u00c1REA DE LAVANDERIA. COZINHA AMPLA E ABERTA. QUARTO DE EMPREGADA. ESPA\u00c7OS MUITO AMPLOS. PISO DE MADEIRA. ACABAMENTOS SUPER LUXUOSOS. AR CONDICIONADO. MUITO BEM MOBILIADA. P\u00c9 DIREITO ALTO COM TETO DUPLO COM ILUMINA\u00c7\u00c3O INDIRETA. 2 VAGAS DE GARAGEM. AMPLO CONJUNTO [&hellip;]<\/p>\n","protected":false},"featured_media":8522,"comment_status":"open","ping_status":"closed","template":"","meta":{"_joinchat":[]},"product_brand":[],"product_cat":[378,377,470],"product_tag":[668],"class_list":{"0":"post-14022","1":"product","2":"type-product","3":"status-publish","4":"has-post-thumbnail","6":"product_cat-aluguel","7":"product_cat-departamentos","8":"product_cat-van-gogh-pt-br","9":"product_tag-aluguel","11":"first","12":"instock","13":"shipping-taxable","14":"purchasable","15":"product-type-simple"},"_links":{"self":[{"href":"https:\/\/www.rentaplazacarso.com\/pt-br\/wp-json\/wp\/v2\/product\/14022","targetHints":{"allow":["GET"]}}],"collection":[{"href":"https:\/\/www.rentaplazacarso.com\/pt-br\/wp-json\/wp\/v2\/product"}],"about":[{"href":"https:\/\/www.rentaplazacarso.com\/pt-br\/wp-json\/wp\/v2\/types\/product"}],"replies":[{"embeddable":true,"href":"https:\/\/www.rentaplazacarso.com\/pt-br\/wp-json\/wp\/v2\/comments?post=14022"}],"wp:featuredmedia":[{"embeddable":true,"href":"https:\/\/www.rentaplazacarso.com\/pt-br\/wp-json\/wp\/v2\/media\/8522"}],"wp:attachment":[{"href":"https:\/\/www.rentaplazacarso.com\/pt-br\/wp-json\/wp\/v2\/media?parent=14022"}],"wp:term":[{"taxonomy":"product_brand","embeddable":true,"href":"https:\/\/www.rentaplazacarso.com\/pt-br\/wp-json\/wp\/v2\/product_brand?post=14022"},{"taxonomy":"product_cat","embeddable":true,"href":"https:\/\/www.rentaplazacarso.com\/pt-br\/wp-json\/wp\/v2\/product_cat?post=14022"},{"taxonomy":"product_tag","embeddable":true,"href":"https:\/\/www.rentaplazacarso.com\/pt-br\/wp-json\/wp\/v2\/product_tag?post=14022"}],"curies":[{"name":"wp","href":"https:\/\/api.w.org\/{rel}","templated":true}]}}