{"id":14019,"date":"2025-05-13T23:39:28","date_gmt":"2025-05-13T23:39:28","guid":{"rendered":"https:\/\/navajowhite-cat-613300.hostingersite.com\/mobiliado-com-1-dormitorio-2\/"},"modified":"2025-08-07T14:51:44","modified_gmt":"2025-08-07T14:51:44","slug":"mobiliado-com-1-dormitorio-2","status":"publish","type":"product","link":"https:\/\/www.rentaplazacarso.com\/pt-br\/product\/mobiliado-com-1-dormitorio-2\/","title":{"rendered":"MOBILIADO COM 1 DORMIT\u00d3RIO"},"content":{"rendered":"<p>LINDO APARTAMENTO PARA VENDA NA PLAZA CARSO. 65 M2: 1 QUARTO COM BANHEIRO COMPLETO E CLOSET. \u00c1REA DE LAVANDERIA. COZINHA ABERTA E AGRAD\u00c1VEL. ESPA\u00c7OS AMPLOS. JANELAS ENORMES EM TODOS OS ESPA\u00c7OS. MUITO LUMINOSO. ACABAMENTOS DE ALTA QUALIDADE. PISO DE MADEIRA. VISTAS ESPETACULARES. 1 VAGA DE GARAGEM. CONJUNTO COMPLETO DE COMODIDADES. LOCALIZA\u00c7\u00c3O IMBAT\u00cdVEL. VIGIL\u00c2NCIA 24 HORAS. ACESSO POR IMPRESS\u00c3O DIGITAL.              <\/p>\n","protected":false},"excerpt":{"rendered":"<p>LINDO APARTAMENTO PARA VENDA NA PLAZA CARSO. 65 M2: 1 QUARTO COM BANHEIRO COMPLETO E CLOSET. \u00c1REA DE LAVANDERIA. COZINHA ABERTA E AGRAD\u00c1VEL. ESPA\u00c7OS AMPLOS. JANELAS ENORMES EM TODOS OS ESPA\u00c7OS. MUITO LUMINOSO. ACABAMENTOS DE ALTA QUALIDADE. PISO DE MADEIRA. VISTAS ESPETACULARES. 1 VAGA DE GARAGEM. CONJUNTO COMPLETO DE COMODIDADES. LOCALIZA\u00c7\u00c3O IMBAT\u00cdVEL. VIGIL\u00c2NCIA 24 HORAS. [&hellip;]<\/p>\n","protected":false},"featured_media":8515,"comment_status":"open","ping_status":"closed","template":"","meta":{"_joinchat":[]},"product_brand":[],"product_cat":[764,377,391],"product_tag":[691],"class_list":{"0":"post-14019","1":"product","2":"type-product","3":"status-publish","4":"has-post-thumbnail","6":"product_cat-botticelli-pt-br-2","7":"product_cat-departamentos","8":"product_cat-venda","9":"product_tag-venda","11":"first","12":"instock","13":"shipping-taxable","14":"purchasable","15":"product-type-simple"},"_links":{"self":[{"href":"https:\/\/www.rentaplazacarso.com\/pt-br\/wp-json\/wp\/v2\/product\/14019","targetHints":{"allow":["GET"]}}],"collection":[{"href":"https:\/\/www.rentaplazacarso.com\/pt-br\/wp-json\/wp\/v2\/product"}],"about":[{"href":"https:\/\/www.rentaplazacarso.com\/pt-br\/wp-json\/wp\/v2\/types\/product"}],"replies":[{"embeddable":true,"href":"https:\/\/www.rentaplazacarso.com\/pt-br\/wp-json\/wp\/v2\/comments?post=14019"}],"wp:featuredmedia":[{"embeddable":true,"href":"https:\/\/www.rentaplazacarso.com\/pt-br\/wp-json\/wp\/v2\/media\/8515"}],"wp:attachment":[{"href":"https:\/\/www.rentaplazacarso.com\/pt-br\/wp-json\/wp\/v2\/media?parent=14019"}],"wp:term":[{"taxonomy":"product_brand","embeddable":true,"href":"https:\/\/www.rentaplazacarso.com\/pt-br\/wp-json\/wp\/v2\/product_brand?post=14019"},{"taxonomy":"product_cat","embeddable":true,"href":"https:\/\/www.rentaplazacarso.com\/pt-br\/wp-json\/wp\/v2\/product_cat?post=14019"},{"taxonomy":"product_tag","embeddable":true,"href":"https:\/\/www.rentaplazacarso.com\/pt-br\/wp-json\/wp\/v2\/product_tag?post=14019"}],"curies":[{"name":"wp","href":"https:\/\/api.w.org\/{rel}","templated":true}]}}