{"id":14016,"date":"2025-05-13T23:59:42","date_gmt":"2025-05-13T23:59:42","guid":{"rendered":"https:\/\/navajowhite-cat-613300.hostingersite.com\/vistas-espetaculares-1-quarto\/"},"modified":"2025-08-07T14:50:22","modified_gmt":"2025-08-07T14:50:22","slug":"vistas-espetaculares-1-quarto","status":"publish","type":"product","link":"https:\/\/www.rentaplazacarso.com\/pt-br\/product\/vistas-espetaculares-1-quarto\/","title":{"rendered":"VISTAS ESPETACULARES 1 QUARTO"},"content":{"rendered":"<p>APARTAMENTO DE 1 QUARTO. EM PERFEITAS CONDI\u00c7\u00d5ES. 70 M2. QUARTO ESPA\u00c7OSO COM CLOSET E BANHEIRO COMPLETO.    LINDA COZINHA AMERICANA. \u00c1REA DE LAVANDERIA. VISTAS ESPETACULARES. JANELAS GRANDES EM TODOS OS C\u00d4MODOS.  ACABAMENTOS DE ALTA QUALIDADE. 1 VAGA DE ESTACIONAMENTO. CONJUNTO COMPLETO DE COMODIDADES. VIGIL\u00c2NCIA 24 HORAS. ESTACIONAMENTO PARA VISITANTES. ACESSO DIRETO AO SHOPPING CENTER. (As vistas e a orienta\u00e7\u00e3o podem variar).<\/p>\n","protected":false},"excerpt":{"rendered":"<p>APARTAMENTO DE 1 QUARTO. EM PERFEITAS CONDI\u00c7\u00d5ES. 70 M2. QUARTO ESPA\u00c7OSO COM CLOSET E BANHEIRO COMPLETO. LINDA COZINHA AMERICANA. \u00c1REA DE LAVANDERIA. VISTAS ESPETACULARES. JANELAS GRANDES EM TODOS OS C\u00d4MODOS. ACABAMENTOS DE ALTA QUALIDADE. 1 VAGA DE ESTACIONAMENTO. CONJUNTO COMPLETO DE COMODIDADES. VIGIL\u00c2NCIA 24 HORAS. ESTACIONAMENTO PARA VISITANTES. ACESSO DIRETO AO SHOPPING CENTER. (As vistas [&hellip;]<\/p>\n","protected":false},"featured_media":8508,"comment_status":"open","ping_status":"closed","template":"","meta":{"_joinchat":[]},"product_brand":[],"product_cat":[377,752,391],"product_tag":[691],"class_list":{"0":"post-14016","1":"product","2":"type-product","3":"status-publish","4":"has-post-thumbnail","6":"product_cat-departamentos","7":"product_cat-pissarro-pt-br","8":"product_cat-venda","9":"product_tag-venda","11":"first","12":"instock","13":"shipping-taxable","14":"purchasable","15":"product-type-simple"},"_links":{"self":[{"href":"https:\/\/www.rentaplazacarso.com\/pt-br\/wp-json\/wp\/v2\/product\/14016","targetHints":{"allow":["GET"]}}],"collection":[{"href":"https:\/\/www.rentaplazacarso.com\/pt-br\/wp-json\/wp\/v2\/product"}],"about":[{"href":"https:\/\/www.rentaplazacarso.com\/pt-br\/wp-json\/wp\/v2\/types\/product"}],"replies":[{"embeddable":true,"href":"https:\/\/www.rentaplazacarso.com\/pt-br\/wp-json\/wp\/v2\/comments?post=14016"}],"wp:featuredmedia":[{"embeddable":true,"href":"https:\/\/www.rentaplazacarso.com\/pt-br\/wp-json\/wp\/v2\/media\/8508"}],"wp:attachment":[{"href":"https:\/\/www.rentaplazacarso.com\/pt-br\/wp-json\/wp\/v2\/media?parent=14016"}],"wp:term":[{"taxonomy":"product_brand","embeddable":true,"href":"https:\/\/www.rentaplazacarso.com\/pt-br\/wp-json\/wp\/v2\/product_brand?post=14016"},{"taxonomy":"product_cat","embeddable":true,"href":"https:\/\/www.rentaplazacarso.com\/pt-br\/wp-json\/wp\/v2\/product_cat?post=14016"},{"taxonomy":"product_tag","embeddable":true,"href":"https:\/\/www.rentaplazacarso.com\/pt-br\/wp-json\/wp\/v2\/product_tag?post=14016"}],"curies":[{"name":"wp","href":"https:\/\/api.w.org\/{rel}","templated":true}]}}