{"id":14015,"date":"2025-05-14T19:25:47","date_gmt":"2025-05-14T19:25:47","guid":{"rendered":"https:\/\/navajowhite-cat-613300.hostingersite.com\/espacos-muito-grandes-2-quartos\/"},"modified":"2025-06-30T23:43:14","modified_gmt":"2025-06-30T23:43:14","slug":"espacos-muito-grandes-2-quartos","status":"publish","type":"product","link":"https:\/\/www.rentaplazacarso.com\/pt-br\/product\/espacos-muito-grandes-2-quartos\/","title":{"rendered":"ESPA\u00c7OS MUITO GRANDES 2 QUARTOS"},"content":{"rendered":"<p>APARTAMENTO ESPA\u00c7OSO COM ESTILO E CONFORTO DE 118 M2: TEM 2 QUARTOS MUITO ESPA\u00c7OSOS, CADA UM COM BANHEIRO GRANDE E CLOSET. COZINHA ABERTA COM \u00c1REA DE SERVI\u00c7O. BANHEIRO PARA H\u00d3SPEDES. SALA DE ESTAR E JANTAR ESPA\u00c7OSA. COM JANELAS ENORMES EM TODAS AS \u00c1REAS QUE ENCHEM CADA CANTO DE LUZ NATURAL. COM VISTAS DE TIRAR O F\u00d4LEGO. ESPA\u00c7OS MUITO AMPLOS. MUITO BEM DISTRIBU\u00cdDO. 2 VAGAS DE GARAGEM. CONJUNTO COMPLETO DE COMODIDADES. VIGIL\u00c2NCIA 24 HORAS. ESTACIONAMENTO PARA VISITANTES. ESTRATEGICAMENTE LOCALIZADO EM UMA TORRE COM ACESSO A TODOS OS SERVI\u00c7OS AO REDOR.            <\/p>\n","protected":false},"excerpt":{"rendered":"<p>APARTAMENTO ESPA\u00c7OSO COM ESTILO E CONFORTO DE 118 M2: TEM 2 QUARTOS MUITO ESPA\u00c7OSOS, CADA UM COM BANHEIRO GRANDE E CLOSET. COZINHA ABERTA COM \u00c1REA DE SERVI\u00c7O. BANHEIRO PARA H\u00d3SPEDES. SALA DE ESTAR E JANTAR ESPA\u00c7OSA. COM JANELAS ENORMES EM TODAS AS \u00c1REAS QUE ENCHEM CADA CANTO DE LUZ NATURAL. COM VISTAS DE TIRAR O [&hellip;]<\/p>\n","protected":false},"featured_media":8916,"comment_status":"open","ping_status":"closed","template":"","meta":{"_joinchat":[]},"product_brand":[],"product_cat":[377,755,391],"product_tag":[691],"class_list":{"0":"post-14015","1":"product","2":"type-product","3":"status-publish","4":"has-post-thumbnail","6":"product_cat-departamentos","7":"product_cat-renoir-pt-br-2","8":"product_cat-venda","9":"product_tag-venda","11":"first","12":"instock","13":"shipping-taxable","14":"purchasable","15":"product-type-simple"},"_links":{"self":[{"href":"https:\/\/www.rentaplazacarso.com\/pt-br\/wp-json\/wp\/v2\/product\/14015","targetHints":{"allow":["GET"]}}],"collection":[{"href":"https:\/\/www.rentaplazacarso.com\/pt-br\/wp-json\/wp\/v2\/product"}],"about":[{"href":"https:\/\/www.rentaplazacarso.com\/pt-br\/wp-json\/wp\/v2\/types\/product"}],"replies":[{"embeddable":true,"href":"https:\/\/www.rentaplazacarso.com\/pt-br\/wp-json\/wp\/v2\/comments?post=14015"}],"wp:featuredmedia":[{"embeddable":true,"href":"https:\/\/www.rentaplazacarso.com\/pt-br\/wp-json\/wp\/v2\/media\/8916"}],"wp:attachment":[{"href":"https:\/\/www.rentaplazacarso.com\/pt-br\/wp-json\/wp\/v2\/media?parent=14015"}],"wp:term":[{"taxonomy":"product_brand","embeddable":true,"href":"https:\/\/www.rentaplazacarso.com\/pt-br\/wp-json\/wp\/v2\/product_brand?post=14015"},{"taxonomy":"product_cat","embeddable":true,"href":"https:\/\/www.rentaplazacarso.com\/pt-br\/wp-json\/wp\/v2\/product_cat?post=14015"},{"taxonomy":"product_tag","embeddable":true,"href":"https:\/\/www.rentaplazacarso.com\/pt-br\/wp-json\/wp\/v2\/product_tag?post=14015"}],"curies":[{"name":"wp","href":"https:\/\/api.w.org\/{rel}","templated":true}]}}