{"id":14008,"date":"2025-05-14T19:47:46","date_gmt":"2025-05-14T19:47:46","guid":{"rendered":"https:\/\/navajowhite-cat-613300.hostingersite.com\/belas-vistas-2-quartos-e-sala-de-estar\/"},"modified":"2025-09-03T16:46:43","modified_gmt":"2025-09-03T16:46:43","slug":"belas-vistas-2-quartos-e-sala-de-estar","status":"publish","type":"product","link":"https:\/\/www.rentaplazacarso.com\/pt-br\/product\/belas-vistas-2-quartos-e-sala-de-estar\/","title":{"rendered":"BELAS VISTAS 2 QUARTOS E SALA DE ESTAR"},"content":{"rendered":"<p>LINDO APARTAMENTO PARA VENDA NA PRA\u00c7A CARSO 2. COM ACESSO DIRETO \u00c0 PRA\u00c7A. 118 M2: 2 QUARTOS COM BANHEIRO COMPLETO E CLOSET. SALA DE ESTAR COM BANHEIRO COMPLETO. \u00c1REA DE LAVANDERIA. COZINHA ABERTA AGRAD\u00c1VEL. ESPA\u00c7OS AMPLOS. JANELAS ENORMES EM TODOS OS QUARTOS. MUITO LUMINOSA. ACABAMENTOS DE ALTA QUALIDADE. PISO DE MADEIRA. VISTAS ESPETACULARES. AR CONDICIONADO. 2 VAGAS DE GARAGEM. CONJUNTO COMPLETO DE COMODIDADES. LOCALIZA\u00c7\u00c3O IMBAT\u00cdVEL. VIGIL\u00c2NCIA 24 HORAS. ACESSO POR IMPRESS\u00c3O DIGITAL. ESTACIONAMENTO PARA VISITANTES. INCLUI DEP\u00d3SITO.                   <\/p>\n","protected":false},"excerpt":{"rendered":"<p>LINDO APARTAMENTO PARA VENDA NA PRA\u00c7A CARSO 2. COM ACESSO DIRETO \u00c0 PRA\u00c7A. 118 M2: 2 QUARTOS COM BANHEIRO COMPLETO E CLOSET. SALA DE ESTAR COM BANHEIRO COMPLETO. \u00c1REA DE LAVANDERIA. COZINHA ABERTA AGRAD\u00c1VEL. ESPA\u00c7OS AMPLOS. JANELAS ENORMES EM TODOS OS QUARTOS. MUITO LUMINOSA. ACABAMENTOS DE ALTA QUALIDADE. PISO DE MADEIRA. VISTAS ESPETACULARES. AR CONDICIONADO. [&hellip;]<\/p>\n","protected":false},"featured_media":9008,"comment_status":"open","ping_status":"closed","template":"","meta":{"_joinchat":[]},"product_brand":[],"product_cat":[377,752,391],"product_tag":[691],"class_list":{"0":"post-14008","1":"product","2":"type-product","3":"status-publish","4":"has-post-thumbnail","6":"product_cat-departamentos","7":"product_cat-pissarro-pt-br","8":"product_cat-venda","9":"product_tag-venda","11":"first","12":"instock","13":"shipping-taxable","14":"purchasable","15":"product-type-simple"},"_links":{"self":[{"href":"https:\/\/www.rentaplazacarso.com\/pt-br\/wp-json\/wp\/v2\/product\/14008","targetHints":{"allow":["GET"]}}],"collection":[{"href":"https:\/\/www.rentaplazacarso.com\/pt-br\/wp-json\/wp\/v2\/product"}],"about":[{"href":"https:\/\/www.rentaplazacarso.com\/pt-br\/wp-json\/wp\/v2\/types\/product"}],"replies":[{"embeddable":true,"href":"https:\/\/www.rentaplazacarso.com\/pt-br\/wp-json\/wp\/v2\/comments?post=14008"}],"wp:featuredmedia":[{"embeddable":true,"href":"https:\/\/www.rentaplazacarso.com\/pt-br\/wp-json\/wp\/v2\/media\/9008"}],"wp:attachment":[{"href":"https:\/\/www.rentaplazacarso.com\/pt-br\/wp-json\/wp\/v2\/media?parent=14008"}],"wp:term":[{"taxonomy":"product_brand","embeddable":true,"href":"https:\/\/www.rentaplazacarso.com\/pt-br\/wp-json\/wp\/v2\/product_brand?post=14008"},{"taxonomy":"product_cat","embeddable":true,"href":"https:\/\/www.rentaplazacarso.com\/pt-br\/wp-json\/wp\/v2\/product_cat?post=14008"},{"taxonomy":"product_tag","embeddable":true,"href":"https:\/\/www.rentaplazacarso.com\/pt-br\/wp-json\/wp\/v2\/product_tag?post=14008"}],"curies":[{"name":"wp","href":"https:\/\/api.w.org\/{rel}","templated":true}]}}