{"id":14007,"date":"2025-05-14T22:51:35","date_gmt":"2025-05-14T22:51:35","guid":{"rendered":"https:\/\/navajowhite-cat-613300.hostingersite.com\/vistas-espetaculares\/"},"modified":"2025-08-07T14:35:52","modified_gmt":"2025-08-07T14:35:52","slug":"vistas-espetaculares","status":"publish","type":"product","link":"https:\/\/www.rentaplazacarso.com\/pt-br\/product\/vistas-espetaculares\/","title":{"rendered":"VISTAS ESPETACULARES"},"content":{"rendered":"<p>INCR\u00cdVEL APARTAMENTO DE 240 M2, 3 QUARTOS CADA UM COM BANHEIRO COMPLETO. BANHEIRO SOCIAL. AMPLA SALA DE ESTAR E JANTAR. SALA DE FAM\u00cdLIA. VISTAS ESPETACULARES. COZINHA FECHADA COM DESPENSA. \u00c1REA DE LAVANDERIA. JANELAS ENORMES QUE D\u00c3O MUITA LUZ. 3 METROS DE P\u00c9 DIREITO. 3 VAGAS DE GARAGEM PARALELAS. ACESSO DIRETO AO SHOPPING CENTER. CONJUNTO COMPLETO DE COMODIDADES. ESTACIONAMENTO PARA VISITANTES. VIGIL\u00c2NCIA 24 HORAS.             <\/p>\n","protected":false},"excerpt":{"rendered":"<p>INCR\u00cdVEL APARTAMENTO DE 240 M2, 3 QUARTOS CADA UM COM BANHEIRO COMPLETO. BANHEIRO SOCIAL. AMPLA SALA DE ESTAR E JANTAR. SALA DE FAM\u00cdLIA. VISTAS ESPETACULARES. COZINHA FECHADA COM DESPENSA. \u00c1REA DE LAVANDERIA. JANELAS ENORMES QUE D\u00c3O MUITA LUZ. 3 METROS DE P\u00c9 DIREITO. 3 VAGAS DE GARAGEM PARALELAS. ACESSO DIRETO AO SHOPPING CENTER. CONJUNTO COMPLETO [&hellip;]<\/p>\n","protected":false},"featured_media":9670,"comment_status":"open","ping_status":"closed","template":"","meta":{"_joinchat":[]},"product_brand":[],"product_cat":[377,746,391],"product_tag":[691],"class_list":{"0":"post-14007","1":"product","2":"type-product","3":"status-publish","4":"has-post-thumbnail","6":"product_cat-departamentos","7":"product_cat-rodin-pt-br-2","8":"product_cat-venda","9":"product_tag-venda","11":"first","12":"instock","13":"shipping-taxable","14":"purchasable","15":"product-type-simple"},"_links":{"self":[{"href":"https:\/\/www.rentaplazacarso.com\/pt-br\/wp-json\/wp\/v2\/product\/14007","targetHints":{"allow":["GET"]}}],"collection":[{"href":"https:\/\/www.rentaplazacarso.com\/pt-br\/wp-json\/wp\/v2\/product"}],"about":[{"href":"https:\/\/www.rentaplazacarso.com\/pt-br\/wp-json\/wp\/v2\/types\/product"}],"replies":[{"embeddable":true,"href":"https:\/\/www.rentaplazacarso.com\/pt-br\/wp-json\/wp\/v2\/comments?post=14007"}],"wp:featuredmedia":[{"embeddable":true,"href":"https:\/\/www.rentaplazacarso.com\/pt-br\/wp-json\/wp\/v2\/media\/9670"}],"wp:attachment":[{"href":"https:\/\/www.rentaplazacarso.com\/pt-br\/wp-json\/wp\/v2\/media?parent=14007"}],"wp:term":[{"taxonomy":"product_brand","embeddable":true,"href":"https:\/\/www.rentaplazacarso.com\/pt-br\/wp-json\/wp\/v2\/product_brand?post=14007"},{"taxonomy":"product_cat","embeddable":true,"href":"https:\/\/www.rentaplazacarso.com\/pt-br\/wp-json\/wp\/v2\/product_cat?post=14007"},{"taxonomy":"product_tag","embeddable":true,"href":"https:\/\/www.rentaplazacarso.com\/pt-br\/wp-json\/wp\/v2\/product_tag?post=14007"}],"curies":[{"name":"wp","href":"https:\/\/api.w.org\/{rel}","templated":true}]}}