{"id":14003,"date":"2025-05-14T23:14:14","date_gmt":"2025-05-14T23:14:14","guid":{"rendered":"https:\/\/navajowhite-cat-613300.hostingersite.com\/espetacular-3-quartos-sala-de-estar-quarto-de-empregada\/"},"modified":"2025-08-07T14:38:20","modified_gmt":"2025-08-07T14:38:20","slug":"espetacular-3-quartos-sala-de-estar-quarto-de-empregada","status":"publish","type":"product","link":"https:\/\/www.rentaplazacarso.com\/pt-br\/product\/espetacular-3-quartos-sala-de-estar-quarto-de-empregada\/","title":{"rendered":"ESPETACULAR 3 QUARTOS, SALA DE ESTAR, QUARTO DE EMPREGADA"},"content":{"rendered":"<p>ESPETACULAR APARTAMENTO DE LUXO TOTALMENTE MOBILIADO E EQUIPADO. VISTAS DE TIRAR O F\u00d4LEGO. 240 M2 COM 2 QUARTOS, CADA UM COM BANHEIRO COMPLETO E AMPLO CLOSET. COZINHA ESPA\u00c7OSA EM PLANO ABERTO TOTALMENTE EQUIPADA COM M\u00c1QUINA DE LAVAR LOU\u00c7A INCLU\u00cdDA. DESPENSA E \u00c1REA DE SERVI\u00c7O. QUARTO DE EMPREGADA. BANHEIRO DE H\u00d3SPEDES. SALA DE FAM\u00cdLIA. ESCRIT\u00d3RIO. ENORME SALA DE JANTAR. P\u00c9 DIREITO DE 3 METROS COM JANELAS ENORMES EM TODOS OS C\u00d4MODOS, QUE D\u00c3O MUITA LUZ E AMPLITUDE. ESPA\u00c7OS MUITO AMPLOS. PISO DE MADEIRA. AR CONDICIONADO. PORTA DA FRENTE BLINDADA. PERSIANAS EL\u00c9TRICAS. ACABAMENTOS SUPER LUXO. 3 VAGAS DE GARAGEM. ACESSO DIRETO \u00c0 PRA\u00c7A. CONJUNTO COMPLETO DE COMODIDADES. VIGIL\u00c2NCIA 24 HORAS. ESTACIONAMENTO PARA VISITANTES. TORRE MUITO BEM LOCALIZADA COM TODOS OS SERVI\u00c7OS AO REDOR. DEP\u00d3SITO INCLU\u00cdDO.                       <\/p>\n","protected":false},"excerpt":{"rendered":"<p>ESPETACULAR APARTAMENTO DE LUXO TOTALMENTE MOBILIADO E EQUIPADO. VISTAS DE TIRAR O F\u00d4LEGO. 240 M2 COM 2 QUARTOS, CADA UM COM BANHEIRO COMPLETO E AMPLO CLOSET. COZINHA ESPA\u00c7OSA EM PLANO ABERTO TOTALMENTE EQUIPADA COM M\u00c1QUINA DE LAVAR LOU\u00c7A INCLU\u00cdDA. DESPENSA E \u00c1REA DE SERVI\u00c7O. QUARTO DE EMPREGADA. BANHEIRO DE H\u00d3SPEDES. SALA DE FAM\u00cdLIA. ESCRIT\u00d3RIO. ENORME [&hellip;]<\/p>\n","protected":false},"featured_media":9846,"comment_status":"open","ping_status":"closed","template":"","meta":{"_joinchat":[]},"product_brand":[],"product_cat":[747,377,391],"product_tag":[691],"class_list":{"0":"post-14003","1":"product","2":"type-product","3":"status-publish","4":"has-post-thumbnail","6":"product_cat-dali-pt-br-2","7":"product_cat-departamentos","8":"product_cat-venda","9":"product_tag-venda","11":"first","12":"instock","13":"shipping-taxable","14":"purchasable","15":"product-type-simple"},"_links":{"self":[{"href":"https:\/\/www.rentaplazacarso.com\/pt-br\/wp-json\/wp\/v2\/product\/14003","targetHints":{"allow":["GET"]}}],"collection":[{"href":"https:\/\/www.rentaplazacarso.com\/pt-br\/wp-json\/wp\/v2\/product"}],"about":[{"href":"https:\/\/www.rentaplazacarso.com\/pt-br\/wp-json\/wp\/v2\/types\/product"}],"replies":[{"embeddable":true,"href":"https:\/\/www.rentaplazacarso.com\/pt-br\/wp-json\/wp\/v2\/comments?post=14003"}],"wp:featuredmedia":[{"embeddable":true,"href":"https:\/\/www.rentaplazacarso.com\/pt-br\/wp-json\/wp\/v2\/media\/9846"}],"wp:attachment":[{"href":"https:\/\/www.rentaplazacarso.com\/pt-br\/wp-json\/wp\/v2\/media?parent=14003"}],"wp:term":[{"taxonomy":"product_brand","embeddable":true,"href":"https:\/\/www.rentaplazacarso.com\/pt-br\/wp-json\/wp\/v2\/product_brand?post=14003"},{"taxonomy":"product_cat","embeddable":true,"href":"https:\/\/www.rentaplazacarso.com\/pt-br\/wp-json\/wp\/v2\/product_cat?post=14003"},{"taxonomy":"product_tag","embeddable":true,"href":"https:\/\/www.rentaplazacarso.com\/pt-br\/wp-json\/wp\/v2\/product_tag?post=14003"}],"curies":[{"name":"wp","href":"https:\/\/api.w.org\/{rel}","templated":true}]}}