{"id":14000,"date":"2025-05-14T23:35:41","date_gmt":"2025-05-14T23:35:41","guid":{"rendered":"https:\/\/navajowhite-cat-613300.hostingersite.com\/incrivel-apartamento-na-torre-v-i-p\/"},"modified":"2025-08-07T14:33:29","modified_gmt":"2025-08-07T14:33:29","slug":"incrivel-apartamento-na-torre-v-i-p","status":"publish","type":"product","link":"https:\/\/www.rentaplazacarso.com\/pt-br\/product\/incrivel-apartamento-na-torre-v-i-p\/","title":{"rendered":"INCR\u00cdVEL APARTAMENTO NA TORRE V.I.P."},"content":{"rendered":"<p>INCR\u00cdVEL APARTAMENTO NOVO NA EXCLUSIVA TORRE V.I.P. DA PLAZA CARSO. 220 M2. 2 QUARTOS COM POSSIBILIDADE DE 3. CADA UM COM BANHEIRO COMPLETO E CLOSET. BANHEIRO SOCIAL. BELA COZINHA IMPORTADA DA IT\u00c1LIA. \u00c1REA DE LAVANDERIA. SALA DE SERVI\u00c7O. QUARTOS ESPA\u00c7OSOS. VISTA ESPETACULAR PARA O MUSEU SOUMAYA. ACABAMENTOS SUPER LUXUOSOS: PORCELANATO ITALIANO, LUMIN\u00c1RIAS LUTRON COM DOM\u00d3TICA, PERSIANAS AUTOM\u00c1TICAS DE POANA PRETA COM DOM\u00d3TICA, PISO LAMINADO DE MADEIRA ALEM\u00c3. JANELAS ENORMES EM TODOS OS C\u00d4MODOS. AR CONDICIONADO. 3 VAGAS DE GARAGEM. CONJUNTO COMPLETO DE COMODIDADES. VIGIL\u00c2NCIA 24 HORAS. ESTACIONAMENTO PARA VISITANTES. LOCALIZA\u00c7\u00c3O PERFEITA.                 <\/p>\n","protected":false},"excerpt":{"rendered":"<p>INCR\u00cdVEL APARTAMENTO NOVO NA EXCLUSIVA TORRE V.I.P. DA PLAZA CARSO. 220 M2. 2 QUARTOS COM POSSIBILIDADE DE 3. CADA UM COM BANHEIRO COMPLETO E CLOSET. BANHEIRO SOCIAL. BELA COZINHA IMPORTADA DA IT\u00c1LIA. \u00c1REA DE LAVANDERIA. SALA DE SERVI\u00c7O. QUARTOS ESPA\u00c7OSOS. VISTA ESPETACULAR PARA O MUSEU SOUMAYA. ACABAMENTOS SUPER LUXUOSOS: PORCELANATO ITALIANO, LUMIN\u00c1RIAS LUTRON COM DOM\u00d3TICA, [&hellip;]<\/p>\n","protected":false},"featured_media":10057,"comment_status":"open","ping_status":"closed","template":"","meta":{"_joinchat":[]},"product_brand":[],"product_cat":[743,377,391],"product_tag":[691],"class_list":{"0":"post-14000","1":"product","2":"type-product","3":"status-publish","4":"has-post-thumbnail","6":"product_cat-a-v-i-p-pt-br","7":"product_cat-departamentos","8":"product_cat-venda","9":"product_tag-venda","11":"first","12":"instock","13":"shipping-taxable","14":"purchasable","15":"product-type-simple"},"_links":{"self":[{"href":"https:\/\/www.rentaplazacarso.com\/pt-br\/wp-json\/wp\/v2\/product\/14000","targetHints":{"allow":["GET"]}}],"collection":[{"href":"https:\/\/www.rentaplazacarso.com\/pt-br\/wp-json\/wp\/v2\/product"}],"about":[{"href":"https:\/\/www.rentaplazacarso.com\/pt-br\/wp-json\/wp\/v2\/types\/product"}],"replies":[{"embeddable":true,"href":"https:\/\/www.rentaplazacarso.com\/pt-br\/wp-json\/wp\/v2\/comments?post=14000"}],"wp:featuredmedia":[{"embeddable":true,"href":"https:\/\/www.rentaplazacarso.com\/pt-br\/wp-json\/wp\/v2\/media\/10057"}],"wp:attachment":[{"href":"https:\/\/www.rentaplazacarso.com\/pt-br\/wp-json\/wp\/v2\/media?parent=14000"}],"wp:term":[{"taxonomy":"product_brand","embeddable":true,"href":"https:\/\/www.rentaplazacarso.com\/pt-br\/wp-json\/wp\/v2\/product_brand?post=14000"},{"taxonomy":"product_cat","embeddable":true,"href":"https:\/\/www.rentaplazacarso.com\/pt-br\/wp-json\/wp\/v2\/product_cat?post=14000"},{"taxonomy":"product_tag","embeddable":true,"href":"https:\/\/www.rentaplazacarso.com\/pt-br\/wp-json\/wp\/v2\/product_tag?post=14000"}],"curies":[{"name":"wp","href":"https:\/\/api.w.org\/{rel}","templated":true}]}}