{"id":13997,"date":"2025-05-15T17:36:54","date_gmt":"2025-05-15T17:36:54","guid":{"rendered":"https:\/\/navajowhite-cat-613300.hostingersite.com\/canto-2-quartos-e-sala-de-estar\/"},"modified":"2025-08-07T15:00:42","modified_gmt":"2025-08-07T15:00:42","slug":"canto-2-quartos-e-sala-de-estar","status":"publish","type":"product","link":"https:\/\/www.rentaplazacarso.com\/pt-br\/product\/canto-2-quartos-e-sala-de-estar\/","title":{"rendered":"CANTO: 2 QUARTOS E SALA DE ESTAR"},"content":{"rendered":"<p>LINDO APARTAMENTO DE 120 M2; DE ESQUINA, 2 QUARTOS E SALA DE ESTAR OU TERCEIRO QUARTO. 2 BANHEIROS COMPLETOS. BANHEIRO SOCIAL. \u00c1REA DE LAVANDERIA. AMPLA SALA DE ESTAR E JANTAR. LINDA COZINHA ABERTA. VEM COM GELADEIRA E CENTRO DE LAVANDERIA. MUITO LUMINOSO. ACABAMENTOS DE PRIMEIRA QUALIDADE. 2 VAGAS DE GARAGEM. CONJUNTO COMPLETO DE COMODIDADES. VIGIL\u00c2NCIA 24 HORAS. ESTACIONAMENTO PARA VISITANTES. ACESSO DIRETO AO SHOPPING CENTER. MUITO SILENCIOSO. TORRE MUITO BEM LOCALIZADA. MANUTEN\u00c7\u00c3O INCLU\u00cdDA NO ALUGUEL. ALUGUEL M\u00cdNIMO POR UM ANO. ***Orienta\u00e7\u00e3o e vistas podem variar***.                  <\/p>\n","protected":false},"excerpt":{"rendered":"<p>LINDO APARTAMENTO DE 120 M2; DE ESQUINA, 2 QUARTOS E SALA DE ESTAR OU TERCEIRO QUARTO. 2 BANHEIROS COMPLETOS. BANHEIRO SOCIAL. \u00c1REA DE LAVANDERIA. AMPLA SALA DE ESTAR E JANTAR. LINDA COZINHA ABERTA. VEM COM GELADEIRA E CENTRO DE LAVANDERIA. MUITO LUMINOSO. ACABAMENTOS DE PRIMEIRA QUALIDADE. 2 VAGAS DE GARAGEM. CONJUNTO COMPLETO DE COMODIDADES. VIGIL\u00c2NCIA [&hellip;]<\/p>\n","protected":false},"featured_media":11325,"comment_status":"open","ping_status":"closed","template":"","meta":{"_joinchat":[]},"product_brand":[],"product_cat":[378,379,377],"product_tag":[668],"class_list":{"0":"post-13997","1":"product","2":"type-product","3":"status-publish","4":"has-post-thumbnail","6":"product_cat-aluguel","7":"product_cat-claudel-pt-br","8":"product_cat-departamentos","9":"product_tag-aluguel","11":"first","12":"instock","13":"shipping-taxable","14":"purchasable","15":"product-type-simple"},"_links":{"self":[{"href":"https:\/\/www.rentaplazacarso.com\/pt-br\/wp-json\/wp\/v2\/product\/13997","targetHints":{"allow":["GET"]}}],"collection":[{"href":"https:\/\/www.rentaplazacarso.com\/pt-br\/wp-json\/wp\/v2\/product"}],"about":[{"href":"https:\/\/www.rentaplazacarso.com\/pt-br\/wp-json\/wp\/v2\/types\/product"}],"replies":[{"embeddable":true,"href":"https:\/\/www.rentaplazacarso.com\/pt-br\/wp-json\/wp\/v2\/comments?post=13997"}],"wp:featuredmedia":[{"embeddable":true,"href":"https:\/\/www.rentaplazacarso.com\/pt-br\/wp-json\/wp\/v2\/media\/11325"}],"wp:attachment":[{"href":"https:\/\/www.rentaplazacarso.com\/pt-br\/wp-json\/wp\/v2\/media?parent=13997"}],"wp:term":[{"taxonomy":"product_brand","embeddable":true,"href":"https:\/\/www.rentaplazacarso.com\/pt-br\/wp-json\/wp\/v2\/product_brand?post=13997"},{"taxonomy":"product_cat","embeddable":true,"href":"https:\/\/www.rentaplazacarso.com\/pt-br\/wp-json\/wp\/v2\/product_cat?post=13997"},{"taxonomy":"product_tag","embeddable":true,"href":"https:\/\/www.rentaplazacarso.com\/pt-br\/wp-json\/wp\/v2\/product_tag?post=13997"}],"curies":[{"name":"wp","href":"https:\/\/api.w.org\/{rel}","templated":true}]}}