{"id":13996,"date":"2025-05-15T17:14:20","date_gmt":"2025-05-15T17:14:20","guid":{"rendered":"https:\/\/navajowhite-cat-613300.hostingersite.com\/decoracao-moderna-1-quarto\/"},"modified":"2025-08-07T15:10:15","modified_gmt":"2025-08-07T15:10:15","slug":"decoracao-moderna-1-quarto","status":"publish","type":"product","link":"https:\/\/www.rentaplazacarso.com\/pt-br\/product\/decoracao-moderna-1-quarto\/","title":{"rendered":"DECORA\u00c7\u00c3O MODERNA 1 QUARTO"},"content":{"rendered":"<p>APARTAMENTO TOTALMENTE MOBILIADO E EQUIPADO. 71 M2, 1 QUARTO COM BANHEIRO COMPLETO E CLOSET. COZINHA ABERTA E AGRAD\u00c1VEL. \u00c1REA DE LAVANDERIA. SALA DE ESTAR E JANTAR ESPA\u00c7OSA. BANHEIRO DE H\u00d3SPEDES COM DUAS PORTAS QUE SE COMUNICA COM O QUARTO. AMPLAS JANELAS DE VIDRO QUE PROPORCIONAM MUITA LUZ. PISO DE MADEIRA. ACABAMENTOS DE ALTA QUALIDADE. 1 VAGA DE GARAGEM. CONJUNTO COMPLETO DE COMODIDADES. VIGIL\u00c2NCIA 24 HORAS. ESTACIONAMENTO PARA VISITANTES. TORRE MUITO TRANQUILA E MUITO BEM LOCALIZADA. MANUTEN\u00c7\u00c3O INCLU\u00cdDA NO ALUGUEL. ALUGUEL SOMENTE POR LONGOS PER\u00cdODOS.               <\/p>\n","protected":false},"excerpt":{"rendered":"<p>APARTAMENTO TOTALMENTE MOBILIADO E EQUIPADO. 71 M2, 1 QUARTO COM BANHEIRO COMPLETO E CLOSET. COZINHA ABERTA E AGRAD\u00c1VEL. \u00c1REA DE LAVANDERIA. SALA DE ESTAR E JANTAR ESPA\u00c7OSA. BANHEIRO DE H\u00d3SPEDES COM DUAS PORTAS QUE SE COMUNICA COM O QUARTO. AMPLAS JANELAS DE VIDRO QUE PROPORCIONAM MUITA LUZ. PISO DE MADEIRA. ACABAMENTOS DE ALTA QUALIDADE. 1 [&hellip;]<\/p>\n","protected":false},"featured_media":10944,"comment_status":"open","ping_status":"closed","template":"","meta":{"_joinchat":[]},"product_brand":[],"product_cat":[378,725,377],"product_tag":[668],"class_list":{"0":"post-13996","1":"product","2":"type-product","3":"status-publish","4":"has-post-thumbnail","6":"product_cat-aluguel","7":"product_cat-cezanne-pt-br","8":"product_cat-departamentos","9":"product_tag-aluguel","11":"first","12":"instock","13":"shipping-taxable","14":"purchasable","15":"product-type-simple"},"_links":{"self":[{"href":"https:\/\/www.rentaplazacarso.com\/pt-br\/wp-json\/wp\/v2\/product\/13996","targetHints":{"allow":["GET"]}}],"collection":[{"href":"https:\/\/www.rentaplazacarso.com\/pt-br\/wp-json\/wp\/v2\/product"}],"about":[{"href":"https:\/\/www.rentaplazacarso.com\/pt-br\/wp-json\/wp\/v2\/types\/product"}],"replies":[{"embeddable":true,"href":"https:\/\/www.rentaplazacarso.com\/pt-br\/wp-json\/wp\/v2\/comments?post=13996"}],"wp:featuredmedia":[{"embeddable":true,"href":"https:\/\/www.rentaplazacarso.com\/pt-br\/wp-json\/wp\/v2\/media\/10944"}],"wp:attachment":[{"href":"https:\/\/www.rentaplazacarso.com\/pt-br\/wp-json\/wp\/v2\/media?parent=13996"}],"wp:term":[{"taxonomy":"product_brand","embeddable":true,"href":"https:\/\/www.rentaplazacarso.com\/pt-br\/wp-json\/wp\/v2\/product_brand?post=13996"},{"taxonomy":"product_cat","embeddable":true,"href":"https:\/\/www.rentaplazacarso.com\/pt-br\/wp-json\/wp\/v2\/product_cat?post=13996"},{"taxonomy":"product_tag","embeddable":true,"href":"https:\/\/www.rentaplazacarso.com\/pt-br\/wp-json\/wp\/v2\/product_tag?post=13996"}],"curies":[{"name":"wp","href":"https:\/\/api.w.org\/{rel}","templated":true}]}}