{"id":13993,"date":"2025-05-15T18:14:24","date_gmt":"2025-05-15T18:14:24","guid":{"rendered":"https:\/\/navajowhite-cat-613300.hostingersite.com\/mobiliado-2-dormitorios\/"},"modified":"2026-01-21T18:02:28","modified_gmt":"2026-01-21T18:02:28","slug":"mobiliado-2-dormitorios","status":"publish","type":"product","link":"https:\/\/www.rentaplazacarso.com\/pt-br\/product\/mobiliado-2-dormitorios\/","title":{"rendered":"MOBILIADO 2 DORMIT\u00d3RIOS"},"content":{"rendered":"<p>LINDO APARTAMENTO PARA ALUGAR DE 110 M2 COMPLETAMENTE MOBILIADO E EQUIPADO MUITO BEM. 2 QUARTOS CADA UM COM BANHEIRO COMPLETO. QUARTO PRINCIPAL COM CLOSET. AMPLA SALA DE ESTAR E JANTAR. COZINHA ABERTA E AGRAD\u00c1VEL. \u00c1REA DE LAVANDERIA. MOBILIADO E DECORADO MUITO BEM. JANELAS ENORMES QUE D\u00c3O MUITA LUZ. ACABAMENTOS DE ALTA QUALIDADE. DISTRIBUI\u00c7\u00c3O PERFEITA. PERSIANAS EL\u00c9TRICAS. VISTAS AGRAD\u00c1VEIS. EM PERFEITO ESTADO. 2 VAGAS DE GARAGEM. CONJUNTO COMPLETO DE COMODIDADES. ESTACIONAMENTO PARA VISITANTES. VIGIL\u00c2NCIA 24 HORAS. TORRE MUITO BEM LOCALIZADA COM TODOS OS SERVI\u00c7OS AO REDOR. ESTADIA M\u00cdNIMA DE UM ANO. AP\u00d3LICE OBRIGAT\u00d3RIA, CUSTO 21.611 PESOS.                   <\/p>\n","protected":false},"excerpt":{"rendered":"<p>LINDO APARTAMENTO PARA ALUGAR DE 110 M2 COMPLETAMENTE MOBILIADO E EQUIPADO MUITO BEM. 2 QUARTOS CADA UM COM BANHEIRO COMPLETO. QUARTO PRINCIPAL COM CLOSET. AMPLA SALA DE ESTAR E JANTAR. COZINHA ABERTA E AGRAD\u00c1VEL. \u00c1REA DE LAVANDERIA. MOBILIADO E DECORADO MUITO BEM. JANELAS ENORMES QUE D\u00c3O MUITA LUZ. ACABAMENTOS DE ALTA QUALIDADE. DISTRIBUI\u00c7\u00c3O PERFEITA. PERSIANAS [&hellip;]<\/p>\n","protected":false},"featured_media":11609,"comment_status":"open","ping_status":"closed","template":"","meta":{"_joinchat":[]},"product_brand":[],"product_cat":[378,377,734],"product_tag":[668],"class_list":{"0":"post-13993","1":"product","2":"type-product","3":"status-publish","4":"has-post-thumbnail","6":"product_cat-aluguel","7":"product_cat-departamentos","8":"product_cat-renoir-pt-br","9":"product_tag-aluguel","11":"first","12":"instock","13":"shipping-taxable","14":"purchasable","15":"product-type-simple"},"_links":{"self":[{"href":"https:\/\/www.rentaplazacarso.com\/pt-br\/wp-json\/wp\/v2\/product\/13993","targetHints":{"allow":["GET"]}}],"collection":[{"href":"https:\/\/www.rentaplazacarso.com\/pt-br\/wp-json\/wp\/v2\/product"}],"about":[{"href":"https:\/\/www.rentaplazacarso.com\/pt-br\/wp-json\/wp\/v2\/types\/product"}],"replies":[{"embeddable":true,"href":"https:\/\/www.rentaplazacarso.com\/pt-br\/wp-json\/wp\/v2\/comments?post=13993"}],"wp:featuredmedia":[{"embeddable":true,"href":"https:\/\/www.rentaplazacarso.com\/pt-br\/wp-json\/wp\/v2\/media\/11609"}],"wp:attachment":[{"href":"https:\/\/www.rentaplazacarso.com\/pt-br\/wp-json\/wp\/v2\/media?parent=13993"}],"wp:term":[{"taxonomy":"product_brand","embeddable":true,"href":"https:\/\/www.rentaplazacarso.com\/pt-br\/wp-json\/wp\/v2\/product_brand?post=13993"},{"taxonomy":"product_cat","embeddable":true,"href":"https:\/\/www.rentaplazacarso.com\/pt-br\/wp-json\/wp\/v2\/product_cat?post=13993"},{"taxonomy":"product_tag","embeddable":true,"href":"https:\/\/www.rentaplazacarso.com\/pt-br\/wp-json\/wp\/v2\/product_tag?post=13993"}],"curies":[{"name":"wp","href":"https:\/\/api.w.org\/{rel}","templated":true}]}}