{"id":13991,"date":"2025-05-15T17:25:51","date_gmt":"2025-05-15T17:25:51","guid":{"rendered":"https:\/\/navajowhite-cat-613300.hostingersite.com\/apartamento-mobiliado-de-3-quartos-muito-espacoso\/"},"modified":"2026-01-21T18:03:49","modified_gmt":"2026-01-21T18:03:49","slug":"apartamento-mobiliado-de-3-quartos-muito-espacoso","status":"publish","type":"product","link":"https:\/\/www.rentaplazacarso.com\/pt-br\/product\/apartamento-mobiliado-de-3-quartos-muito-espacoso\/","title":{"rendered":"APARTAMENTO MOBILIADO DE 3 QUARTOS MUITO ESPA\u00c7OSO"},"content":{"rendered":"<p>APARTAMENTO DE 150 M2. TOTALMENTE MOBILIADO E EQUIPADO. 3 QUARTOS, CADA UM COM BANHEIRO COMPLETO. QUARTO PRINCIPAL COM CLOSET. SALA DE ESTAR E JANTAR ESPA\u00c7OSA. BELA COZINHA ABERTA. APARTAMENTO DE ESQUINA COM JANELAS ENORMES EM TODOS OS C\u00d4MODOS QUE D\u00c3O MUITA LUZ. \u00c1REA DE LAVANDERIA. BANHEIRO SOCIAL. 2 VAGAS DE GARAGEM. CONJUNTO COMPLETO DE COMODIDADES. VIGIL\u00c2NCIA 24 HORAS. LOCALIZA\u00c7\u00c3O PERFEITA. MANUTEN\u00c7\u00c3O INCLU\u00cdDA NO ALUGUEL. PER\u00cdODO M\u00cdNIMO DE ALUGUEL DE UM ANO.              <\/p>\n","protected":false},"excerpt":{"rendered":"<p>APARTAMENTO DE 150 M2. TOTALMENTE MOBILIADO E EQUIPADO. 3 QUARTOS, CADA UM COM BANHEIRO COMPLETO. QUARTO PRINCIPAL COM CLOSET. SALA DE ESTAR E JANTAR ESPA\u00c7OSA. BELA COZINHA ABERTA. APARTAMENTO DE ESQUINA COM JANELAS ENORMES EM TODOS OS C\u00d4MODOS QUE D\u00c3O MUITA LUZ. \u00c1REA DE LAVANDERIA. BANHEIRO SOCIAL. 2 VAGAS DE GARAGEM. CONJUNTO COMPLETO DE COMODIDADES. [&hellip;]<\/p>\n","protected":false},"featured_media":11218,"comment_status":"open","ping_status":"closed","template":"","meta":{"_joinchat":[]},"product_brand":[],"product_cat":[378,393,377],"product_tag":[668],"class_list":{"0":"post-13991","1":"product","2":"type-product","3":"status-publish","4":"has-post-thumbnail","6":"product_cat-aluguel","7":"product_cat-botticelli-pt-br","8":"product_cat-departamentos","9":"product_tag-aluguel","11":"first","12":"instock","13":"shipping-taxable","14":"purchasable","15":"product-type-simple"},"_links":{"self":[{"href":"https:\/\/www.rentaplazacarso.com\/pt-br\/wp-json\/wp\/v2\/product\/13991","targetHints":{"allow":["GET"]}}],"collection":[{"href":"https:\/\/www.rentaplazacarso.com\/pt-br\/wp-json\/wp\/v2\/product"}],"about":[{"href":"https:\/\/www.rentaplazacarso.com\/pt-br\/wp-json\/wp\/v2\/types\/product"}],"replies":[{"embeddable":true,"href":"https:\/\/www.rentaplazacarso.com\/pt-br\/wp-json\/wp\/v2\/comments?post=13991"}],"wp:featuredmedia":[{"embeddable":true,"href":"https:\/\/www.rentaplazacarso.com\/pt-br\/wp-json\/wp\/v2\/media\/11218"}],"wp:attachment":[{"href":"https:\/\/www.rentaplazacarso.com\/pt-br\/wp-json\/wp\/v2\/media?parent=13991"}],"wp:term":[{"taxonomy":"product_brand","embeddable":true,"href":"https:\/\/www.rentaplazacarso.com\/pt-br\/wp-json\/wp\/v2\/product_brand?post=13991"},{"taxonomy":"product_cat","embeddable":true,"href":"https:\/\/www.rentaplazacarso.com\/pt-br\/wp-json\/wp\/v2\/product_cat?post=13991"},{"taxonomy":"product_tag","embeddable":true,"href":"https:\/\/www.rentaplazacarso.com\/pt-br\/wp-json\/wp\/v2\/product_tag?post=13991"}],"curies":[{"name":"wp","href":"https:\/\/api.w.org\/{rel}","templated":true}]}}